{"id":4727,"date":"2026-04-24T15:51:17","date_gmt":"2026-04-24T15:51:17","guid":{"rendered":"https:\/\/petag.com\/?post_type=product&#038;p=4727"},"modified":"2026-04-24T18:40:05","modified_gmt":"2026-04-24T18:40:05","slug":"esbilac-2nd-step-alimento-para-el-destete-de-cachorros-copy","status":"publish","type":"product","link":"https:\/\/petag.com\/es\/products\/esbilac-2nd-step-alimento-para-el-destete-de-cachorros-copy\/","title":{"rendered":"Esbilac\u00ae 2nd Step\u2122 Alimento para el destete de cachorros (Copy)"},"content":{"rendered":"<p>Cereal cremoso de transici\u00f3n para cachorros de 4 a 8 semanas que proporciona una dieta para introducir a los cachorros lactantes en la alimentaci\u00f3n s\u00f3lida.<\/p>\n<ul>\n<li>Formulado para seguir a <sup>Esbilac\u00ae<\/sup>, Goat&#8217;s Milk <sup>Esbilac\u00ae<\/sup> o la leche materna.<\/li>\n<li>Incluye DHA beneficioso para el desarrollo visual y cognitivo \u00f3ptimo de los animales j\u00f3venes.<\/li>\n<li>Contiene carne de vacuno y prote\u00ednas naturales de la leche.<\/li>\n<li>Alta digestibilidad y comodidad de uso.<\/li>\n<li>El polvo no requiere refrigeraci\u00f3n.<\/li>\n<\/ul>\n","protected":false},"excerpt":{"rendered":"<p>F\u00f3rmula en polvo para el destete de cachorros con DHA, prote\u00ednas l\u00e1cteas naturales, vitaminas y minerales para cachorros de 4 a 8 semanas de edad &#8211; F\u00e1cil de digerir<\/p>\n","protected":false},"featured_media":4741,"comment_status":"open","ping_status":"closed","template":"","meta":{"_et_pb_use_builder":"","_et_pb_old_content":"","_et_gb_content_width":""},"product_brand":[],"product_cat":[53],"product_tag":[146],"animal-type":[65],"class_list":{"0":"post-4727","1":"product","2":"type-product","3":"status-publish","4":"has-post-thumbnail","6":"product_cat-leches-y-nutricion","7":"product_tag-favorito-de-los-fans","8":"pa_sizes-14-oz-5lb-es","9":"animal-type-perros-y-cachorros","11":"first","12":"instock","13":"product-type-simple"},"yoast_head":"<!-- This site is optimized with the Yoast SEO plugin v27.4 - https:\/\/yoast.com\/product\/yoast-seo-wordpress\/ -->\n<title>Esbilac\u00ae 2nd Step\u2122 Alimento para el destete de cachorros (Copy) | PetAg<\/title>\n<meta name=\"robots\" content=\"index, follow, max-snippet:-1, max-image-preview:large, max-video-preview:-1\" \/>\n<link rel=\"canonical\" href=\"https:\/\/petag.com\/es\/products\/esbilac-2nd-step-alimento-para-el-destete-de-cachorros-copy\/\" \/>\n<meta property=\"og:locale\" content=\"es_ES\" \/>\n<meta property=\"og:type\" content=\"article\" \/>\n<meta property=\"og:title\" content=\"Esbilac\u00ae 2nd Step\u2122 Alimento para el destete de cachorros (Copy) | PetAg\" \/>\n<meta property=\"og:description\" content=\"F\u00f3rmula en polvo para el destete de cachorros con DHA, prote\u00ednas l\u00e1cteas naturales, vitaminas y minerales para cachorros de 4 a 8 semanas de edad - F\u00e1cil de digerir\" \/>\n<meta property=\"og:url\" content=\"https:\/\/petag.com\/es\/products\/esbilac-2nd-step-alimento-para-el-destete-de-cachorros-copy\/\" \/>\n<meta property=\"og:site_name\" content=\"PetAg\" \/>\n<meta property=\"article:publisher\" content=\"https:\/\/www.facebook.com\/petagproducts\/\" \/>\n<meta property=\"article:modified_time\" content=\"2026-04-24T18:40:05+00:00\" \/>\n<meta property=\"og:image\" content=\"https:\/\/petag.com\/wp-content\/uploads\/2026\/04\/Esbilac-HD-1.webp\" \/>\n\t<meta property=\"og:image:width\" content=\"1024\" \/>\n\t<meta property=\"og:image:height\" content=\"1024\" \/>\n\t<meta property=\"og:image:type\" content=\"image\/webp\" \/>\n<meta name=\"twitter:card\" content=\"summary_large_image\" \/>\n<script type=\"application\/ld+json\" class=\"yoast-schema-graph\">{\"@context\":\"https:\\\/\\\/schema.org\",\"@graph\":[{\"@type\":\"WebPage\",\"@id\":\"https:\\\/\\\/petag.com\\\/es\\\/products\\\/esbilac-2nd-step-alimento-para-el-destete-de-cachorros-copy\\\/\",\"url\":\"https:\\\/\\\/petag.com\\\/es\\\/products\\\/esbilac-2nd-step-alimento-para-el-destete-de-cachorros-copy\\\/\",\"name\":\"Esbilac\u00ae 2nd Step\u2122 Alimento para el destete de cachorros (Copy) | PetAg\",\"isPartOf\":{\"@id\":\"https:\\\/\\\/petag.com\\\/es\\\/#website\"},\"primaryImageOfPage\":{\"@id\":\"https:\\\/\\\/petag.com\\\/es\\\/products\\\/esbilac-2nd-step-alimento-para-el-destete-de-cachorros-copy\\\/#primaryimage\"},\"image\":{\"@id\":\"https:\\\/\\\/petag.com\\\/es\\\/products\\\/esbilac-2nd-step-alimento-para-el-destete-de-cachorros-copy\\\/#primaryimage\"},\"thumbnailUrl\":\"https:\\\/\\\/petag.com\\\/wp-content\\\/uploads\\\/2026\\\/04\\\/Esbilac-HD-1.webp\",\"datePublished\":\"2026-04-24T15:51:17+00:00\",\"dateModified\":\"2026-04-24T18:40:05+00:00\",\"breadcrumb\":{\"@id\":\"https:\\\/\\\/petag.com\\\/es\\\/products\\\/esbilac-2nd-step-alimento-para-el-destete-de-cachorros-copy\\\/#breadcrumb\"},\"inLanguage\":\"es\",\"potentialAction\":[{\"@type\":\"ReadAction\",\"target\":[\"https:\\\/\\\/petag.com\\\/es\\\/products\\\/esbilac-2nd-step-alimento-para-el-destete-de-cachorros-copy\\\/\"]}]},{\"@type\":\"ImageObject\",\"inLanguage\":\"es\",\"@id\":\"https:\\\/\\\/petag.com\\\/es\\\/products\\\/esbilac-2nd-step-alimento-para-el-destete-de-cachorros-copy\\\/#primaryimage\",\"url\":\"https:\\\/\\\/petag.com\\\/wp-content\\\/uploads\\\/2026\\\/04\\\/Esbilac-HD-1.webp\",\"contentUrl\":\"https:\\\/\\\/petag.com\\\/wp-content\\\/uploads\\\/2026\\\/04\\\/Esbilac-HD-1.webp\",\"width\":1024,\"height\":1024},{\"@type\":\"BreadcrumbList\",\"@id\":\"https:\\\/\\\/petag.com\\\/es\\\/products\\\/esbilac-2nd-step-alimento-para-el-destete-de-cachorros-copy\\\/#breadcrumb\",\"itemListElement\":[{\"@type\":\"ListItem\",\"position\":1,\"name\":\"Home\",\"item\":\"https:\\\/\\\/petag.com\\\/es\\\/home\\\/\"},{\"@type\":\"ListItem\",\"position\":2,\"name\":\"Productos\",\"item\":\"https:\\\/\\\/petag.com\\\/es\\\/products\\\/\"},{\"@type\":\"ListItem\",\"position\":3,\"name\":\"Esbilac\u00ae 2nd Step\u2122 Alimento para el destete de cachorros (Copy)\"}]},{\"@type\":\"WebSite\",\"@id\":\"https:\\\/\\\/petag.com\\\/es\\\/#website\",\"url\":\"https:\\\/\\\/petag.com\\\/es\\\/\",\"name\":\"PetAg\",\"description\":\"Care for animals with newborn nutrition, supplements and grooming solutions\",\"publisher\":{\"@id\":\"https:\\\/\\\/petag.com\\\/es\\\/#organization\"},\"potentialAction\":[{\"@type\":\"SearchAction\",\"target\":{\"@type\":\"EntryPoint\",\"urlTemplate\":\"https:\\\/\\\/petag.com\\\/es\\\/?s={search_term_string}\"},\"query-input\":{\"@type\":\"PropertyValueSpecification\",\"valueRequired\":true,\"valueName\":\"search_term_string\"}}],\"inLanguage\":\"es\"},{\"@type\":\"Organization\",\"@id\":\"https:\\\/\\\/petag.com\\\/es\\\/#organization\",\"name\":\"Pet-Ag, Inc.\",\"url\":\"https:\\\/\\\/petag.com\\\/es\\\/\",\"logo\":{\"@type\":\"ImageObject\",\"inLanguage\":\"es\",\"@id\":\"https:\\\/\\\/petag.com\\\/es\\\/#\\\/schema\\\/logo\\\/image\\\/\",\"url\":\"https:\\\/\\\/petag.com\\\/wp-content\\\/uploads\\\/2025\\\/05\\\/PetAg_Logo_mainnav.png\",\"contentUrl\":\"https:\\\/\\\/petag.com\\\/wp-content\\\/uploads\\\/2025\\\/05\\\/PetAg_Logo_mainnav.png\",\"width\":307,\"height\":236,\"caption\":\"Pet-Ag, Inc.\"},\"image\":{\"@id\":\"https:\\\/\\\/petag.com\\\/es\\\/#\\\/schema\\\/logo\\\/image\\\/\"},\"sameAs\":[\"https:\\\/\\\/www.facebook.com\\\/petagproducts\\\/\",\"https:\\\/\\\/www.instagram.com\\\/petagpetproducts\\\/\",\"https:\\\/\\\/www.linkedin.com\\\/company\\\/petag-inc-\\\/\",\"https:\\\/\\\/www.youtube.com\\\/@PetAgEveryAnimalEveryDay\"]}]}<\/script>\n<!-- \/ Yoast SEO plugin. -->","yoast_head_json":{"title":"Esbilac\u00ae 2nd Step\u2122 Alimento para el destete de cachorros (Copy) | PetAg","robots":{"index":"index","follow":"follow","max-snippet":"max-snippet:-1","max-image-preview":"max-image-preview:large","max-video-preview":"max-video-preview:-1"},"canonical":"https:\/\/petag.com\/es\/products\/esbilac-2nd-step-alimento-para-el-destete-de-cachorros-copy\/","og_locale":"es_ES","og_type":"article","og_title":"Esbilac\u00ae 2nd Step\u2122 Alimento para el destete de cachorros (Copy) | PetAg","og_description":"F\u00f3rmula en polvo para el destete de cachorros con DHA, prote\u00ednas l\u00e1cteas naturales, vitaminas y minerales para cachorros de 4 a 8 semanas de edad - F\u00e1cil de digerir","og_url":"https:\/\/petag.com\/es\/products\/esbilac-2nd-step-alimento-para-el-destete-de-cachorros-copy\/","og_site_name":"PetAg","article_publisher":"https:\/\/www.facebook.com\/petagproducts\/","article_modified_time":"2026-04-24T18:40:05+00:00","og_image":[{"width":1024,"height":1024,"url":"https:\/\/petag.com\/wp-content\/uploads\/2026\/04\/Esbilac-HD-1.webp","type":"image\/webp"}],"twitter_card":"summary_large_image","schema":{"@context":"https:\/\/schema.org","@graph":[{"@type":"WebPage","@id":"https:\/\/petag.com\/es\/products\/esbilac-2nd-step-alimento-para-el-destete-de-cachorros-copy\/","url":"https:\/\/petag.com\/es\/products\/esbilac-2nd-step-alimento-para-el-destete-de-cachorros-copy\/","name":"Esbilac\u00ae 2nd Step\u2122 Alimento para el destete de cachorros (Copy) | PetAg","isPartOf":{"@id":"https:\/\/petag.com\/es\/#website"},"primaryImageOfPage":{"@id":"https:\/\/petag.com\/es\/products\/esbilac-2nd-step-alimento-para-el-destete-de-cachorros-copy\/#primaryimage"},"image":{"@id":"https:\/\/petag.com\/es\/products\/esbilac-2nd-step-alimento-para-el-destete-de-cachorros-copy\/#primaryimage"},"thumbnailUrl":"https:\/\/petag.com\/wp-content\/uploads\/2026\/04\/Esbilac-HD-1.webp","datePublished":"2026-04-24T15:51:17+00:00","dateModified":"2026-04-24T18:40:05+00:00","breadcrumb":{"@id":"https:\/\/petag.com\/es\/products\/esbilac-2nd-step-alimento-para-el-destete-de-cachorros-copy\/#breadcrumb"},"inLanguage":"es","potentialAction":[{"@type":"ReadAction","target":["https:\/\/petag.com\/es\/products\/esbilac-2nd-step-alimento-para-el-destete-de-cachorros-copy\/"]}]},{"@type":"ImageObject","inLanguage":"es","@id":"https:\/\/petag.com\/es\/products\/esbilac-2nd-step-alimento-para-el-destete-de-cachorros-copy\/#primaryimage","url":"https:\/\/petag.com\/wp-content\/uploads\/2026\/04\/Esbilac-HD-1.webp","contentUrl":"https:\/\/petag.com\/wp-content\/uploads\/2026\/04\/Esbilac-HD-1.webp","width":1024,"height":1024},{"@type":"BreadcrumbList","@id":"https:\/\/petag.com\/es\/products\/esbilac-2nd-step-alimento-para-el-destete-de-cachorros-copy\/#breadcrumb","itemListElement":[{"@type":"ListItem","position":1,"name":"Home","item":"https:\/\/petag.com\/es\/home\/"},{"@type":"ListItem","position":2,"name":"Productos","item":"https:\/\/petag.com\/es\/products\/"},{"@type":"ListItem","position":3,"name":"Esbilac\u00ae 2nd Step\u2122 Alimento para el destete de cachorros (Copy)"}]},{"@type":"WebSite","@id":"https:\/\/petag.com\/es\/#website","url":"https:\/\/petag.com\/es\/","name":"PetAg","description":"Care for animals with newborn nutrition, supplements and grooming solutions","publisher":{"@id":"https:\/\/petag.com\/es\/#organization"},"potentialAction":[{"@type":"SearchAction","target":{"@type":"EntryPoint","urlTemplate":"https:\/\/petag.com\/es\/?s={search_term_string}"},"query-input":{"@type":"PropertyValueSpecification","valueRequired":true,"valueName":"search_term_string"}}],"inLanguage":"es"},{"@type":"Organization","@id":"https:\/\/petag.com\/es\/#organization","name":"Pet-Ag, Inc.","url":"https:\/\/petag.com\/es\/","logo":{"@type":"ImageObject","inLanguage":"es","@id":"https:\/\/petag.com\/es\/#\/schema\/logo\/image\/","url":"https:\/\/petag.com\/wp-content\/uploads\/2025\/05\/PetAg_Logo_mainnav.png","contentUrl":"https:\/\/petag.com\/wp-content\/uploads\/2025\/05\/PetAg_Logo_mainnav.png","width":307,"height":236,"caption":"Pet-Ag, Inc."},"image":{"@id":"https:\/\/petag.com\/es\/#\/schema\/logo\/image\/"},"sameAs":["https:\/\/www.facebook.com\/petagproducts\/","https:\/\/www.instagram.com\/petagpetproducts\/","https:\/\/www.linkedin.com\/company\/petag-inc-\/","https:\/\/www.youtube.com\/@PetAgEveryAnimalEveryDay"]}]}},"_links":{"self":[{"href":"https:\/\/petag.com\/es\/wp-json\/wp\/v2\/product\/4727","targetHints":{"allow":["GET"]}}],"collection":[{"href":"https:\/\/petag.com\/es\/wp-json\/wp\/v2\/product"}],"about":[{"href":"https:\/\/petag.com\/es\/wp-json\/wp\/v2\/types\/product"}],"replies":[{"embeddable":true,"href":"https:\/\/petag.com\/es\/wp-json\/wp\/v2\/comments?post=4727"}],"wp:featuredmedia":[{"embeddable":true,"href":"https:\/\/petag.com\/es\/wp-json\/wp\/v2\/media\/4741"}],"wp:attachment":[{"href":"https:\/\/petag.com\/es\/wp-json\/wp\/v2\/media?parent=4727"}],"wp:term":[{"taxonomy":"product_brand","embeddable":true,"href":"https:\/\/petag.com\/es\/wp-json\/wp\/v2\/product_brand?post=4727"},{"taxonomy":"product_cat","embeddable":true,"href":"https:\/\/petag.com\/es\/wp-json\/wp\/v2\/product_cat?post=4727"},{"taxonomy":"product_tag","embeddable":true,"href":"https:\/\/petag.com\/es\/wp-json\/wp\/v2\/product_tag?post=4727"},{"taxonomy":"animal-type","embeddable":true,"href":"https:\/\/petag.com\/es\/wp-json\/wp\/v2\/animal-type?post=4727"}],"curies":[{"name":"wp","href":"https:\/\/api.w.org\/{rel}","templated":true}]}}