{"id":4479,"date":"2026-01-28T16:55:18","date_gmt":"2026-01-28T16:55:18","guid":{"rendered":"https:\/\/petag.com\/?post_type=product&#038;p=4479"},"modified":"2026-01-28T20:43:19","modified_gmt":"2026-01-28T20:43:19","slug":"goats-milk-esbilac-puppy-milk-replacer-liquid","status":"publish","type":"product","link":"https:\/\/petag.com\/es\/products\/goats-milk-esbilac-puppy-milk-replacer-liquid\/","title":{"rendered":"Esbilac\u00ae Leche de Cabra L\u00edquida"},"content":{"rendered":"<p style=\"padding-bottom: 1em;\">Esbilac Goat&#8217;s Milk, la mejor alternativa a la leche materna, est\u00e1 elaborada con prote\u00ednas de leche entera de cabra para cachorros con sistemas digestivos sensibles. Proporciona todos los elementos nutricionales necesarios para los cachorros, desde reci\u00e9n nacidos hasta las seis semanas de edad. <\/p>\n<ul>\n<li style=\"padding-bottom: 0.75em;\"><strong>NUEVO ENVASE TETRA PAK:<\/strong> Port\u00e1til, resellable y fabricado con papel de origen responsable. Reduce las emisiones de CO\u2082 frente al pl\u00e1stico y utiliza un proceso as\u00e9ptico para garantizar la seguridad y la frescura. Bueno para su mascota y para el planeta.  <\/li>\n<li style=\"padding-bottom: 0.75em;\"><strong>F\u00c1CIL DE DIGERIR:<\/strong> Esbilac Goat&#8217;s Milk es altamente palatable y est\u00e1 formulado con una mezcla especial de fibras para facilitar la digesti\u00f3n y mejorar la salud intestinal. Esta f\u00f3rmula completa y equilibrada contiene prote\u00ednas, grasas e hidratos de carbono. <\/li>\n<li><strong>F\u00d3RMULA F\u00c1CIL DE USAR:<\/strong> Agitar suavemente antes de usar. Calentar Esbilac a temperatura ambiente o corporal antes de servir. El envase abierto debe refrigerarse y desecharse despu\u00e9s de 72 horas.  <\/li>\n<\/ul>\n","protected":false},"excerpt":{"rendered":"<p>F\u00f3rmula para cachorros lista para comer con vitaminas, minerales y oligoelementos para cachorros reci\u00e9n nacidos hasta las seis semanas de edad &#8211; Para sistemas digestivos sensibles<\/p>\n","protected":false},"featured_media":4490,"comment_status":"closed","ping_status":"closed","template":"","meta":{"_et_pb_use_builder":"","_et_pb_old_content":"","_et_gb_content_width":""},"product_brand":[],"product_cat":[53],"product_tag":[178],"animal-type":[65],"class_list":{"0":"post-4479","1":"product","2":"type-product","3":"status-publish","4":"has-post-thumbnail","6":"product_cat-leches-y-nutricion","7":"product_tag-nuevo-producto","8":"pa_sizes-16-oz","9":"animal-type-perros-y-cachorros","11":"first","12":"instock","13":"product-type-simple"},"yoast_head":"<!-- This site is optimized with the Yoast SEO plugin v27.3 - https:\/\/yoast.com\/product\/yoast-seo-wordpress\/ -->\n<title>Esbilac\u00ae Leche de Cabra L\u00edquida<\/title>\n<meta name=\"description\" content=\"F\u00f3rmula para cachorros lista para comer con vitaminas, minerales y oligoelementos para cachorros reci\u00e9n nacidos hasta las seis semanas de edad - Para sistemas digestivos sensibles\" \/>\n<meta name=\"robots\" content=\"index, follow, max-snippet:-1, max-image-preview:large, max-video-preview:-1\" \/>\n<link rel=\"canonical\" href=\"https:\/\/petag.com\/es\/products\/goats-milk-esbilac-puppy-milk-replacer-liquid\/\" \/>\n<meta property=\"og:locale\" content=\"es_ES\" \/>\n<meta property=\"og:type\" content=\"article\" \/>\n<meta property=\"og:title\" content=\"Esbilac\u00ae Leche de Cabra L\u00edquida\" \/>\n<meta property=\"og:description\" content=\"F\u00f3rmula para cachorros lista para comer con vitaminas, minerales y oligoelementos para cachorros reci\u00e9n nacidos hasta las seis semanas de edad - Para sistemas digestivos sensibles\" \/>\n<meta property=\"og:url\" content=\"https:\/\/petag.com\/es\/products\/goats-milk-esbilac-puppy-milk-replacer-liquid\/\" \/>\n<meta property=\"og:site_name\" content=\"PetAg\" \/>\n<meta property=\"article:publisher\" content=\"https:\/\/www.facebook.com\/petagproducts\/\" \/>\n<meta property=\"article:modified_time\" content=\"2026-01-28T20:43:19+00:00\" \/>\n<meta property=\"og:image\" content=\"https:\/\/petag.com\/wp-content\/uploads\/2026\/01\/Goats-Milk-Esbilac-16oz-Front.png\" \/>\n\t<meta property=\"og:image:width\" content=\"1024\" \/>\n\t<meta property=\"og:image:height\" content=\"1024\" \/>\n\t<meta property=\"og:image:type\" content=\"image\/png\" \/>\n<meta name=\"twitter:card\" content=\"summary_large_image\" \/>\n<meta name=\"twitter:label1\" content=\"Est. reading time\" \/>\n\t<meta name=\"twitter:data1\" content=\"3 minutos\" \/>\n<script type=\"application\/ld+json\" class=\"yoast-schema-graph\">{\"@context\":\"https:\\\/\\\/schema.org\",\"@graph\":[{\"@type\":\"WebPage\",\"@id\":\"https:\\\/\\\/petag.com\\\/es\\\/products\\\/goats-milk-esbilac-puppy-milk-replacer-liquid\\\/\",\"url\":\"https:\\\/\\\/petag.com\\\/es\\\/products\\\/goats-milk-esbilac-puppy-milk-replacer-liquid\\\/\",\"name\":\"Esbilac\u00ae Leche de Cabra L\u00edquida\",\"isPartOf\":{\"@id\":\"https:\\\/\\\/petag.com\\\/es\\\/#website\"},\"primaryImageOfPage\":{\"@id\":\"https:\\\/\\\/petag.com\\\/es\\\/products\\\/goats-milk-esbilac-puppy-milk-replacer-liquid\\\/#primaryimage\"},\"image\":{\"@id\":\"https:\\\/\\\/petag.com\\\/es\\\/products\\\/goats-milk-esbilac-puppy-milk-replacer-liquid\\\/#primaryimage\"},\"thumbnailUrl\":\"https:\\\/\\\/petag.com\\\/wp-content\\\/uploads\\\/2026\\\/01\\\/Goats-Milk-Esbilac-16oz-Front.png\",\"datePublished\":\"2026-01-28T16:55:18+00:00\",\"dateModified\":\"2026-01-28T20:43:19+00:00\",\"description\":\"F\u00f3rmula para cachorros lista para comer con vitaminas, minerales y oligoelementos para cachorros reci\u00e9n nacidos hasta las seis semanas de edad - Para sistemas digestivos sensibles\",\"breadcrumb\":{\"@id\":\"https:\\\/\\\/petag.com\\\/es\\\/products\\\/goats-milk-esbilac-puppy-milk-replacer-liquid\\\/#breadcrumb\"},\"inLanguage\":\"es\",\"potentialAction\":[{\"@type\":\"ReadAction\",\"target\":[\"https:\\\/\\\/petag.com\\\/es\\\/products\\\/goats-milk-esbilac-puppy-milk-replacer-liquid\\\/\"]}]},{\"@type\":\"ImageObject\",\"inLanguage\":\"es\",\"@id\":\"https:\\\/\\\/petag.com\\\/es\\\/products\\\/goats-milk-esbilac-puppy-milk-replacer-liquid\\\/#primaryimage\",\"url\":\"https:\\\/\\\/petag.com\\\/wp-content\\\/uploads\\\/2026\\\/01\\\/Goats-Milk-Esbilac-16oz-Front.png\",\"contentUrl\":\"https:\\\/\\\/petag.com\\\/wp-content\\\/uploads\\\/2026\\\/01\\\/Goats-Milk-Esbilac-16oz-Front.png\",\"width\":1024,\"height\":1024,\"caption\":\"Esbilac\u00ae Leche de Cabra L\u00edquida\"},{\"@type\":\"BreadcrumbList\",\"@id\":\"https:\\\/\\\/petag.com\\\/es\\\/products\\\/goats-milk-esbilac-puppy-milk-replacer-liquid\\\/#breadcrumb\",\"itemListElement\":[{\"@type\":\"ListItem\",\"position\":1,\"name\":\"Home\",\"item\":\"https:\\\/\\\/petag.com\\\/es\\\/home\\\/\"},{\"@type\":\"ListItem\",\"position\":2,\"name\":\"Productos\",\"item\":\"https:\\\/\\\/petag.com\\\/es\\\/products\\\/\"},{\"@type\":\"ListItem\",\"position\":3,\"name\":\"Esbilac\u00ae Leche de Cabra L\u00edquida\"}]},{\"@type\":\"WebSite\",\"@id\":\"https:\\\/\\\/petag.com\\\/es\\\/#website\",\"url\":\"https:\\\/\\\/petag.com\\\/es\\\/\",\"name\":\"PetAg\",\"description\":\"Care for animals with newborn nutrition, supplements and grooming solutions\",\"publisher\":{\"@id\":\"https:\\\/\\\/petag.com\\\/es\\\/#organization\"},\"potentialAction\":[{\"@type\":\"SearchAction\",\"target\":{\"@type\":\"EntryPoint\",\"urlTemplate\":\"https:\\\/\\\/petag.com\\\/es\\\/?s={search_term_string}\"},\"query-input\":{\"@type\":\"PropertyValueSpecification\",\"valueRequired\":true,\"valueName\":\"search_term_string\"}}],\"inLanguage\":\"es\"},{\"@type\":\"Organization\",\"@id\":\"https:\\\/\\\/petag.com\\\/es\\\/#organization\",\"name\":\"Pet-Ag, Inc.\",\"url\":\"https:\\\/\\\/petag.com\\\/es\\\/\",\"logo\":{\"@type\":\"ImageObject\",\"inLanguage\":\"es\",\"@id\":\"https:\\\/\\\/petag.com\\\/es\\\/#\\\/schema\\\/logo\\\/image\\\/\",\"url\":\"https:\\\/\\\/petag.com\\\/wp-content\\\/uploads\\\/2025\\\/05\\\/PetAg_Logo_mainnav.png\",\"contentUrl\":\"https:\\\/\\\/petag.com\\\/wp-content\\\/uploads\\\/2025\\\/05\\\/PetAg_Logo_mainnav.png\",\"width\":307,\"height\":236,\"caption\":\"Pet-Ag, Inc.\"},\"image\":{\"@id\":\"https:\\\/\\\/petag.com\\\/es\\\/#\\\/schema\\\/logo\\\/image\\\/\"},\"sameAs\":[\"https:\\\/\\\/www.facebook.com\\\/petagproducts\\\/\",\"https:\\\/\\\/www.instagram.com\\\/petagpetproducts\\\/\",\"https:\\\/\\\/www.linkedin.com\\\/company\\\/petag-inc-\\\/\",\"https:\\\/\\\/www.youtube.com\\\/@PetAgEveryAnimalEveryDay\"]}]}<\/script>\n<!-- \/ Yoast SEO plugin. -->","yoast_head_json":{"title":"Esbilac\u00ae Leche de Cabra L\u00edquida","description":"F\u00f3rmula para cachorros lista para comer con vitaminas, minerales y oligoelementos para cachorros reci\u00e9n nacidos hasta las seis semanas de edad - Para sistemas digestivos sensibles","robots":{"index":"index","follow":"follow","max-snippet":"max-snippet:-1","max-image-preview":"max-image-preview:large","max-video-preview":"max-video-preview:-1"},"canonical":"https:\/\/petag.com\/es\/products\/goats-milk-esbilac-puppy-milk-replacer-liquid\/","og_locale":"es_ES","og_type":"article","og_title":"Esbilac\u00ae Leche de Cabra L\u00edquida","og_description":"F\u00f3rmula para cachorros lista para comer con vitaminas, minerales y oligoelementos para cachorros reci\u00e9n nacidos hasta las seis semanas de edad - Para sistemas digestivos sensibles","og_url":"https:\/\/petag.com\/es\/products\/goats-milk-esbilac-puppy-milk-replacer-liquid\/","og_site_name":"PetAg","article_publisher":"https:\/\/www.facebook.com\/petagproducts\/","article_modified_time":"2026-01-28T20:43:19+00:00","og_image":[{"width":1024,"height":1024,"url":"https:\/\/petag.com\/wp-content\/uploads\/2026\/01\/Goats-Milk-Esbilac-16oz-Front.png","type":"image\/png"}],"twitter_card":"summary_large_image","twitter_misc":{"Est. reading time":"3 minutos"},"schema":{"@context":"https:\/\/schema.org","@graph":[{"@type":"WebPage","@id":"https:\/\/petag.com\/es\/products\/goats-milk-esbilac-puppy-milk-replacer-liquid\/","url":"https:\/\/petag.com\/es\/products\/goats-milk-esbilac-puppy-milk-replacer-liquid\/","name":"Esbilac\u00ae Leche de Cabra L\u00edquida","isPartOf":{"@id":"https:\/\/petag.com\/es\/#website"},"primaryImageOfPage":{"@id":"https:\/\/petag.com\/es\/products\/goats-milk-esbilac-puppy-milk-replacer-liquid\/#primaryimage"},"image":{"@id":"https:\/\/petag.com\/es\/products\/goats-milk-esbilac-puppy-milk-replacer-liquid\/#primaryimage"},"thumbnailUrl":"https:\/\/petag.com\/wp-content\/uploads\/2026\/01\/Goats-Milk-Esbilac-16oz-Front.png","datePublished":"2026-01-28T16:55:18+00:00","dateModified":"2026-01-28T20:43:19+00:00","description":"F\u00f3rmula para cachorros lista para comer con vitaminas, minerales y oligoelementos para cachorros reci\u00e9n nacidos hasta las seis semanas de edad - Para sistemas digestivos sensibles","breadcrumb":{"@id":"https:\/\/petag.com\/es\/products\/goats-milk-esbilac-puppy-milk-replacer-liquid\/#breadcrumb"},"inLanguage":"es","potentialAction":[{"@type":"ReadAction","target":["https:\/\/petag.com\/es\/products\/goats-milk-esbilac-puppy-milk-replacer-liquid\/"]}]},{"@type":"ImageObject","inLanguage":"es","@id":"https:\/\/petag.com\/es\/products\/goats-milk-esbilac-puppy-milk-replacer-liquid\/#primaryimage","url":"https:\/\/petag.com\/wp-content\/uploads\/2026\/01\/Goats-Milk-Esbilac-16oz-Front.png","contentUrl":"https:\/\/petag.com\/wp-content\/uploads\/2026\/01\/Goats-Milk-Esbilac-16oz-Front.png","width":1024,"height":1024,"caption":"Esbilac\u00ae Leche de Cabra L\u00edquida"},{"@type":"BreadcrumbList","@id":"https:\/\/petag.com\/es\/products\/goats-milk-esbilac-puppy-milk-replacer-liquid\/#breadcrumb","itemListElement":[{"@type":"ListItem","position":1,"name":"Home","item":"https:\/\/petag.com\/es\/home\/"},{"@type":"ListItem","position":2,"name":"Productos","item":"https:\/\/petag.com\/es\/products\/"},{"@type":"ListItem","position":3,"name":"Esbilac\u00ae Leche de Cabra L\u00edquida"}]},{"@type":"WebSite","@id":"https:\/\/petag.com\/es\/#website","url":"https:\/\/petag.com\/es\/","name":"PetAg","description":"Care for animals with newborn nutrition, supplements and grooming solutions","publisher":{"@id":"https:\/\/petag.com\/es\/#organization"},"potentialAction":[{"@type":"SearchAction","target":{"@type":"EntryPoint","urlTemplate":"https:\/\/petag.com\/es\/?s={search_term_string}"},"query-input":{"@type":"PropertyValueSpecification","valueRequired":true,"valueName":"search_term_string"}}],"inLanguage":"es"},{"@type":"Organization","@id":"https:\/\/petag.com\/es\/#organization","name":"Pet-Ag, Inc.","url":"https:\/\/petag.com\/es\/","logo":{"@type":"ImageObject","inLanguage":"es","@id":"https:\/\/petag.com\/es\/#\/schema\/logo\/image\/","url":"https:\/\/petag.com\/wp-content\/uploads\/2025\/05\/PetAg_Logo_mainnav.png","contentUrl":"https:\/\/petag.com\/wp-content\/uploads\/2025\/05\/PetAg_Logo_mainnav.png","width":307,"height":236,"caption":"Pet-Ag, Inc."},"image":{"@id":"https:\/\/petag.com\/es\/#\/schema\/logo\/image\/"},"sameAs":["https:\/\/www.facebook.com\/petagproducts\/","https:\/\/www.instagram.com\/petagpetproducts\/","https:\/\/www.linkedin.com\/company\/petag-inc-\/","https:\/\/www.youtube.com\/@PetAgEveryAnimalEveryDay"]}]}},"_links":{"self":[{"href":"https:\/\/petag.com\/es\/wp-json\/wp\/v2\/product\/4479","targetHints":{"allow":["GET"]}}],"collection":[{"href":"https:\/\/petag.com\/es\/wp-json\/wp\/v2\/product"}],"about":[{"href":"https:\/\/petag.com\/es\/wp-json\/wp\/v2\/types\/product"}],"replies":[{"embeddable":true,"href":"https:\/\/petag.com\/es\/wp-json\/wp\/v2\/comments?post=4479"}],"wp:featuredmedia":[{"embeddable":true,"href":"https:\/\/petag.com\/es\/wp-json\/wp\/v2\/media\/4490"}],"wp:attachment":[{"href":"https:\/\/petag.com\/es\/wp-json\/wp\/v2\/media?parent=4479"}],"wp:term":[{"taxonomy":"product_brand","embeddable":true,"href":"https:\/\/petag.com\/es\/wp-json\/wp\/v2\/product_brand?post=4479"},{"taxonomy":"product_cat","embeddable":true,"href":"https:\/\/petag.com\/es\/wp-json\/wp\/v2\/product_cat?post=4479"},{"taxonomy":"product_tag","embeddable":true,"href":"https:\/\/petag.com\/es\/wp-json\/wp\/v2\/product_tag?post=4479"},{"taxonomy":"animal-type","embeddable":true,"href":"https:\/\/petag.com\/es\/wp-json\/wp\/v2\/animal-type?post=4479"}],"curies":[{"name":"wp","href":"https:\/\/api.w.org\/{rel}","templated":true}]}}