{"id":2476,"date":"2025-07-10T17:42:21","date_gmt":"2025-07-10T17:42:21","guid":{"rendered":"https:\/\/petagstg.wpenginepowered.com\/products\/calcio-fosforo-comprimidos\/"},"modified":"2025-07-30T15:59:19","modified_gmt":"2025-07-30T15:59:19","slug":"calcium-phosphorus-tablets","status":"publish","type":"product","link":"https:\/\/petag.com\/es\/products\/calcium-phosphorus-tablets\/","title":{"rendered":"Calcium Phosphorus Comprimidos"},"content":{"rendered":"<p>Calcium Phosphorus Tablets es un suplemento nutricional diario que proporciona una fuente suplementaria de calcio y f\u00f3sforo para cachorros y gatitos. Proporcionar estos dos minerales en una formulaci\u00f3n biol\u00f3gicamente disponible ayuda a promover el desarrollo \u00f3ptimo de los huesos y los dientes durante el per\u00edodo de r\u00e1pido crecimiento. <\/p>\n<ul>\n<li>Aporta calcio y f\u00f3sforo en una proporci\u00f3n similar a las recomendaciones del National Research Council para perros y gatos. Esta proporci\u00f3n es importante para la utilizaci\u00f3n eficaz de los minerales. <\/li>\n<li>Enriquecido con vitamina D necesaria para la utilizaci\u00f3n del calcio y el f\u00f3sforo en el animal.<\/li>\n<li>Ideal para periodos de crecimiento r\u00e1pido, gestaci\u00f3n y lactancia.<\/li>\n<li>Se pueden dar a mano o desmenuzar y ofrecer con la comida y est\u00e1n rayados para facilitar la alimentaci\u00f3n.<\/li>\n<\/ul>\n","protected":false},"excerpt":{"rendered":"<p>Suplemento masticable de uso diario para perros y gatos a partir de 12 semanas &#8211; Enriquecido con vitamina D<\/p>\n","protected":false},"featured_media":1901,"comment_status":"closed","ping_status":"closed","template":"","meta":{"_et_pb_use_builder":"","_et_pb_old_content":"","_et_gb_content_width":""},"product_brand":[],"product_cat":[54],"product_tag":[],"animal-type":[63,65],"class_list":{"0":"post-2476","1":"product","2":"type-product","3":"status-publish","4":"has-post-thumbnail","6":"product_cat-suplementos-para-la-salud","7":"pa_sizes-50-ct-es","8":"animal-type-cats","9":"animal-type-perros-y-cachorros","11":"first","12":"instock","13":"product-type-simple"},"yoast_head":"<!-- This site is optimized with the Yoast SEO plugin v27.4 - https:\/\/yoast.com\/product\/yoast-seo-wordpress\/ -->\n<title>Calcium Phosphorus Comprimidos | PetAg<\/title>\n<meta name=\"robots\" content=\"index, follow, max-snippet:-1, max-image-preview:large, max-video-preview:-1\" \/>\n<link rel=\"canonical\" href=\"https:\/\/petag.com\/es\/products\/calcium-phosphorus-tablets\/\" \/>\n<meta property=\"og:locale\" content=\"es_ES\" \/>\n<meta property=\"og:type\" content=\"article\" \/>\n<meta property=\"og:title\" content=\"Calcium Phosphorus Comprimidos | PetAg\" \/>\n<meta property=\"og:description\" content=\"Suplemento masticable de uso diario para perros y gatos a partir de 12 semanas - Enriquecido con vitamina D\" \/>\n<meta property=\"og:url\" content=\"https:\/\/petag.com\/es\/products\/calcium-phosphorus-tablets\/\" \/>\n<meta property=\"og:site_name\" content=\"PetAg\" \/>\n<meta property=\"article:publisher\" content=\"https:\/\/www.facebook.com\/petagproducts\/\" \/>\n<meta property=\"article:modified_time\" content=\"2025-07-30T15:59:19+00:00\" \/>\n<meta property=\"og:image\" content=\"https:\/\/petag.com\/wp-content\/uploads\/2025\/07\/99622-Calcium_Phosphorus_Tablets_50ct-Frnt-1.png\" \/>\n\t<meta property=\"og:image:width\" content=\"1024\" \/>\n\t<meta property=\"og:image:height\" content=\"1024\" \/>\n\t<meta property=\"og:image:type\" content=\"image\/png\" \/>\n<meta name=\"twitter:card\" content=\"summary_large_image\" \/>\n<meta name=\"twitter:label1\" content=\"Est. reading time\" \/>\n\t<meta name=\"twitter:data1\" content=\"1 minuto\" \/>\n<script type=\"application\/ld+json\" class=\"yoast-schema-graph\">{\"@context\":\"https:\\\/\\\/schema.org\",\"@graph\":[{\"@type\":\"WebPage\",\"@id\":\"https:\\\/\\\/petag.com\\\/es\\\/products\\\/calcium-phosphorus-tablets\\\/\",\"url\":\"https:\\\/\\\/petag.com\\\/es\\\/products\\\/calcium-phosphorus-tablets\\\/\",\"name\":\"Calcium Phosphorus Comprimidos | PetAg\",\"isPartOf\":{\"@id\":\"https:\\\/\\\/petag.com\\\/es\\\/#website\"},\"primaryImageOfPage\":{\"@id\":\"https:\\\/\\\/petag.com\\\/es\\\/products\\\/calcium-phosphorus-tablets\\\/#primaryimage\"},\"image\":{\"@id\":\"https:\\\/\\\/petag.com\\\/es\\\/products\\\/calcium-phosphorus-tablets\\\/#primaryimage\"},\"thumbnailUrl\":\"https:\\\/\\\/petag.com\\\/wp-content\\\/uploads\\\/2025\\\/07\\\/99622-Calcium_Phosphorus_Tablets_50ct-Frnt-1.png\",\"datePublished\":\"2025-07-10T17:42:21+00:00\",\"dateModified\":\"2025-07-30T15:59:19+00:00\",\"breadcrumb\":{\"@id\":\"https:\\\/\\\/petag.com\\\/es\\\/products\\\/calcium-phosphorus-tablets\\\/#breadcrumb\"},\"inLanguage\":\"es\",\"potentialAction\":[{\"@type\":\"ReadAction\",\"target\":[\"https:\\\/\\\/petag.com\\\/es\\\/products\\\/calcium-phosphorus-tablets\\\/\"]}]},{\"@type\":\"ImageObject\",\"inLanguage\":\"es\",\"@id\":\"https:\\\/\\\/petag.com\\\/es\\\/products\\\/calcium-phosphorus-tablets\\\/#primaryimage\",\"url\":\"https:\\\/\\\/petag.com\\\/wp-content\\\/uploads\\\/2025\\\/07\\\/99622-Calcium_Phosphorus_Tablets_50ct-Frnt-1.png\",\"contentUrl\":\"https:\\\/\\\/petag.com\\\/wp-content\\\/uploads\\\/2025\\\/07\\\/99622-Calcium_Phosphorus_Tablets_50ct-Frnt-1.png\",\"width\":1024,\"height\":1024},{\"@type\":\"BreadcrumbList\",\"@id\":\"https:\\\/\\\/petag.com\\\/es\\\/products\\\/calcium-phosphorus-tablets\\\/#breadcrumb\",\"itemListElement\":[{\"@type\":\"ListItem\",\"position\":1,\"name\":\"Home\",\"item\":\"https:\\\/\\\/petag.com\\\/es\\\/home\\\/\"},{\"@type\":\"ListItem\",\"position\":2,\"name\":\"Productos\",\"item\":\"https:\\\/\\\/petag.com\\\/es\\\/products\\\/\"},{\"@type\":\"ListItem\",\"position\":3,\"name\":\"Calcium Phosphorus Comprimidos\"}]},{\"@type\":\"WebSite\",\"@id\":\"https:\\\/\\\/petag.com\\\/es\\\/#website\",\"url\":\"https:\\\/\\\/petag.com\\\/es\\\/\",\"name\":\"PetAg\",\"description\":\"Care for animals with newborn nutrition, supplements and grooming solutions\",\"publisher\":{\"@id\":\"https:\\\/\\\/petag.com\\\/es\\\/#organization\"},\"potentialAction\":[{\"@type\":\"SearchAction\",\"target\":{\"@type\":\"EntryPoint\",\"urlTemplate\":\"https:\\\/\\\/petag.com\\\/es\\\/?s={search_term_string}\"},\"query-input\":{\"@type\":\"PropertyValueSpecification\",\"valueRequired\":true,\"valueName\":\"search_term_string\"}}],\"inLanguage\":\"es\"},{\"@type\":\"Organization\",\"@id\":\"https:\\\/\\\/petag.com\\\/es\\\/#organization\",\"name\":\"Pet-Ag, Inc.\",\"url\":\"https:\\\/\\\/petag.com\\\/es\\\/\",\"logo\":{\"@type\":\"ImageObject\",\"inLanguage\":\"es\",\"@id\":\"https:\\\/\\\/petag.com\\\/es\\\/#\\\/schema\\\/logo\\\/image\\\/\",\"url\":\"https:\\\/\\\/petag.com\\\/wp-content\\\/uploads\\\/2025\\\/05\\\/PetAg_Logo_mainnav.png\",\"contentUrl\":\"https:\\\/\\\/petag.com\\\/wp-content\\\/uploads\\\/2025\\\/05\\\/PetAg_Logo_mainnav.png\",\"width\":307,\"height\":236,\"caption\":\"Pet-Ag, Inc.\"},\"image\":{\"@id\":\"https:\\\/\\\/petag.com\\\/es\\\/#\\\/schema\\\/logo\\\/image\\\/\"},\"sameAs\":[\"https:\\\/\\\/www.facebook.com\\\/petagproducts\\\/\",\"https:\\\/\\\/www.instagram.com\\\/petagpetproducts\\\/\",\"https:\\\/\\\/www.linkedin.com\\\/company\\\/petag-inc-\\\/\",\"https:\\\/\\\/www.youtube.com\\\/@PetAgEveryAnimalEveryDay\"]}]}<\/script>\n<!-- \/ Yoast SEO plugin. -->","yoast_head_json":{"title":"Calcium Phosphorus Comprimidos | PetAg","robots":{"index":"index","follow":"follow","max-snippet":"max-snippet:-1","max-image-preview":"max-image-preview:large","max-video-preview":"max-video-preview:-1"},"canonical":"https:\/\/petag.com\/es\/products\/calcium-phosphorus-tablets\/","og_locale":"es_ES","og_type":"article","og_title":"Calcium Phosphorus Comprimidos | PetAg","og_description":"Suplemento masticable de uso diario para perros y gatos a partir de 12 semanas - Enriquecido con vitamina D","og_url":"https:\/\/petag.com\/es\/products\/calcium-phosphorus-tablets\/","og_site_name":"PetAg","article_publisher":"https:\/\/www.facebook.com\/petagproducts\/","article_modified_time":"2025-07-30T15:59:19+00:00","og_image":[{"width":1024,"height":1024,"url":"https:\/\/petag.com\/wp-content\/uploads\/2025\/07\/99622-Calcium_Phosphorus_Tablets_50ct-Frnt-1.png","type":"image\/png"}],"twitter_card":"summary_large_image","twitter_misc":{"Est. reading time":"1 minuto"},"schema":{"@context":"https:\/\/schema.org","@graph":[{"@type":"WebPage","@id":"https:\/\/petag.com\/es\/products\/calcium-phosphorus-tablets\/","url":"https:\/\/petag.com\/es\/products\/calcium-phosphorus-tablets\/","name":"Calcium Phosphorus Comprimidos | PetAg","isPartOf":{"@id":"https:\/\/petag.com\/es\/#website"},"primaryImageOfPage":{"@id":"https:\/\/petag.com\/es\/products\/calcium-phosphorus-tablets\/#primaryimage"},"image":{"@id":"https:\/\/petag.com\/es\/products\/calcium-phosphorus-tablets\/#primaryimage"},"thumbnailUrl":"https:\/\/petag.com\/wp-content\/uploads\/2025\/07\/99622-Calcium_Phosphorus_Tablets_50ct-Frnt-1.png","datePublished":"2025-07-10T17:42:21+00:00","dateModified":"2025-07-30T15:59:19+00:00","breadcrumb":{"@id":"https:\/\/petag.com\/es\/products\/calcium-phosphorus-tablets\/#breadcrumb"},"inLanguage":"es","potentialAction":[{"@type":"ReadAction","target":["https:\/\/petag.com\/es\/products\/calcium-phosphorus-tablets\/"]}]},{"@type":"ImageObject","inLanguage":"es","@id":"https:\/\/petag.com\/es\/products\/calcium-phosphorus-tablets\/#primaryimage","url":"https:\/\/petag.com\/wp-content\/uploads\/2025\/07\/99622-Calcium_Phosphorus_Tablets_50ct-Frnt-1.png","contentUrl":"https:\/\/petag.com\/wp-content\/uploads\/2025\/07\/99622-Calcium_Phosphorus_Tablets_50ct-Frnt-1.png","width":1024,"height":1024},{"@type":"BreadcrumbList","@id":"https:\/\/petag.com\/es\/products\/calcium-phosphorus-tablets\/#breadcrumb","itemListElement":[{"@type":"ListItem","position":1,"name":"Home","item":"https:\/\/petag.com\/es\/home\/"},{"@type":"ListItem","position":2,"name":"Productos","item":"https:\/\/petag.com\/es\/products\/"},{"@type":"ListItem","position":3,"name":"Calcium Phosphorus Comprimidos"}]},{"@type":"WebSite","@id":"https:\/\/petag.com\/es\/#website","url":"https:\/\/petag.com\/es\/","name":"PetAg","description":"Care for animals with newborn nutrition, supplements and grooming solutions","publisher":{"@id":"https:\/\/petag.com\/es\/#organization"},"potentialAction":[{"@type":"SearchAction","target":{"@type":"EntryPoint","urlTemplate":"https:\/\/petag.com\/es\/?s={search_term_string}"},"query-input":{"@type":"PropertyValueSpecification","valueRequired":true,"valueName":"search_term_string"}}],"inLanguage":"es"},{"@type":"Organization","@id":"https:\/\/petag.com\/es\/#organization","name":"Pet-Ag, Inc.","url":"https:\/\/petag.com\/es\/","logo":{"@type":"ImageObject","inLanguage":"es","@id":"https:\/\/petag.com\/es\/#\/schema\/logo\/image\/","url":"https:\/\/petag.com\/wp-content\/uploads\/2025\/05\/PetAg_Logo_mainnav.png","contentUrl":"https:\/\/petag.com\/wp-content\/uploads\/2025\/05\/PetAg_Logo_mainnav.png","width":307,"height":236,"caption":"Pet-Ag, Inc."},"image":{"@id":"https:\/\/petag.com\/es\/#\/schema\/logo\/image\/"},"sameAs":["https:\/\/www.facebook.com\/petagproducts\/","https:\/\/www.instagram.com\/petagpetproducts\/","https:\/\/www.linkedin.com\/company\/petag-inc-\/","https:\/\/www.youtube.com\/@PetAgEveryAnimalEveryDay"]}]}},"_links":{"self":[{"href":"https:\/\/petag.com\/es\/wp-json\/wp\/v2\/product\/2476","targetHints":{"allow":["GET"]}}],"collection":[{"href":"https:\/\/petag.com\/es\/wp-json\/wp\/v2\/product"}],"about":[{"href":"https:\/\/petag.com\/es\/wp-json\/wp\/v2\/types\/product"}],"replies":[{"embeddable":true,"href":"https:\/\/petag.com\/es\/wp-json\/wp\/v2\/comments?post=2476"}],"wp:featuredmedia":[{"embeddable":true,"href":"https:\/\/petag.com\/es\/wp-json\/wp\/v2\/media\/1901"}],"wp:attachment":[{"href":"https:\/\/petag.com\/es\/wp-json\/wp\/v2\/media?parent=2476"}],"wp:term":[{"taxonomy":"product_brand","embeddable":true,"href":"https:\/\/petag.com\/es\/wp-json\/wp\/v2\/product_brand?post=2476"},{"taxonomy":"product_cat","embeddable":true,"href":"https:\/\/petag.com\/es\/wp-json\/wp\/v2\/product_cat?post=2476"},{"taxonomy":"product_tag","embeddable":true,"href":"https:\/\/petag.com\/es\/wp-json\/wp\/v2\/product_tag?post=2476"},{"taxonomy":"animal-type","embeddable":true,"href":"https:\/\/petag.com\/es\/wp-json\/wp\/v2\/animal-type?post=2476"}],"curies":[{"name":"wp","href":"https:\/\/api.w.org\/{rel}","templated":true}]}}