{"id":2473,"date":"2025-07-10T17:42:21","date_gmt":"2025-07-10T17:42:21","guid":{"rendered":"https:\/\/petagstg.wpenginepowered.com\/products\/biberon\/"},"modified":"2025-07-30T15:58:11","modified_gmt":"2025-07-30T15:58:11","slug":"nurser-bottle","status":"publish","type":"product","link":"https:\/\/petag.com\/es\/products\/nurser-bottle\/","title":{"rendered":"Biber\u00f3n"},"content":{"rendered":"<p>Biberones y tetinas especialmente dise\u00f1ados para beb\u00e9s peque\u00f1os y grandes: 2 onzas para animales peque\u00f1os y 4 onzas para animales grandes. La alimentaci\u00f3n con biber\u00f3n permite a los animales rechazar la leche artificial cuando est\u00e1n llenos. La acci\u00f3n de amamantar desarrolla los m\u00fasculos faciales y estimula el flujo normal de saliva.<br \/>\n<strong>Botellas:<\/strong> Suficientemente duraderos para soportar un uso duro. Marcado con graduaciones para facilitar el control de la ingesta de alimentos y ayudar a prevenir la sobrealimentaci\u00f3n o la subalimentaci\u00f3n. <strong>Tetinas:<\/strong> Fabricadas con silicona duradera y flexible, f\u00e1cilmente aceptable y sin l\u00e1tex. <\/p>\n","protected":false},"excerpt":{"rendered":"<p>Promueve la alimentaci\u00f3n natural de l\u00edquidos &#8211; Dise\u00f1ado para animales peque\u00f1os &#8211; Duradero y f\u00e1cil de limpiar<\/p>\n","protected":false},"featured_media":2308,"comment_status":"closed","ping_status":"closed","template":"","meta":{"_et_pb_use_builder":"","_et_pb_old_content":"","_et_gb_content_width":""},"product_brand":[],"product_cat":[53],"product_tag":[],"animal-type":[63,65],"class_list":{"0":"post-2473","1":"product","2":"type-product","3":"status-publish","4":"has-post-thumbnail","6":"product_cat-leches-y-nutricion","7":"pa_sizes-2-oz-4oz-es","8":"animal-type-cats","9":"animal-type-perros-y-cachorros","11":"first","12":"instock","13":"product-type-simple"},"yoast_head":"<!-- This site is optimized with the Yoast SEO plugin v27.4 - https:\/\/yoast.com\/product\/yoast-seo-wordpress\/ -->\n<title>Biber\u00f3n | PetAg<\/title>\n<meta name=\"robots\" content=\"index, follow, max-snippet:-1, max-image-preview:large, max-video-preview:-1\" \/>\n<link rel=\"canonical\" href=\"https:\/\/petag.com\/es\/products\/nurser-bottle\/\" \/>\n<meta property=\"og:locale\" content=\"es_ES\" \/>\n<meta property=\"og:type\" content=\"article\" \/>\n<meta property=\"og:title\" content=\"Biber\u00f3n | PetAg\" \/>\n<meta property=\"og:description\" content=\"Promueve la alimentaci\u00f3n natural de l\u00edquidos - Dise\u00f1ado para animales peque\u00f1os - Duradero y f\u00e1cil de limpiar\" \/>\n<meta property=\"og:url\" content=\"https:\/\/petag.com\/es\/products\/nurser-bottle\/\" \/>\n<meta property=\"og:site_name\" content=\"PetAg\" \/>\n<meta property=\"article:publisher\" content=\"https:\/\/www.facebook.com\/petagproducts\/\" \/>\n<meta property=\"article:modified_time\" content=\"2025-07-30T15:58:11+00:00\" \/>\n<meta property=\"og:image\" content=\"https:\/\/petag.com\/wp-content\/uploads\/2025\/07\/99052-2oz-PetAg-NurserBottle-Frnt-2.png\" \/>\n\t<meta property=\"og:image:width\" content=\"1024\" \/>\n\t<meta property=\"og:image:height\" content=\"1024\" \/>\n\t<meta property=\"og:image:type\" content=\"image\/png\" \/>\n<meta name=\"twitter:card\" content=\"summary_large_image\" \/>\n<meta name=\"twitter:label1\" content=\"Est. reading time\" \/>\n\t<meta name=\"twitter:data1\" content=\"1 minuto\" \/>\n<script type=\"application\/ld+json\" class=\"yoast-schema-graph\">{\"@context\":\"https:\\\/\\\/schema.org\",\"@graph\":[{\"@type\":\"WebPage\",\"@id\":\"https:\\\/\\\/petag.com\\\/es\\\/products\\\/nurser-bottle\\\/\",\"url\":\"https:\\\/\\\/petag.com\\\/es\\\/products\\\/nurser-bottle\\\/\",\"name\":\"Biber\u00f3n | PetAg\",\"isPartOf\":{\"@id\":\"https:\\\/\\\/petag.com\\\/es\\\/#website\"},\"primaryImageOfPage\":{\"@id\":\"https:\\\/\\\/petag.com\\\/es\\\/products\\\/nurser-bottle\\\/#primaryimage\"},\"image\":{\"@id\":\"https:\\\/\\\/petag.com\\\/es\\\/products\\\/nurser-bottle\\\/#primaryimage\"},\"thumbnailUrl\":\"https:\\\/\\\/petag.com\\\/wp-content\\\/uploads\\\/2025\\\/07\\\/99052-2oz-PetAg-NurserBottle-Frnt-2.png\",\"datePublished\":\"2025-07-10T17:42:21+00:00\",\"dateModified\":\"2025-07-30T15:58:11+00:00\",\"breadcrumb\":{\"@id\":\"https:\\\/\\\/petag.com\\\/es\\\/products\\\/nurser-bottle\\\/#breadcrumb\"},\"inLanguage\":\"es\",\"potentialAction\":[{\"@type\":\"ReadAction\",\"target\":[\"https:\\\/\\\/petag.com\\\/es\\\/products\\\/nurser-bottle\\\/\"]}]},{\"@type\":\"ImageObject\",\"inLanguage\":\"es\",\"@id\":\"https:\\\/\\\/petag.com\\\/es\\\/products\\\/nurser-bottle\\\/#primaryimage\",\"url\":\"https:\\\/\\\/petag.com\\\/wp-content\\\/uploads\\\/2025\\\/07\\\/99052-2oz-PetAg-NurserBottle-Frnt-2.png\",\"contentUrl\":\"https:\\\/\\\/petag.com\\\/wp-content\\\/uploads\\\/2025\\\/07\\\/99052-2oz-PetAg-NurserBottle-Frnt-2.png\",\"width\":1024,\"height\":1024},{\"@type\":\"BreadcrumbList\",\"@id\":\"https:\\\/\\\/petag.com\\\/es\\\/products\\\/nurser-bottle\\\/#breadcrumb\",\"itemListElement\":[{\"@type\":\"ListItem\",\"position\":1,\"name\":\"Home\",\"item\":\"https:\\\/\\\/petag.com\\\/es\\\/home\\\/\"},{\"@type\":\"ListItem\",\"position\":2,\"name\":\"Productos\",\"item\":\"https:\\\/\\\/petag.com\\\/es\\\/products\\\/\"},{\"@type\":\"ListItem\",\"position\":3,\"name\":\"Biber\u00f3n\"}]},{\"@type\":\"WebSite\",\"@id\":\"https:\\\/\\\/petag.com\\\/es\\\/#website\",\"url\":\"https:\\\/\\\/petag.com\\\/es\\\/\",\"name\":\"PetAg\",\"description\":\"Care for animals with newborn nutrition, supplements and grooming solutions\",\"publisher\":{\"@id\":\"https:\\\/\\\/petag.com\\\/es\\\/#organization\"},\"potentialAction\":[{\"@type\":\"SearchAction\",\"target\":{\"@type\":\"EntryPoint\",\"urlTemplate\":\"https:\\\/\\\/petag.com\\\/es\\\/?s={search_term_string}\"},\"query-input\":{\"@type\":\"PropertyValueSpecification\",\"valueRequired\":true,\"valueName\":\"search_term_string\"}}],\"inLanguage\":\"es\"},{\"@type\":\"Organization\",\"@id\":\"https:\\\/\\\/petag.com\\\/es\\\/#organization\",\"name\":\"Pet-Ag, Inc.\",\"url\":\"https:\\\/\\\/petag.com\\\/es\\\/\",\"logo\":{\"@type\":\"ImageObject\",\"inLanguage\":\"es\",\"@id\":\"https:\\\/\\\/petag.com\\\/es\\\/#\\\/schema\\\/logo\\\/image\\\/\",\"url\":\"https:\\\/\\\/petag.com\\\/wp-content\\\/uploads\\\/2025\\\/05\\\/PetAg_Logo_mainnav.png\",\"contentUrl\":\"https:\\\/\\\/petag.com\\\/wp-content\\\/uploads\\\/2025\\\/05\\\/PetAg_Logo_mainnav.png\",\"width\":307,\"height\":236,\"caption\":\"Pet-Ag, Inc.\"},\"image\":{\"@id\":\"https:\\\/\\\/petag.com\\\/es\\\/#\\\/schema\\\/logo\\\/image\\\/\"},\"sameAs\":[\"https:\\\/\\\/www.facebook.com\\\/petagproducts\\\/\",\"https:\\\/\\\/www.instagram.com\\\/petagpetproducts\\\/\",\"https:\\\/\\\/www.linkedin.com\\\/company\\\/petag-inc-\\\/\",\"https:\\\/\\\/www.youtube.com\\\/@PetAgEveryAnimalEveryDay\"]}]}<\/script>\n<!-- \/ Yoast SEO plugin. -->","yoast_head_json":{"title":"Biber\u00f3n | PetAg","robots":{"index":"index","follow":"follow","max-snippet":"max-snippet:-1","max-image-preview":"max-image-preview:large","max-video-preview":"max-video-preview:-1"},"canonical":"https:\/\/petag.com\/es\/products\/nurser-bottle\/","og_locale":"es_ES","og_type":"article","og_title":"Biber\u00f3n | PetAg","og_description":"Promueve la alimentaci\u00f3n natural de l\u00edquidos - Dise\u00f1ado para animales peque\u00f1os - Duradero y f\u00e1cil de limpiar","og_url":"https:\/\/petag.com\/es\/products\/nurser-bottle\/","og_site_name":"PetAg","article_publisher":"https:\/\/www.facebook.com\/petagproducts\/","article_modified_time":"2025-07-30T15:58:11+00:00","og_image":[{"width":1024,"height":1024,"url":"https:\/\/petag.com\/wp-content\/uploads\/2025\/07\/99052-2oz-PetAg-NurserBottle-Frnt-2.png","type":"image\/png"}],"twitter_card":"summary_large_image","twitter_misc":{"Est. reading time":"1 minuto"},"schema":{"@context":"https:\/\/schema.org","@graph":[{"@type":"WebPage","@id":"https:\/\/petag.com\/es\/products\/nurser-bottle\/","url":"https:\/\/petag.com\/es\/products\/nurser-bottle\/","name":"Biber\u00f3n | PetAg","isPartOf":{"@id":"https:\/\/petag.com\/es\/#website"},"primaryImageOfPage":{"@id":"https:\/\/petag.com\/es\/products\/nurser-bottle\/#primaryimage"},"image":{"@id":"https:\/\/petag.com\/es\/products\/nurser-bottle\/#primaryimage"},"thumbnailUrl":"https:\/\/petag.com\/wp-content\/uploads\/2025\/07\/99052-2oz-PetAg-NurserBottle-Frnt-2.png","datePublished":"2025-07-10T17:42:21+00:00","dateModified":"2025-07-30T15:58:11+00:00","breadcrumb":{"@id":"https:\/\/petag.com\/es\/products\/nurser-bottle\/#breadcrumb"},"inLanguage":"es","potentialAction":[{"@type":"ReadAction","target":["https:\/\/petag.com\/es\/products\/nurser-bottle\/"]}]},{"@type":"ImageObject","inLanguage":"es","@id":"https:\/\/petag.com\/es\/products\/nurser-bottle\/#primaryimage","url":"https:\/\/petag.com\/wp-content\/uploads\/2025\/07\/99052-2oz-PetAg-NurserBottle-Frnt-2.png","contentUrl":"https:\/\/petag.com\/wp-content\/uploads\/2025\/07\/99052-2oz-PetAg-NurserBottle-Frnt-2.png","width":1024,"height":1024},{"@type":"BreadcrumbList","@id":"https:\/\/petag.com\/es\/products\/nurser-bottle\/#breadcrumb","itemListElement":[{"@type":"ListItem","position":1,"name":"Home","item":"https:\/\/petag.com\/es\/home\/"},{"@type":"ListItem","position":2,"name":"Productos","item":"https:\/\/petag.com\/es\/products\/"},{"@type":"ListItem","position":3,"name":"Biber\u00f3n"}]},{"@type":"WebSite","@id":"https:\/\/petag.com\/es\/#website","url":"https:\/\/petag.com\/es\/","name":"PetAg","description":"Care for animals with newborn nutrition, supplements and grooming solutions","publisher":{"@id":"https:\/\/petag.com\/es\/#organization"},"potentialAction":[{"@type":"SearchAction","target":{"@type":"EntryPoint","urlTemplate":"https:\/\/petag.com\/es\/?s={search_term_string}"},"query-input":{"@type":"PropertyValueSpecification","valueRequired":true,"valueName":"search_term_string"}}],"inLanguage":"es"},{"@type":"Organization","@id":"https:\/\/petag.com\/es\/#organization","name":"Pet-Ag, Inc.","url":"https:\/\/petag.com\/es\/","logo":{"@type":"ImageObject","inLanguage":"es","@id":"https:\/\/petag.com\/es\/#\/schema\/logo\/image\/","url":"https:\/\/petag.com\/wp-content\/uploads\/2025\/05\/PetAg_Logo_mainnav.png","contentUrl":"https:\/\/petag.com\/wp-content\/uploads\/2025\/05\/PetAg_Logo_mainnav.png","width":307,"height":236,"caption":"Pet-Ag, Inc."},"image":{"@id":"https:\/\/petag.com\/es\/#\/schema\/logo\/image\/"},"sameAs":["https:\/\/www.facebook.com\/petagproducts\/","https:\/\/www.instagram.com\/petagpetproducts\/","https:\/\/www.linkedin.com\/company\/petag-inc-\/","https:\/\/www.youtube.com\/@PetAgEveryAnimalEveryDay"]}]}},"_links":{"self":[{"href":"https:\/\/petag.com\/es\/wp-json\/wp\/v2\/product\/2473","targetHints":{"allow":["GET"]}}],"collection":[{"href":"https:\/\/petag.com\/es\/wp-json\/wp\/v2\/product"}],"about":[{"href":"https:\/\/petag.com\/es\/wp-json\/wp\/v2\/types\/product"}],"replies":[{"embeddable":true,"href":"https:\/\/petag.com\/es\/wp-json\/wp\/v2\/comments?post=2473"}],"wp:featuredmedia":[{"embeddable":true,"href":"https:\/\/petag.com\/es\/wp-json\/wp\/v2\/media\/2308"}],"wp:attachment":[{"href":"https:\/\/petag.com\/es\/wp-json\/wp\/v2\/media?parent=2473"}],"wp:term":[{"taxonomy":"product_brand","embeddable":true,"href":"https:\/\/petag.com\/es\/wp-json\/wp\/v2\/product_brand?post=2473"},{"taxonomy":"product_cat","embeddable":true,"href":"https:\/\/petag.com\/es\/wp-json\/wp\/v2\/product_cat?post=2473"},{"taxonomy":"product_tag","embeddable":true,"href":"https:\/\/petag.com\/es\/wp-json\/wp\/v2\/product_tag?post=2473"},{"taxonomy":"animal-type","embeddable":true,"href":"https:\/\/petag.com\/es\/wp-json\/wp\/v2\/animal-type?post=2473"}],"curies":[{"name":"wp","href":"https:\/\/api.w.org\/{rel}","templated":true}]}}