{"id":2460,"date":"2025-07-10T17:42:21","date_gmt":"2025-07-10T17:42:21","guid":{"rendered":"https:\/\/petagstg.wpenginepowered.com\/products\/leche-de-cabra-kmr-kitten-milk-replacer-liquid\/"},"modified":"2026-01-28T20:38:10","modified_gmt":"2026-01-28T20:38:10","slug":"goats-milk-kmr-kitten-milk-replacer-liquid-11oz","status":"publish","type":"product","link":"https:\/\/petag.com\/es\/products\/goats-milk-kmr-kitten-milk-replacer-liquid-11oz\/","title":{"rendered":"Goat&#8217;s Milk KMR\u00ae Kitten Milk Replacer L\u00edquido"},"content":{"rendered":"<p>Cuando mam\u00e1 no puede alimentarlos, Goat&#8217;s Milk KMR\u00ae l\u00edquida s\u00ed. Cient\u00edficamente el mejor sustituto de la leche materna, Goat&#8217;s Milk KMR proporciona todos los elementos nutricionales que los reci\u00e9n nacidos sensibles necesitan para desarrollarse. Goat&#8217;s Milk KMR tambi\u00e9n es ideal para gatos j\u00f3venes y adultos en entornos estresantes o para aquellos que simplemente necesitan otra fuente de nutrici\u00f3n altamente digestible.  <\/p>\n<ul>\n<li>Para gatitos reci\u00e9n nacidos hasta las seis semanas de edad.<\/li>\n<li>Formulado con leche entera de cabra para gatitos con sistemas digestivos sensibles.<\/li>\n<li>Formulado para proporcionar un patr\u00f3n cal\u00f3rico similar al de la leche materna en prote\u00ednas, grasas e hidratos de carbono.<\/li>\n<li>Natural con vitaminas, minerales y oligoelementos a\u00f1adidos.<\/li>\n<li>Aporta las vitaminas y minerales necesarios para garantizar un desarrollo y crecimiento adecuados.<\/li>\n<li>Formulado con una mezcla especial de fibras para facilitar la digesti\u00f3n y mejorar la salud intestinal.<\/li>\n<li>F\u00f3rmula f\u00e1cil de digerir, altamente palatable y lista para alimentar.<\/li>\n<li>Cumple los perfiles nutricionales para gatos de la AAFCO para una nutrici\u00f3n completa y equilibrada.<\/li>\n<\/ul>\n","protected":false},"excerpt":{"rendered":"<p>F\u00f3rmula l\u00edquida para gatitos con vitaminas, minerales y oligoelementos para gatitos reci\u00e9n nacidos hasta las seis semanas de edad &#8211; F\u00e1cil de digerir<\/p>\n","protected":false},"featured_media":1535,"comment_status":"closed","ping_status":"closed","template":"","meta":{"_et_pb_use_builder":"","_et_pb_old_content":"","_et_gb_content_width":""},"product_brand":[66],"product_cat":[53],"product_tag":[],"animal-type":[63],"class_list":{"0":"post-2460","1":"product","2":"type-product","3":"status-publish","4":"has-post-thumbnail","6":"product_brand-kmr","7":"product_cat-leches-y-nutricion","8":"pa_sizes-11-oz-es","9":"animal-type-cats","11":"first","12":"instock","13":"product-type-simple"},"yoast_head":"<!-- This site is optimized with the Yoast SEO plugin v27.2 - https:\/\/yoast.com\/product\/yoast-seo-wordpress\/ -->\n<title>Leche de Cabra KMR\u00ae Kitten Milk Replacer Liquid | PetAg<\/title>\n<meta name=\"description\" content=\"F\u00f3rmula l\u00edquida para gatitos con vitaminas, minerales y oligoelementos para gatitos reci\u00e9n nacidos hasta las seis semanas de edad - F\u00e1cil de digerir.\" \/>\n<meta name=\"robots\" content=\"index, follow, max-snippet:-1, max-image-preview:large, max-video-preview:-1\" \/>\n<link rel=\"canonical\" href=\"https:\/\/petag.com\/es\/products\/goats-milk-kmr-kitten-milk-replacer-liquid-11oz\/\" \/>\n<meta property=\"og:locale\" content=\"es_ES\" \/>\n<meta property=\"og:type\" content=\"article\" \/>\n<meta property=\"og:title\" content=\"Leche de Cabra KMR\u00ae Kitten Milk Replacer Liquid | PetAg\" \/>\n<meta property=\"og:description\" content=\"F\u00f3rmula l\u00edquida para gatitos con vitaminas, minerales y oligoelementos para gatitos reci\u00e9n nacidos hasta las seis semanas de edad - F\u00e1cil de digerir.\" \/>\n<meta property=\"og:url\" content=\"https:\/\/petag.com\/es\/products\/goats-milk-kmr-kitten-milk-replacer-liquid-11oz\/\" \/>\n<meta property=\"og:site_name\" content=\"PetAg\" \/>\n<meta property=\"article:publisher\" content=\"https:\/\/www.facebook.com\/petagproducts\/\" \/>\n<meta property=\"article:modified_time\" content=\"2026-01-28T20:38:10+00:00\" \/>\n<meta property=\"og:image\" content=\"https:\/\/petag.com\/wp-content\/uploads\/2025\/07\/99482-GoatsMilk-KMR-Lqd-11oz-Frnt.png\" \/>\n\t<meta property=\"og:image:width\" content=\"1024\" \/>\n\t<meta property=\"og:image:height\" content=\"1024\" \/>\n\t<meta property=\"og:image:type\" content=\"image\/png\" \/>\n<meta name=\"twitter:card\" content=\"summary_large_image\" \/>\n<meta name=\"twitter:label1\" content=\"Est. reading time\" \/>\n\t<meta name=\"twitter:data1\" content=\"1 minuto\" \/>\n<script type=\"application\/ld+json\" class=\"yoast-schema-graph\">{\"@context\":\"https:\/\/schema.org\",\"@graph\":[{\"@type\":\"WebPage\",\"@id\":\"https:\/\/petag.com\/es\/products\/goats-milk-kmr-kitten-milk-replacer-liquid-11oz\/\",\"url\":\"https:\/\/petag.com\/es\/products\/goats-milk-kmr-kitten-milk-replacer-liquid-11oz\/\",\"name\":\"Leche de Cabra KMR\u00ae Kitten Milk Replacer Liquid | PetAg\",\"isPartOf\":{\"@id\":\"https:\/\/petag.com\/es\/#website\"},\"primaryImageOfPage\":{\"@id\":\"https:\/\/petag.com\/es\/products\/goats-milk-kmr-kitten-milk-replacer-liquid-11oz\/#primaryimage\"},\"image\":{\"@id\":\"https:\/\/petag.com\/es\/products\/goats-milk-kmr-kitten-milk-replacer-liquid-11oz\/#primaryimage\"},\"thumbnailUrl\":\"https:\/\/petag.com\/wp-content\/uploads\/2025\/07\/99482-GoatsMilk-KMR-Lqd-11oz-Frnt.png\",\"datePublished\":\"2025-07-10T17:42:21+00:00\",\"dateModified\":\"2026-01-28T20:38:10+00:00\",\"description\":\"F\u00f3rmula l\u00edquida para gatitos con vitaminas, minerales y oligoelementos para gatitos reci\u00e9n nacidos hasta las seis semanas de edad - F\u00e1cil de digerir.\",\"breadcrumb\":{\"@id\":\"https:\/\/petag.com\/es\/products\/goats-milk-kmr-kitten-milk-replacer-liquid-11oz\/#breadcrumb\"},\"inLanguage\":\"es\",\"potentialAction\":[{\"@type\":\"ReadAction\",\"target\":[\"https:\/\/petag.com\/es\/products\/goats-milk-kmr-kitten-milk-replacer-liquid-11oz\/\"]}]},{\"@type\":\"ImageObject\",\"inLanguage\":\"es\",\"@id\":\"https:\/\/petag.com\/es\/products\/goats-milk-kmr-kitten-milk-replacer-liquid-11oz\/#primaryimage\",\"url\":\"https:\/\/petag.com\/wp-content\/uploads\/2025\/07\/99482-GoatsMilk-KMR-Lqd-11oz-Frnt.png\",\"contentUrl\":\"https:\/\/petag.com\/wp-content\/uploads\/2025\/07\/99482-GoatsMilk-KMR-Lqd-11oz-Frnt.png\",\"width\":1024,\"height\":1024},{\"@type\":\"BreadcrumbList\",\"@id\":\"https:\/\/petag.com\/es\/products\/goats-milk-kmr-kitten-milk-replacer-liquid-11oz\/#breadcrumb\",\"itemListElement\":[{\"@type\":\"ListItem\",\"position\":1,\"name\":\"Home\",\"item\":\"https:\/\/petag.com\/es\/home\/\"},{\"@type\":\"ListItem\",\"position\":2,\"name\":\"Productos\",\"item\":\"https:\/\/petag.com\/es\/products\/\"},{\"@type\":\"ListItem\",\"position\":3,\"name\":\"Goat&#8217;s Milk KMR\u00ae Kitten Milk Replacer L\u00edquido\"}]},{\"@type\":\"WebSite\",\"@id\":\"https:\/\/petag.com\/es\/#website\",\"url\":\"https:\/\/petag.com\/es\/\",\"name\":\"PetAg\",\"description\":\"Care for animals with newborn nutrition, supplements and grooming solutions\",\"publisher\":{\"@id\":\"https:\/\/petag.com\/es\/#organization\"},\"potentialAction\":[{\"@type\":\"SearchAction\",\"target\":{\"@type\":\"EntryPoint\",\"urlTemplate\":\"https:\/\/petag.com\/es\/?s={search_term_string}\"},\"query-input\":{\"@type\":\"PropertyValueSpecification\",\"valueRequired\":true,\"valueName\":\"search_term_string\"}}],\"inLanguage\":\"es\"},{\"@type\":\"Organization\",\"@id\":\"https:\/\/petag.com\/es\/#organization\",\"name\":\"Pet-Ag, Inc.\",\"url\":\"https:\/\/petag.com\/es\/\",\"logo\":{\"@type\":\"ImageObject\",\"inLanguage\":\"es\",\"@id\":\"https:\/\/petag.com\/es\/#\/schema\/logo\/image\/\",\"url\":\"https:\/\/petag.com\/wp-content\/uploads\/2025\/05\/PetAg_Logo_mainnav.png\",\"contentUrl\":\"https:\/\/petag.com\/wp-content\/uploads\/2025\/05\/PetAg_Logo_mainnav.png\",\"width\":307,\"height\":236,\"caption\":\"Pet-Ag, Inc.\"},\"image\":{\"@id\":\"https:\/\/petag.com\/es\/#\/schema\/logo\/image\/\"},\"sameAs\":[\"https:\/\/www.facebook.com\/petagproducts\/\",\"https:\/\/www.instagram.com\/petagpetproducts\/\",\"https:\/\/www.linkedin.com\/company\/petag-inc-\/\",\"https:\/\/www.youtube.com\/@PetAgEveryAnimalEveryDay\"]}]}<\/script>\n<!-- \/ Yoast SEO plugin. -->","yoast_head_json":{"title":"Leche de Cabra KMR\u00ae Kitten Milk Replacer Liquid | PetAg","description":"F\u00f3rmula l\u00edquida para gatitos con vitaminas, minerales y oligoelementos para gatitos reci\u00e9n nacidos hasta las seis semanas de edad - F\u00e1cil de digerir.","robots":{"index":"index","follow":"follow","max-snippet":"max-snippet:-1","max-image-preview":"max-image-preview:large","max-video-preview":"max-video-preview:-1"},"canonical":"https:\/\/petag.com\/es\/products\/goats-milk-kmr-kitten-milk-replacer-liquid-11oz\/","og_locale":"es_ES","og_type":"article","og_title":"Leche de Cabra KMR\u00ae Kitten Milk Replacer Liquid | PetAg","og_description":"F\u00f3rmula l\u00edquida para gatitos con vitaminas, minerales y oligoelementos para gatitos reci\u00e9n nacidos hasta las seis semanas de edad - F\u00e1cil de digerir.","og_url":"https:\/\/petag.com\/es\/products\/goats-milk-kmr-kitten-milk-replacer-liquid-11oz\/","og_site_name":"PetAg","article_publisher":"https:\/\/www.facebook.com\/petagproducts\/","article_modified_time":"2026-01-28T20:38:10+00:00","og_image":[{"width":1024,"height":1024,"url":"https:\/\/petag.com\/wp-content\/uploads\/2025\/07\/99482-GoatsMilk-KMR-Lqd-11oz-Frnt.png","type":"image\/png"}],"twitter_card":"summary_large_image","twitter_misc":{"Est. reading time":"1 minuto"},"schema":{"@context":"https:\/\/schema.org","@graph":[{"@type":"WebPage","@id":"https:\/\/petag.com\/es\/products\/goats-milk-kmr-kitten-milk-replacer-liquid-11oz\/","url":"https:\/\/petag.com\/es\/products\/goats-milk-kmr-kitten-milk-replacer-liquid-11oz\/","name":"Leche de Cabra KMR\u00ae Kitten Milk Replacer Liquid | PetAg","isPartOf":{"@id":"https:\/\/petag.com\/es\/#website"},"primaryImageOfPage":{"@id":"https:\/\/petag.com\/es\/products\/goats-milk-kmr-kitten-milk-replacer-liquid-11oz\/#primaryimage"},"image":{"@id":"https:\/\/petag.com\/es\/products\/goats-milk-kmr-kitten-milk-replacer-liquid-11oz\/#primaryimage"},"thumbnailUrl":"https:\/\/petag.com\/wp-content\/uploads\/2025\/07\/99482-GoatsMilk-KMR-Lqd-11oz-Frnt.png","datePublished":"2025-07-10T17:42:21+00:00","dateModified":"2026-01-28T20:38:10+00:00","description":"F\u00f3rmula l\u00edquida para gatitos con vitaminas, minerales y oligoelementos para gatitos reci\u00e9n nacidos hasta las seis semanas de edad - F\u00e1cil de digerir.","breadcrumb":{"@id":"https:\/\/petag.com\/es\/products\/goats-milk-kmr-kitten-milk-replacer-liquid-11oz\/#breadcrumb"},"inLanguage":"es","potentialAction":[{"@type":"ReadAction","target":["https:\/\/petag.com\/es\/products\/goats-milk-kmr-kitten-milk-replacer-liquid-11oz\/"]}]},{"@type":"ImageObject","inLanguage":"es","@id":"https:\/\/petag.com\/es\/products\/goats-milk-kmr-kitten-milk-replacer-liquid-11oz\/#primaryimage","url":"https:\/\/petag.com\/wp-content\/uploads\/2025\/07\/99482-GoatsMilk-KMR-Lqd-11oz-Frnt.png","contentUrl":"https:\/\/petag.com\/wp-content\/uploads\/2025\/07\/99482-GoatsMilk-KMR-Lqd-11oz-Frnt.png","width":1024,"height":1024},{"@type":"BreadcrumbList","@id":"https:\/\/petag.com\/es\/products\/goats-milk-kmr-kitten-milk-replacer-liquid-11oz\/#breadcrumb","itemListElement":[{"@type":"ListItem","position":1,"name":"Home","item":"https:\/\/petag.com\/es\/home\/"},{"@type":"ListItem","position":2,"name":"Productos","item":"https:\/\/petag.com\/es\/products\/"},{"@type":"ListItem","position":3,"name":"Goat&#8217;s Milk KMR\u00ae Kitten Milk Replacer L\u00edquido"}]},{"@type":"WebSite","@id":"https:\/\/petag.com\/es\/#website","url":"https:\/\/petag.com\/es\/","name":"PetAg","description":"Care for animals with newborn nutrition, supplements and grooming solutions","publisher":{"@id":"https:\/\/petag.com\/es\/#organization"},"potentialAction":[{"@type":"SearchAction","target":{"@type":"EntryPoint","urlTemplate":"https:\/\/petag.com\/es\/?s={search_term_string}"},"query-input":{"@type":"PropertyValueSpecification","valueRequired":true,"valueName":"search_term_string"}}],"inLanguage":"es"},{"@type":"Organization","@id":"https:\/\/petag.com\/es\/#organization","name":"Pet-Ag, Inc.","url":"https:\/\/petag.com\/es\/","logo":{"@type":"ImageObject","inLanguage":"es","@id":"https:\/\/petag.com\/es\/#\/schema\/logo\/image\/","url":"https:\/\/petag.com\/wp-content\/uploads\/2025\/05\/PetAg_Logo_mainnav.png","contentUrl":"https:\/\/petag.com\/wp-content\/uploads\/2025\/05\/PetAg_Logo_mainnav.png","width":307,"height":236,"caption":"Pet-Ag, Inc."},"image":{"@id":"https:\/\/petag.com\/es\/#\/schema\/logo\/image\/"},"sameAs":["https:\/\/www.facebook.com\/petagproducts\/","https:\/\/www.instagram.com\/petagpetproducts\/","https:\/\/www.linkedin.com\/company\/petag-inc-\/","https:\/\/www.youtube.com\/@PetAgEveryAnimalEveryDay"]}]}},"_links":{"self":[{"href":"https:\/\/petag.com\/es\/wp-json\/wp\/v2\/product\/2460","targetHints":{"allow":["GET"]}}],"collection":[{"href":"https:\/\/petag.com\/es\/wp-json\/wp\/v2\/product"}],"about":[{"href":"https:\/\/petag.com\/es\/wp-json\/wp\/v2\/types\/product"}],"replies":[{"embeddable":true,"href":"https:\/\/petag.com\/es\/wp-json\/wp\/v2\/comments?post=2460"}],"wp:featuredmedia":[{"embeddable":true,"href":"https:\/\/petag.com\/es\/wp-json\/wp\/v2\/media\/1535"}],"wp:attachment":[{"href":"https:\/\/petag.com\/es\/wp-json\/wp\/v2\/media?parent=2460"}],"wp:term":[{"taxonomy":"product_brand","embeddable":true,"href":"https:\/\/petag.com\/es\/wp-json\/wp\/v2\/product_brand?post=2460"},{"taxonomy":"product_cat","embeddable":true,"href":"https:\/\/petag.com\/es\/wp-json\/wp\/v2\/product_cat?post=2460"},{"taxonomy":"product_tag","embeddable":true,"href":"https:\/\/petag.com\/es\/wp-json\/wp\/v2\/product_tag?post=2460"},{"taxonomy":"animal-type","embeddable":true,"href":"https:\/\/petag.com\/es\/wp-json\/wp\/v2\/animal-type?post=2460"}],"curies":[{"name":"wp","href":"https:\/\/api.w.org\/{rel}","templated":true}]}}