{"id":2453,"date":"2025-07-10T17:38:32","date_gmt":"2025-07-10T17:38:32","guid":{"rendered":"https:\/\/petagstg.wpenginepowered.com\/products\/colonia-en-spray-fresh-n-clean-aroma-floral-fresco\/"},"modified":"2025-07-30T15:52:59","modified_gmt":"2025-07-30T15:52:59","slug":"fresh-n-clean-cologne-spray-fresh-floral-scent","status":"publish","type":"product","link":"https:\/\/petag.com\/es\/products\/fresh-n-clean-cologne-spray-fresh-floral-scent\/","title":{"rendered":"Colonia en Spray Fresh &#8216;n Clean\u00ae &#8211; Aroma Floral Fresco"},"content":{"rendered":"<p>Util\u00edcelo para refrescar r\u00e1pidamente los aromas Floral Fresco, Polvo de Beb\u00e9 y Tropical.<\/p>\n<ul>\n<li>Mantiene a las mascotas con un olor fresco.<\/li>\n<li>Utilizar despu\u00e9s del aseo y entre ba\u00f1os.<\/li>\n<\/ul>\n","protected":false},"excerpt":{"rendered":"<p>Controla el olor y mantiene a los perros frescos<\/p>\n","protected":false},"featured_media":1953,"comment_status":"closed","ping_status":"closed","template":"","meta":{"_et_pb_use_builder":"","_et_pb_old_content":"","_et_gb_content_width":""},"product_brand":[30],"product_cat":[55],"product_tag":[],"animal-type":[65],"class_list":{"0":"post-2453","1":"product","2":"type-product","3":"status-publish","4":"has-post-thumbnail","6":"product_brand-fresh-n-clean","7":"product_cat-aseo-en-casa","8":"pa_sizes-12-oz-es","9":"animal-type-perros-y-cachorros","11":"first","12":"instock","13":"product-type-simple"},"yoast_head":"<!-- This site is optimized with the Yoast SEO plugin v27.2 - https:\/\/yoast.com\/product\/yoast-seo-wordpress\/ -->\n<title>Colonia en Spray Fresh &#039;n Clean\u00ae - Aroma Floral Fresco | PetAg<\/title>\n<meta name=\"robots\" content=\"index, follow, max-snippet:-1, max-image-preview:large, max-video-preview:-1\" \/>\n<link rel=\"canonical\" href=\"https:\/\/petag.com\/es\/products\/fresh-n-clean-cologne-spray-fresh-floral-scent\/\" \/>\n<meta property=\"og:locale\" content=\"es_ES\" \/>\n<meta property=\"og:type\" content=\"article\" \/>\n<meta property=\"og:title\" content=\"Colonia en Spray Fresh &#039;n Clean\u00ae - Aroma Floral Fresco | PetAg\" \/>\n<meta property=\"og:description\" content=\"Controla el olor y mantiene a los perros frescos\" \/>\n<meta property=\"og:url\" content=\"https:\/\/petag.com\/es\/products\/fresh-n-clean-cologne-spray-fresh-floral-scent\/\" \/>\n<meta property=\"og:site_name\" content=\"PetAg\" \/>\n<meta property=\"article:publisher\" content=\"https:\/\/www.facebook.com\/petagproducts\/\" \/>\n<meta property=\"article:modified_time\" content=\"2025-07-30T15:52:59+00:00\" \/>\n<meta property=\"og:image\" content=\"https:\/\/petag.com\/wp-content\/uploads\/2025\/07\/21571-FNC_CologneSpray_FreshFloral_12oz-Frnt.png\" \/>\n\t<meta property=\"og:image:width\" content=\"1024\" \/>\n\t<meta property=\"og:image:height\" content=\"1024\" \/>\n\t<meta property=\"og:image:type\" content=\"image\/png\" \/>\n<meta name=\"twitter:card\" content=\"summary_large_image\" \/>\n<script type=\"application\/ld+json\" class=\"yoast-schema-graph\">{\"@context\":\"https:\/\/schema.org\",\"@graph\":[{\"@type\":\"WebPage\",\"@id\":\"https:\/\/petag.com\/es\/products\/fresh-n-clean-cologne-spray-fresh-floral-scent\/\",\"url\":\"https:\/\/petag.com\/es\/products\/fresh-n-clean-cologne-spray-fresh-floral-scent\/\",\"name\":\"Colonia en Spray Fresh 'n Clean\u00ae - Aroma Floral Fresco | PetAg\",\"isPartOf\":{\"@id\":\"https:\/\/petag.com\/es\/#website\"},\"primaryImageOfPage\":{\"@id\":\"https:\/\/petag.com\/es\/products\/fresh-n-clean-cologne-spray-fresh-floral-scent\/#primaryimage\"},\"image\":{\"@id\":\"https:\/\/petag.com\/es\/products\/fresh-n-clean-cologne-spray-fresh-floral-scent\/#primaryimage\"},\"thumbnailUrl\":\"https:\/\/petag.com\/wp-content\/uploads\/2025\/07\/21571-FNC_CologneSpray_FreshFloral_12oz-Frnt.png\",\"datePublished\":\"2025-07-10T17:38:32+00:00\",\"dateModified\":\"2025-07-30T15:52:59+00:00\",\"breadcrumb\":{\"@id\":\"https:\/\/petag.com\/es\/products\/fresh-n-clean-cologne-spray-fresh-floral-scent\/#breadcrumb\"},\"inLanguage\":\"es\",\"potentialAction\":[{\"@type\":\"ReadAction\",\"target\":[\"https:\/\/petag.com\/es\/products\/fresh-n-clean-cologne-spray-fresh-floral-scent\/\"]}]},{\"@type\":\"ImageObject\",\"inLanguage\":\"es\",\"@id\":\"https:\/\/petag.com\/es\/products\/fresh-n-clean-cologne-spray-fresh-floral-scent\/#primaryimage\",\"url\":\"https:\/\/petag.com\/wp-content\/uploads\/2025\/07\/21571-FNC_CologneSpray_FreshFloral_12oz-Frnt.png\",\"contentUrl\":\"https:\/\/petag.com\/wp-content\/uploads\/2025\/07\/21571-FNC_CologneSpray_FreshFloral_12oz-Frnt.png\",\"width\":1024,\"height\":1024},{\"@type\":\"BreadcrumbList\",\"@id\":\"https:\/\/petag.com\/es\/products\/fresh-n-clean-cologne-spray-fresh-floral-scent\/#breadcrumb\",\"itemListElement\":[{\"@type\":\"ListItem\",\"position\":1,\"name\":\"Home\",\"item\":\"https:\/\/petag.com\/es\/home\/\"},{\"@type\":\"ListItem\",\"position\":2,\"name\":\"Productos\",\"item\":\"https:\/\/petag.com\/es\/products\/\"},{\"@type\":\"ListItem\",\"position\":3,\"name\":\"Colonia en Spray Fresh &#8216;n Clean\u00ae &#8211; Aroma Floral Fresco\"}]},{\"@type\":\"WebSite\",\"@id\":\"https:\/\/petag.com\/es\/#website\",\"url\":\"https:\/\/petag.com\/es\/\",\"name\":\"PetAg\",\"description\":\"Care for animals with newborn nutrition, supplements and grooming solutions\",\"publisher\":{\"@id\":\"https:\/\/petag.com\/es\/#organization\"},\"potentialAction\":[{\"@type\":\"SearchAction\",\"target\":{\"@type\":\"EntryPoint\",\"urlTemplate\":\"https:\/\/petag.com\/es\/?s={search_term_string}\"},\"query-input\":{\"@type\":\"PropertyValueSpecification\",\"valueRequired\":true,\"valueName\":\"search_term_string\"}}],\"inLanguage\":\"es\"},{\"@type\":\"Organization\",\"@id\":\"https:\/\/petag.com\/es\/#organization\",\"name\":\"Pet-Ag, Inc.\",\"url\":\"https:\/\/petag.com\/es\/\",\"logo\":{\"@type\":\"ImageObject\",\"inLanguage\":\"es\",\"@id\":\"https:\/\/petag.com\/es\/#\/schema\/logo\/image\/\",\"url\":\"https:\/\/petag.com\/wp-content\/uploads\/2025\/05\/PetAg_Logo_mainnav.png\",\"contentUrl\":\"https:\/\/petag.com\/wp-content\/uploads\/2025\/05\/PetAg_Logo_mainnav.png\",\"width\":307,\"height\":236,\"caption\":\"Pet-Ag, Inc.\"},\"image\":{\"@id\":\"https:\/\/petag.com\/es\/#\/schema\/logo\/image\/\"},\"sameAs\":[\"https:\/\/www.facebook.com\/petagproducts\/\",\"https:\/\/www.instagram.com\/petagpetproducts\/\",\"https:\/\/www.linkedin.com\/company\/petag-inc-\/\",\"https:\/\/www.youtube.com\/@PetAgEveryAnimalEveryDay\"]}]}<\/script>\n<!-- \/ Yoast SEO plugin. -->","yoast_head_json":{"title":"Colonia en Spray Fresh 'n Clean\u00ae - Aroma Floral Fresco | PetAg","robots":{"index":"index","follow":"follow","max-snippet":"max-snippet:-1","max-image-preview":"max-image-preview:large","max-video-preview":"max-video-preview:-1"},"canonical":"https:\/\/petag.com\/es\/products\/fresh-n-clean-cologne-spray-fresh-floral-scent\/","og_locale":"es_ES","og_type":"article","og_title":"Colonia en Spray Fresh 'n Clean\u00ae - Aroma Floral Fresco | PetAg","og_description":"Controla el olor y mantiene a los perros frescos","og_url":"https:\/\/petag.com\/es\/products\/fresh-n-clean-cologne-spray-fresh-floral-scent\/","og_site_name":"PetAg","article_publisher":"https:\/\/www.facebook.com\/petagproducts\/","article_modified_time":"2025-07-30T15:52:59+00:00","og_image":[{"width":1024,"height":1024,"url":"https:\/\/petag.com\/wp-content\/uploads\/2025\/07\/21571-FNC_CologneSpray_FreshFloral_12oz-Frnt.png","type":"image\/png"}],"twitter_card":"summary_large_image","schema":{"@context":"https:\/\/schema.org","@graph":[{"@type":"WebPage","@id":"https:\/\/petag.com\/es\/products\/fresh-n-clean-cologne-spray-fresh-floral-scent\/","url":"https:\/\/petag.com\/es\/products\/fresh-n-clean-cologne-spray-fresh-floral-scent\/","name":"Colonia en Spray Fresh 'n Clean\u00ae - Aroma Floral Fresco | PetAg","isPartOf":{"@id":"https:\/\/petag.com\/es\/#website"},"primaryImageOfPage":{"@id":"https:\/\/petag.com\/es\/products\/fresh-n-clean-cologne-spray-fresh-floral-scent\/#primaryimage"},"image":{"@id":"https:\/\/petag.com\/es\/products\/fresh-n-clean-cologne-spray-fresh-floral-scent\/#primaryimage"},"thumbnailUrl":"https:\/\/petag.com\/wp-content\/uploads\/2025\/07\/21571-FNC_CologneSpray_FreshFloral_12oz-Frnt.png","datePublished":"2025-07-10T17:38:32+00:00","dateModified":"2025-07-30T15:52:59+00:00","breadcrumb":{"@id":"https:\/\/petag.com\/es\/products\/fresh-n-clean-cologne-spray-fresh-floral-scent\/#breadcrumb"},"inLanguage":"es","potentialAction":[{"@type":"ReadAction","target":["https:\/\/petag.com\/es\/products\/fresh-n-clean-cologne-spray-fresh-floral-scent\/"]}]},{"@type":"ImageObject","inLanguage":"es","@id":"https:\/\/petag.com\/es\/products\/fresh-n-clean-cologne-spray-fresh-floral-scent\/#primaryimage","url":"https:\/\/petag.com\/wp-content\/uploads\/2025\/07\/21571-FNC_CologneSpray_FreshFloral_12oz-Frnt.png","contentUrl":"https:\/\/petag.com\/wp-content\/uploads\/2025\/07\/21571-FNC_CologneSpray_FreshFloral_12oz-Frnt.png","width":1024,"height":1024},{"@type":"BreadcrumbList","@id":"https:\/\/petag.com\/es\/products\/fresh-n-clean-cologne-spray-fresh-floral-scent\/#breadcrumb","itemListElement":[{"@type":"ListItem","position":1,"name":"Home","item":"https:\/\/petag.com\/es\/home\/"},{"@type":"ListItem","position":2,"name":"Productos","item":"https:\/\/petag.com\/es\/products\/"},{"@type":"ListItem","position":3,"name":"Colonia en Spray Fresh &#8216;n Clean\u00ae &#8211; Aroma Floral Fresco"}]},{"@type":"WebSite","@id":"https:\/\/petag.com\/es\/#website","url":"https:\/\/petag.com\/es\/","name":"PetAg","description":"Care for animals with newborn nutrition, supplements and grooming solutions","publisher":{"@id":"https:\/\/petag.com\/es\/#organization"},"potentialAction":[{"@type":"SearchAction","target":{"@type":"EntryPoint","urlTemplate":"https:\/\/petag.com\/es\/?s={search_term_string}"},"query-input":{"@type":"PropertyValueSpecification","valueRequired":true,"valueName":"search_term_string"}}],"inLanguage":"es"},{"@type":"Organization","@id":"https:\/\/petag.com\/es\/#organization","name":"Pet-Ag, Inc.","url":"https:\/\/petag.com\/es\/","logo":{"@type":"ImageObject","inLanguage":"es","@id":"https:\/\/petag.com\/es\/#\/schema\/logo\/image\/","url":"https:\/\/petag.com\/wp-content\/uploads\/2025\/05\/PetAg_Logo_mainnav.png","contentUrl":"https:\/\/petag.com\/wp-content\/uploads\/2025\/05\/PetAg_Logo_mainnav.png","width":307,"height":236,"caption":"Pet-Ag, Inc."},"image":{"@id":"https:\/\/petag.com\/es\/#\/schema\/logo\/image\/"},"sameAs":["https:\/\/www.facebook.com\/petagproducts\/","https:\/\/www.instagram.com\/petagpetproducts\/","https:\/\/www.linkedin.com\/company\/petag-inc-\/","https:\/\/www.youtube.com\/@PetAgEveryAnimalEveryDay"]}]}},"_links":{"self":[{"href":"https:\/\/petag.com\/es\/wp-json\/wp\/v2\/product\/2453","targetHints":{"allow":["GET"]}}],"collection":[{"href":"https:\/\/petag.com\/es\/wp-json\/wp\/v2\/product"}],"about":[{"href":"https:\/\/petag.com\/es\/wp-json\/wp\/v2\/types\/product"}],"replies":[{"embeddable":true,"href":"https:\/\/petag.com\/es\/wp-json\/wp\/v2\/comments?post=2453"}],"wp:featuredmedia":[{"embeddable":true,"href":"https:\/\/petag.com\/es\/wp-json\/wp\/v2\/media\/1953"}],"wp:attachment":[{"href":"https:\/\/petag.com\/es\/wp-json\/wp\/v2\/media?parent=2453"}],"wp:term":[{"taxonomy":"product_brand","embeddable":true,"href":"https:\/\/petag.com\/es\/wp-json\/wp\/v2\/product_brand?post=2453"},{"taxonomy":"product_cat","embeddable":true,"href":"https:\/\/petag.com\/es\/wp-json\/wp\/v2\/product_cat?post=2453"},{"taxonomy":"product_tag","embeddable":true,"href":"https:\/\/petag.com\/es\/wp-json\/wp\/v2\/product_tag?post=2453"},{"taxonomy":"animal-type","embeddable":true,"href":"https:\/\/petag.com\/es\/wp-json\/wp\/v2\/animal-type?post=2453"}],"curies":[{"name":"wp","href":"https:\/\/api.w.org\/{rel}","templated":true}]}}