{"id":2450,"date":"2025-07-10T17:38:32","date_gmt":"2025-07-10T17:38:32","guid":{"rendered":"https:\/\/petagstg.wpenginepowered.com\/products\/fresh-n-clean-champu-de-avena-y-bicarbonato-sodico-aroma-brisa-tropical-concentrado-151\/"},"modified":"2025-07-30T15:39:41","modified_gmt":"2025-07-30T15:39:41","slug":"fresh-n-clean-oatmeal-n-baking-soda-shampoo-tropical-breeze-scent-151-concentrate","status":"publish","type":"product","link":"https:\/\/petag.com\/es\/products\/fresh-n-clean-oatmeal-n-baking-soda-shampoo-tropical-breeze-scent-151-concentrate\/","title":{"rendered":"Fresh &#8216;n Clean\u00ae Champ\u00fa de Avena y Bicarbonato S\u00f3dico &#8211; Aroma Brisa Tropical (Concentrado 15:1)"},"content":{"rendered":"<p>El champ\u00fa Fresh &#8216;n Clean a base de avena y bicarbonato de sodio, la elecci\u00f3n preferida de los peluqueros, es ideal para perros con piel seca, sensible y con picores. Su f\u00f3rmula natural sin jab\u00f3n procede en un 95% de plantas y combina las cualidades calmantes de la avena coloidal con el poder antiolores del bicarbonato s\u00f3dico. Con una infusi\u00f3n de prote\u00ednas, vitamina E y aloe, este champ\u00fa repara e hidrata para conseguir un pelaje sano y manejable. La concentraci\u00f3n de 15:1 ahorra gastos de env\u00edo con m\u00e1s lavados por botella. Y la fragancia de larga duraci\u00f3n caracter\u00edstica de Fresh &#8216;n Clean mantiene el olor fresco del perro de su cliente hasta dos semanas.    <\/p>\n<ul>\n<li>Deja el pelo sano, suave y brillante<\/li>\n<li>La avena calma la piel y el bicarbonato desodoriza<\/li>\n<li>Hidrata con Aloe vera<\/li>\n<li>Enriquecido con prote\u00ednas para fortalecer y proteger el pelaje<\/li>\n<li>pH equilibrado y sin parabenos<\/li>\n<li>F\u00f3rmula sin jab\u00f3n<\/li>\n<li>El aroma Tropical Breeze dura hasta 2 semanas<\/li>\n<li>15:1 Concentrado hace 16 galones de champ\u00fa<\/li>\n<\/ul>\n","protected":false},"excerpt":{"rendered":"<p>Nutre la piel seca y con picores con vitamina E y aloe &#8211; Fortalece y repara &#8211; Sin jab\u00f3n<\/p>\n","protected":false},"featured_media":2174,"comment_status":"closed","ping_status":"closed","template":"","meta":{"_et_pb_use_builder":"","_et_pb_old_content":"","_et_gb_content_width":""},"product_brand":[30],"product_cat":[56],"product_tag":[130],"animal-type":[65],"class_list":{"0":"post-2450","1":"product","2":"type-product","3":"status-publish","4":"has-post-thumbnail","6":"product_brand-fresh-n-clean","7":"product_cat-grooming-para-empresas","8":"product_tag-tendencias","9":"pa_sizes-1-galon","10":"animal-type-perros-y-cachorros","12":"first","13":"instock","14":"product-type-simple"},"yoast_head":"<!-- This site is optimized with the Yoast SEO plugin v27.2 - https:\/\/yoast.com\/product\/yoast-seo-wordpress\/ -->\n<title>Fresh &#039;n Clean\u00ae Champ\u00fa de Avena y Bicarbonato S\u00f3dico - Aroma Brisa Tropical (Concentrado 15:1) | PetAg<\/title>\n<meta name=\"robots\" content=\"index, follow, max-snippet:-1, max-image-preview:large, max-video-preview:-1\" \/>\n<link rel=\"canonical\" href=\"https:\/\/petag.com\/es\/products\/fresh-n-clean-oatmeal-n-baking-soda-shampoo-tropical-breeze-scent-151-concentrate\/\" \/>\n<meta property=\"og:locale\" content=\"es_ES\" \/>\n<meta property=\"og:type\" content=\"article\" \/>\n<meta property=\"og:title\" content=\"Fresh &#039;n Clean\u00ae Champ\u00fa de Avena y Bicarbonato S\u00f3dico - Aroma Brisa Tropical (Concentrado 15:1) | PetAg\" \/>\n<meta property=\"og:description\" content=\"Nutre la piel seca y con picores con vitamina E y aloe - Fortalece y repara - Sin jab\u00f3n\" \/>\n<meta property=\"og:url\" content=\"https:\/\/petag.com\/es\/products\/fresh-n-clean-oatmeal-n-baking-soda-shampoo-tropical-breeze-scent-151-concentrate\/\" \/>\n<meta property=\"og:site_name\" content=\"PetAg\" \/>\n<meta property=\"article:publisher\" content=\"https:\/\/www.facebook.com\/petagproducts\/\" \/>\n<meta property=\"article:modified_time\" content=\"2025-07-30T15:39:41+00:00\" \/>\n<meta property=\"og:image\" content=\"https:\/\/petag.com\/wp-content\/uploads\/2025\/07\/22560-FNC_Oatmeal-BakingSoda_Shampoo_Tropical_15to1_gal-Frnt-v2.png\" \/>\n\t<meta property=\"og:image:width\" content=\"1024\" \/>\n\t<meta property=\"og:image:height\" content=\"1024\" \/>\n\t<meta property=\"og:image:type\" content=\"image\/png\" \/>\n<meta name=\"twitter:card\" content=\"summary_large_image\" \/>\n<meta name=\"twitter:label1\" content=\"Est. reading time\" \/>\n\t<meta name=\"twitter:data1\" content=\"1 minuto\" \/>\n<script type=\"application\/ld+json\" class=\"yoast-schema-graph\">{\"@context\":\"https:\/\/schema.org\",\"@graph\":[{\"@type\":\"WebPage\",\"@id\":\"https:\/\/petag.com\/es\/products\/fresh-n-clean-oatmeal-n-baking-soda-shampoo-tropical-breeze-scent-151-concentrate\/\",\"url\":\"https:\/\/petag.com\/es\/products\/fresh-n-clean-oatmeal-n-baking-soda-shampoo-tropical-breeze-scent-151-concentrate\/\",\"name\":\"Fresh 'n Clean\u00ae Champ\u00fa de Avena y Bicarbonato S\u00f3dico - Aroma Brisa Tropical (Concentrado 15:1) | PetAg\",\"isPartOf\":{\"@id\":\"https:\/\/petag.com\/es\/#website\"},\"primaryImageOfPage\":{\"@id\":\"https:\/\/petag.com\/es\/products\/fresh-n-clean-oatmeal-n-baking-soda-shampoo-tropical-breeze-scent-151-concentrate\/#primaryimage\"},\"image\":{\"@id\":\"https:\/\/petag.com\/es\/products\/fresh-n-clean-oatmeal-n-baking-soda-shampoo-tropical-breeze-scent-151-concentrate\/#primaryimage\"},\"thumbnailUrl\":\"https:\/\/petag.com\/wp-content\/uploads\/2025\/07\/22560-FNC_Oatmeal-BakingSoda_Shampoo_Tropical_15to1_gal-Frnt-v2.png\",\"datePublished\":\"2025-07-10T17:38:32+00:00\",\"dateModified\":\"2025-07-30T15:39:41+00:00\",\"breadcrumb\":{\"@id\":\"https:\/\/petag.com\/es\/products\/fresh-n-clean-oatmeal-n-baking-soda-shampoo-tropical-breeze-scent-151-concentrate\/#breadcrumb\"},\"inLanguage\":\"es\",\"potentialAction\":[{\"@type\":\"ReadAction\",\"target\":[\"https:\/\/petag.com\/es\/products\/fresh-n-clean-oatmeal-n-baking-soda-shampoo-tropical-breeze-scent-151-concentrate\/\"]}]},{\"@type\":\"ImageObject\",\"inLanguage\":\"es\",\"@id\":\"https:\/\/petag.com\/es\/products\/fresh-n-clean-oatmeal-n-baking-soda-shampoo-tropical-breeze-scent-151-concentrate\/#primaryimage\",\"url\":\"https:\/\/petag.com\/wp-content\/uploads\/2025\/07\/22560-FNC_Oatmeal-BakingSoda_Shampoo_Tropical_15to1_gal-Frnt-v2.png\",\"contentUrl\":\"https:\/\/petag.com\/wp-content\/uploads\/2025\/07\/22560-FNC_Oatmeal-BakingSoda_Shampoo_Tropical_15to1_gal-Frnt-v2.png\",\"width\":1024,\"height\":1024},{\"@type\":\"BreadcrumbList\",\"@id\":\"https:\/\/petag.com\/es\/products\/fresh-n-clean-oatmeal-n-baking-soda-shampoo-tropical-breeze-scent-151-concentrate\/#breadcrumb\",\"itemListElement\":[{\"@type\":\"ListItem\",\"position\":1,\"name\":\"Home\",\"item\":\"https:\/\/petag.com\/es\/home\/\"},{\"@type\":\"ListItem\",\"position\":2,\"name\":\"Productos\",\"item\":\"https:\/\/petag.com\/es\/products\/\"},{\"@type\":\"ListItem\",\"position\":3,\"name\":\"Fresh &#8216;n Clean\u00ae Champ\u00fa de Avena y Bicarbonato S\u00f3dico &#8211; Aroma Brisa Tropical (Concentrado 15:1)\"}]},{\"@type\":\"WebSite\",\"@id\":\"https:\/\/petag.com\/es\/#website\",\"url\":\"https:\/\/petag.com\/es\/\",\"name\":\"PetAg\",\"description\":\"Care for animals with newborn nutrition, supplements and grooming solutions\",\"publisher\":{\"@id\":\"https:\/\/petag.com\/es\/#organization\"},\"potentialAction\":[{\"@type\":\"SearchAction\",\"target\":{\"@type\":\"EntryPoint\",\"urlTemplate\":\"https:\/\/petag.com\/es\/?s={search_term_string}\"},\"query-input\":{\"@type\":\"PropertyValueSpecification\",\"valueRequired\":true,\"valueName\":\"search_term_string\"}}],\"inLanguage\":\"es\"},{\"@type\":\"Organization\",\"@id\":\"https:\/\/petag.com\/es\/#organization\",\"name\":\"Pet-Ag, Inc.\",\"url\":\"https:\/\/petag.com\/es\/\",\"logo\":{\"@type\":\"ImageObject\",\"inLanguage\":\"es\",\"@id\":\"https:\/\/petag.com\/es\/#\/schema\/logo\/image\/\",\"url\":\"https:\/\/petag.com\/wp-content\/uploads\/2025\/05\/PetAg_Logo_mainnav.png\",\"contentUrl\":\"https:\/\/petag.com\/wp-content\/uploads\/2025\/05\/PetAg_Logo_mainnav.png\",\"width\":307,\"height\":236,\"caption\":\"Pet-Ag, Inc.\"},\"image\":{\"@id\":\"https:\/\/petag.com\/es\/#\/schema\/logo\/image\/\"},\"sameAs\":[\"https:\/\/www.facebook.com\/petagproducts\/\",\"https:\/\/www.instagram.com\/petagpetproducts\/\",\"https:\/\/www.linkedin.com\/company\/petag-inc-\/\",\"https:\/\/www.youtube.com\/@PetAgEveryAnimalEveryDay\"]}]}<\/script>\n<!-- \/ Yoast SEO plugin. -->","yoast_head_json":{"title":"Fresh 'n Clean\u00ae Champ\u00fa de Avena y Bicarbonato S\u00f3dico - Aroma Brisa Tropical (Concentrado 15:1) | PetAg","robots":{"index":"index","follow":"follow","max-snippet":"max-snippet:-1","max-image-preview":"max-image-preview:large","max-video-preview":"max-video-preview:-1"},"canonical":"https:\/\/petag.com\/es\/products\/fresh-n-clean-oatmeal-n-baking-soda-shampoo-tropical-breeze-scent-151-concentrate\/","og_locale":"es_ES","og_type":"article","og_title":"Fresh 'n Clean\u00ae Champ\u00fa de Avena y Bicarbonato S\u00f3dico - Aroma Brisa Tropical (Concentrado 15:1) | PetAg","og_description":"Nutre la piel seca y con picores con vitamina E y aloe - Fortalece y repara - Sin jab\u00f3n","og_url":"https:\/\/petag.com\/es\/products\/fresh-n-clean-oatmeal-n-baking-soda-shampoo-tropical-breeze-scent-151-concentrate\/","og_site_name":"PetAg","article_publisher":"https:\/\/www.facebook.com\/petagproducts\/","article_modified_time":"2025-07-30T15:39:41+00:00","og_image":[{"width":1024,"height":1024,"url":"https:\/\/petag.com\/wp-content\/uploads\/2025\/07\/22560-FNC_Oatmeal-BakingSoda_Shampoo_Tropical_15to1_gal-Frnt-v2.png","type":"image\/png"}],"twitter_card":"summary_large_image","twitter_misc":{"Est. reading time":"1 minuto"},"schema":{"@context":"https:\/\/schema.org","@graph":[{"@type":"WebPage","@id":"https:\/\/petag.com\/es\/products\/fresh-n-clean-oatmeal-n-baking-soda-shampoo-tropical-breeze-scent-151-concentrate\/","url":"https:\/\/petag.com\/es\/products\/fresh-n-clean-oatmeal-n-baking-soda-shampoo-tropical-breeze-scent-151-concentrate\/","name":"Fresh 'n Clean\u00ae Champ\u00fa de Avena y Bicarbonato S\u00f3dico - Aroma Brisa Tropical (Concentrado 15:1) | PetAg","isPartOf":{"@id":"https:\/\/petag.com\/es\/#website"},"primaryImageOfPage":{"@id":"https:\/\/petag.com\/es\/products\/fresh-n-clean-oatmeal-n-baking-soda-shampoo-tropical-breeze-scent-151-concentrate\/#primaryimage"},"image":{"@id":"https:\/\/petag.com\/es\/products\/fresh-n-clean-oatmeal-n-baking-soda-shampoo-tropical-breeze-scent-151-concentrate\/#primaryimage"},"thumbnailUrl":"https:\/\/petag.com\/wp-content\/uploads\/2025\/07\/22560-FNC_Oatmeal-BakingSoda_Shampoo_Tropical_15to1_gal-Frnt-v2.png","datePublished":"2025-07-10T17:38:32+00:00","dateModified":"2025-07-30T15:39:41+00:00","breadcrumb":{"@id":"https:\/\/petag.com\/es\/products\/fresh-n-clean-oatmeal-n-baking-soda-shampoo-tropical-breeze-scent-151-concentrate\/#breadcrumb"},"inLanguage":"es","potentialAction":[{"@type":"ReadAction","target":["https:\/\/petag.com\/es\/products\/fresh-n-clean-oatmeal-n-baking-soda-shampoo-tropical-breeze-scent-151-concentrate\/"]}]},{"@type":"ImageObject","inLanguage":"es","@id":"https:\/\/petag.com\/es\/products\/fresh-n-clean-oatmeal-n-baking-soda-shampoo-tropical-breeze-scent-151-concentrate\/#primaryimage","url":"https:\/\/petag.com\/wp-content\/uploads\/2025\/07\/22560-FNC_Oatmeal-BakingSoda_Shampoo_Tropical_15to1_gal-Frnt-v2.png","contentUrl":"https:\/\/petag.com\/wp-content\/uploads\/2025\/07\/22560-FNC_Oatmeal-BakingSoda_Shampoo_Tropical_15to1_gal-Frnt-v2.png","width":1024,"height":1024},{"@type":"BreadcrumbList","@id":"https:\/\/petag.com\/es\/products\/fresh-n-clean-oatmeal-n-baking-soda-shampoo-tropical-breeze-scent-151-concentrate\/#breadcrumb","itemListElement":[{"@type":"ListItem","position":1,"name":"Home","item":"https:\/\/petag.com\/es\/home\/"},{"@type":"ListItem","position":2,"name":"Productos","item":"https:\/\/petag.com\/es\/products\/"},{"@type":"ListItem","position":3,"name":"Fresh &#8216;n Clean\u00ae Champ\u00fa de Avena y Bicarbonato S\u00f3dico &#8211; Aroma Brisa Tropical (Concentrado 15:1)"}]},{"@type":"WebSite","@id":"https:\/\/petag.com\/es\/#website","url":"https:\/\/petag.com\/es\/","name":"PetAg","description":"Care for animals with newborn nutrition, supplements and grooming solutions","publisher":{"@id":"https:\/\/petag.com\/es\/#organization"},"potentialAction":[{"@type":"SearchAction","target":{"@type":"EntryPoint","urlTemplate":"https:\/\/petag.com\/es\/?s={search_term_string}"},"query-input":{"@type":"PropertyValueSpecification","valueRequired":true,"valueName":"search_term_string"}}],"inLanguage":"es"},{"@type":"Organization","@id":"https:\/\/petag.com\/es\/#organization","name":"Pet-Ag, Inc.","url":"https:\/\/petag.com\/es\/","logo":{"@type":"ImageObject","inLanguage":"es","@id":"https:\/\/petag.com\/es\/#\/schema\/logo\/image\/","url":"https:\/\/petag.com\/wp-content\/uploads\/2025\/05\/PetAg_Logo_mainnav.png","contentUrl":"https:\/\/petag.com\/wp-content\/uploads\/2025\/05\/PetAg_Logo_mainnav.png","width":307,"height":236,"caption":"Pet-Ag, Inc."},"image":{"@id":"https:\/\/petag.com\/es\/#\/schema\/logo\/image\/"},"sameAs":["https:\/\/www.facebook.com\/petagproducts\/","https:\/\/www.instagram.com\/petagpetproducts\/","https:\/\/www.linkedin.com\/company\/petag-inc-\/","https:\/\/www.youtube.com\/@PetAgEveryAnimalEveryDay"]}]}},"_links":{"self":[{"href":"https:\/\/petag.com\/es\/wp-json\/wp\/v2\/product\/2450","targetHints":{"allow":["GET"]}}],"collection":[{"href":"https:\/\/petag.com\/es\/wp-json\/wp\/v2\/product"}],"about":[{"href":"https:\/\/petag.com\/es\/wp-json\/wp\/v2\/types\/product"}],"replies":[{"embeddable":true,"href":"https:\/\/petag.com\/es\/wp-json\/wp\/v2\/comments?post=2450"}],"wp:featuredmedia":[{"embeddable":true,"href":"https:\/\/petag.com\/es\/wp-json\/wp\/v2\/media\/2174"}],"wp:attachment":[{"href":"https:\/\/petag.com\/es\/wp-json\/wp\/v2\/media?parent=2450"}],"wp:term":[{"taxonomy":"product_brand","embeddable":true,"href":"https:\/\/petag.com\/es\/wp-json\/wp\/v2\/product_brand?post=2450"},{"taxonomy":"product_cat","embeddable":true,"href":"https:\/\/petag.com\/es\/wp-json\/wp\/v2\/product_cat?post=2450"},{"taxonomy":"product_tag","embeddable":true,"href":"https:\/\/petag.com\/es\/wp-json\/wp\/v2\/product_tag?post=2450"},{"taxonomy":"animal-type","embeddable":true,"href":"https:\/\/petag.com\/es\/wp-json\/wp\/v2\/animal-type?post=2450"}],"curies":[{"name":"wp","href":"https:\/\/api.w.org\/{rel}","templated":true}]}}