{"id":2448,"date":"2025-07-10T17:38:32","date_gmt":"2025-07-10T17:38:32","guid":{"rendered":"https:\/\/petagstg.wpenginepowered.com\/products\/champu-perfumado-fresh-n-clean-perfume-fresco-clasico-listo-para-usar-para-profesionales\/"},"modified":"2025-07-30T15:41:37","modified_gmt":"2025-07-30T15:41:37","slug":"fresh-n-clean-scented-shampoo-classic-fresh-scent-ready-to-use-for-professionals","status":"publish","type":"product","link":"https:\/\/petag.com\/es\/products\/fresh-n-clean-scented-shampoo-classic-fresh-scent-ready-to-use-for-professionals\/","title":{"rendered":"Champ\u00fa perfumado Fresh &#8216;n Clean\u00ae &#8211; Perfume fresco cl\u00e1sico (listo para usar para profesionales)"},"content":{"rendered":"<p>Mantenga a los perros limpios y con un olor fresco todos los d\u00edas con el champ\u00fa perfumado para perros Fresh &#8216;n Clean. Los limpiadores naturales a base de plantas y sin jab\u00f3n eliminan la suciedad y la mugre. La vitamina E y el calmante Aloe vera retienen la humedad para un pelo suave y manejable y una piel tersa. El caracter\u00edstico y duradero aroma Classic Fresh de Fresh &#8216;n Clean mantiene el olor fresco del perro de su cliente hasta dos semanas.   <\/p>\n<ul>\n<li>Limpia suavemente con limpiadores vegetales sin jab\u00f3n y de pH equilibrado<\/li>\n<li>Formulado espec\u00edficamente para la piel sensible del perro<\/li>\n<li>Refuerza y repara los abrigos.<\/li>\n<li>El cl\u00e1sico aroma floral dura hasta dos semanas<\/li>\n<\/ul>\n","protected":false},"excerpt":{"rendered":"<p>Hidrata con Vitamina E y Aloe Vera &#8211; Fortalece y Repara el Pelaje &#8211; Sin Jab\u00f3n<\/p>\n","protected":false},"featured_media":2131,"comment_status":"closed","ping_status":"closed","template":"","meta":{"_et_pb_use_builder":"","_et_pb_old_content":"","_et_gb_content_width":""},"product_brand":[30],"product_cat":[56],"product_tag":[146],"animal-type":[65],"class_list":{"0":"post-2448","1":"product","2":"type-product","3":"status-publish","4":"has-post-thumbnail","6":"product_brand-fresh-n-clean","7":"product_cat-grooming-para-empresas","8":"product_tag-favorito-de-los-fans","9":"pa_sizes-1-galon","10":"animal-type-perros-y-cachorros","12":"first","13":"instock","14":"product-type-simple"},"yoast_head":"<!-- This site is optimized with the Yoast SEO plugin v27.4 - https:\/\/yoast.com\/product\/yoast-seo-wordpress\/ -->\n<title>Champ\u00fa perfumado Fresh &#039;n Clean\u00ae - Perfume fresco cl\u00e1sico (listo para usar para profesionales) | PetAg<\/title>\n<meta name=\"robots\" content=\"index, follow, max-snippet:-1, max-image-preview:large, max-video-preview:-1\" \/>\n<link rel=\"canonical\" href=\"https:\/\/petag.com\/es\/products\/fresh-n-clean-scented-shampoo-classic-fresh-scent-ready-to-use-for-professionals\/\" \/>\n<meta property=\"og:locale\" content=\"es_ES\" \/>\n<meta property=\"og:type\" content=\"article\" \/>\n<meta property=\"og:title\" content=\"Champ\u00fa perfumado Fresh &#039;n Clean\u00ae - Perfume fresco cl\u00e1sico (listo para usar para profesionales) | PetAg\" \/>\n<meta property=\"og:description\" content=\"Hidrata con Vitamina E y Aloe Vera - Fortalece y Repara el Pelaje - Sin Jab\u00f3n\" \/>\n<meta property=\"og:url\" content=\"https:\/\/petag.com\/es\/products\/fresh-n-clean-scented-shampoo-classic-fresh-scent-ready-to-use-for-professionals\/\" \/>\n<meta property=\"og:site_name\" content=\"PetAg\" \/>\n<meta property=\"article:publisher\" content=\"https:\/\/www.facebook.com\/petagproducts\/\" \/>\n<meta property=\"article:modified_time\" content=\"2025-07-30T15:41:37+00:00\" \/>\n<meta property=\"og:image\" content=\"https:\/\/petag.com\/wp-content\/uploads\/2025\/07\/21566-FNC_Scented_Shampoo_ClassicFresh_1gal-Frnt-v2.png\" \/>\n\t<meta property=\"og:image:width\" content=\"1024\" \/>\n\t<meta property=\"og:image:height\" content=\"1024\" \/>\n\t<meta property=\"og:image:type\" content=\"image\/png\" \/>\n<meta name=\"twitter:card\" content=\"summary_large_image\" \/>\n<meta name=\"twitter:label1\" content=\"Est. reading time\" \/>\n\t<meta name=\"twitter:data1\" content=\"1 minuto\" \/>\n<script type=\"application\/ld+json\" class=\"yoast-schema-graph\">{\"@context\":\"https:\\\/\\\/schema.org\",\"@graph\":[{\"@type\":\"WebPage\",\"@id\":\"https:\\\/\\\/petag.com\\\/es\\\/products\\\/fresh-n-clean-scented-shampoo-classic-fresh-scent-ready-to-use-for-professionals\\\/\",\"url\":\"https:\\\/\\\/petag.com\\\/es\\\/products\\\/fresh-n-clean-scented-shampoo-classic-fresh-scent-ready-to-use-for-professionals\\\/\",\"name\":\"Champ\u00fa perfumado Fresh 'n Clean\u00ae - Perfume fresco cl\u00e1sico (listo para usar para profesionales) | PetAg\",\"isPartOf\":{\"@id\":\"https:\\\/\\\/petag.com\\\/es\\\/#website\"},\"primaryImageOfPage\":{\"@id\":\"https:\\\/\\\/petag.com\\\/es\\\/products\\\/fresh-n-clean-scented-shampoo-classic-fresh-scent-ready-to-use-for-professionals\\\/#primaryimage\"},\"image\":{\"@id\":\"https:\\\/\\\/petag.com\\\/es\\\/products\\\/fresh-n-clean-scented-shampoo-classic-fresh-scent-ready-to-use-for-professionals\\\/#primaryimage\"},\"thumbnailUrl\":\"https:\\\/\\\/petag.com\\\/wp-content\\\/uploads\\\/2025\\\/07\\\/21566-FNC_Scented_Shampoo_ClassicFresh_1gal-Frnt-v2.png\",\"datePublished\":\"2025-07-10T17:38:32+00:00\",\"dateModified\":\"2025-07-30T15:41:37+00:00\",\"breadcrumb\":{\"@id\":\"https:\\\/\\\/petag.com\\\/es\\\/products\\\/fresh-n-clean-scented-shampoo-classic-fresh-scent-ready-to-use-for-professionals\\\/#breadcrumb\"},\"inLanguage\":\"es\",\"potentialAction\":[{\"@type\":\"ReadAction\",\"target\":[\"https:\\\/\\\/petag.com\\\/es\\\/products\\\/fresh-n-clean-scented-shampoo-classic-fresh-scent-ready-to-use-for-professionals\\\/\"]}]},{\"@type\":\"ImageObject\",\"inLanguage\":\"es\",\"@id\":\"https:\\\/\\\/petag.com\\\/es\\\/products\\\/fresh-n-clean-scented-shampoo-classic-fresh-scent-ready-to-use-for-professionals\\\/#primaryimage\",\"url\":\"https:\\\/\\\/petag.com\\\/wp-content\\\/uploads\\\/2025\\\/07\\\/21566-FNC_Scented_Shampoo_ClassicFresh_1gal-Frnt-v2.png\",\"contentUrl\":\"https:\\\/\\\/petag.com\\\/wp-content\\\/uploads\\\/2025\\\/07\\\/21566-FNC_Scented_Shampoo_ClassicFresh_1gal-Frnt-v2.png\",\"width\":1024,\"height\":1024},{\"@type\":\"BreadcrumbList\",\"@id\":\"https:\\\/\\\/petag.com\\\/es\\\/products\\\/fresh-n-clean-scented-shampoo-classic-fresh-scent-ready-to-use-for-professionals\\\/#breadcrumb\",\"itemListElement\":[{\"@type\":\"ListItem\",\"position\":1,\"name\":\"Home\",\"item\":\"https:\\\/\\\/petag.com\\\/es\\\/home\\\/\"},{\"@type\":\"ListItem\",\"position\":2,\"name\":\"Productos\",\"item\":\"https:\\\/\\\/petag.com\\\/es\\\/products\\\/\"},{\"@type\":\"ListItem\",\"position\":3,\"name\":\"Champ\u00fa perfumado Fresh &#8216;n Clean\u00ae &#8211; Perfume fresco cl\u00e1sico (listo para usar para profesionales)\"}]},{\"@type\":\"WebSite\",\"@id\":\"https:\\\/\\\/petag.com\\\/es\\\/#website\",\"url\":\"https:\\\/\\\/petag.com\\\/es\\\/\",\"name\":\"PetAg\",\"description\":\"Care for animals with newborn nutrition, supplements and grooming solutions\",\"publisher\":{\"@id\":\"https:\\\/\\\/petag.com\\\/es\\\/#organization\"},\"potentialAction\":[{\"@type\":\"SearchAction\",\"target\":{\"@type\":\"EntryPoint\",\"urlTemplate\":\"https:\\\/\\\/petag.com\\\/es\\\/?s={search_term_string}\"},\"query-input\":{\"@type\":\"PropertyValueSpecification\",\"valueRequired\":true,\"valueName\":\"search_term_string\"}}],\"inLanguage\":\"es\"},{\"@type\":\"Organization\",\"@id\":\"https:\\\/\\\/petag.com\\\/es\\\/#organization\",\"name\":\"Pet-Ag, Inc.\",\"url\":\"https:\\\/\\\/petag.com\\\/es\\\/\",\"logo\":{\"@type\":\"ImageObject\",\"inLanguage\":\"es\",\"@id\":\"https:\\\/\\\/petag.com\\\/es\\\/#\\\/schema\\\/logo\\\/image\\\/\",\"url\":\"https:\\\/\\\/petag.com\\\/wp-content\\\/uploads\\\/2025\\\/05\\\/PetAg_Logo_mainnav.png\",\"contentUrl\":\"https:\\\/\\\/petag.com\\\/wp-content\\\/uploads\\\/2025\\\/05\\\/PetAg_Logo_mainnav.png\",\"width\":307,\"height\":236,\"caption\":\"Pet-Ag, Inc.\"},\"image\":{\"@id\":\"https:\\\/\\\/petag.com\\\/es\\\/#\\\/schema\\\/logo\\\/image\\\/\"},\"sameAs\":[\"https:\\\/\\\/www.facebook.com\\\/petagproducts\\\/\",\"https:\\\/\\\/www.instagram.com\\\/petagpetproducts\\\/\",\"https:\\\/\\\/www.linkedin.com\\\/company\\\/petag-inc-\\\/\",\"https:\\\/\\\/www.youtube.com\\\/@PetAgEveryAnimalEveryDay\"]}]}<\/script>\n<!-- \/ Yoast SEO plugin. -->","yoast_head_json":{"title":"Champ\u00fa perfumado Fresh 'n Clean\u00ae - Perfume fresco cl\u00e1sico (listo para usar para profesionales) | PetAg","robots":{"index":"index","follow":"follow","max-snippet":"max-snippet:-1","max-image-preview":"max-image-preview:large","max-video-preview":"max-video-preview:-1"},"canonical":"https:\/\/petag.com\/es\/products\/fresh-n-clean-scented-shampoo-classic-fresh-scent-ready-to-use-for-professionals\/","og_locale":"es_ES","og_type":"article","og_title":"Champ\u00fa perfumado Fresh 'n Clean\u00ae - Perfume fresco cl\u00e1sico (listo para usar para profesionales) | PetAg","og_description":"Hidrata con Vitamina E y Aloe Vera - Fortalece y Repara el Pelaje - Sin Jab\u00f3n","og_url":"https:\/\/petag.com\/es\/products\/fresh-n-clean-scented-shampoo-classic-fresh-scent-ready-to-use-for-professionals\/","og_site_name":"PetAg","article_publisher":"https:\/\/www.facebook.com\/petagproducts\/","article_modified_time":"2025-07-30T15:41:37+00:00","og_image":[{"width":1024,"height":1024,"url":"https:\/\/petag.com\/wp-content\/uploads\/2025\/07\/21566-FNC_Scented_Shampoo_ClassicFresh_1gal-Frnt-v2.png","type":"image\/png"}],"twitter_card":"summary_large_image","twitter_misc":{"Est. reading time":"1 minuto"},"schema":{"@context":"https:\/\/schema.org","@graph":[{"@type":"WebPage","@id":"https:\/\/petag.com\/es\/products\/fresh-n-clean-scented-shampoo-classic-fresh-scent-ready-to-use-for-professionals\/","url":"https:\/\/petag.com\/es\/products\/fresh-n-clean-scented-shampoo-classic-fresh-scent-ready-to-use-for-professionals\/","name":"Champ\u00fa perfumado Fresh 'n Clean\u00ae - Perfume fresco cl\u00e1sico (listo para usar para profesionales) | PetAg","isPartOf":{"@id":"https:\/\/petag.com\/es\/#website"},"primaryImageOfPage":{"@id":"https:\/\/petag.com\/es\/products\/fresh-n-clean-scented-shampoo-classic-fresh-scent-ready-to-use-for-professionals\/#primaryimage"},"image":{"@id":"https:\/\/petag.com\/es\/products\/fresh-n-clean-scented-shampoo-classic-fresh-scent-ready-to-use-for-professionals\/#primaryimage"},"thumbnailUrl":"https:\/\/petag.com\/wp-content\/uploads\/2025\/07\/21566-FNC_Scented_Shampoo_ClassicFresh_1gal-Frnt-v2.png","datePublished":"2025-07-10T17:38:32+00:00","dateModified":"2025-07-30T15:41:37+00:00","breadcrumb":{"@id":"https:\/\/petag.com\/es\/products\/fresh-n-clean-scented-shampoo-classic-fresh-scent-ready-to-use-for-professionals\/#breadcrumb"},"inLanguage":"es","potentialAction":[{"@type":"ReadAction","target":["https:\/\/petag.com\/es\/products\/fresh-n-clean-scented-shampoo-classic-fresh-scent-ready-to-use-for-professionals\/"]}]},{"@type":"ImageObject","inLanguage":"es","@id":"https:\/\/petag.com\/es\/products\/fresh-n-clean-scented-shampoo-classic-fresh-scent-ready-to-use-for-professionals\/#primaryimage","url":"https:\/\/petag.com\/wp-content\/uploads\/2025\/07\/21566-FNC_Scented_Shampoo_ClassicFresh_1gal-Frnt-v2.png","contentUrl":"https:\/\/petag.com\/wp-content\/uploads\/2025\/07\/21566-FNC_Scented_Shampoo_ClassicFresh_1gal-Frnt-v2.png","width":1024,"height":1024},{"@type":"BreadcrumbList","@id":"https:\/\/petag.com\/es\/products\/fresh-n-clean-scented-shampoo-classic-fresh-scent-ready-to-use-for-professionals\/#breadcrumb","itemListElement":[{"@type":"ListItem","position":1,"name":"Home","item":"https:\/\/petag.com\/es\/home\/"},{"@type":"ListItem","position":2,"name":"Productos","item":"https:\/\/petag.com\/es\/products\/"},{"@type":"ListItem","position":3,"name":"Champ\u00fa perfumado Fresh &#8216;n Clean\u00ae &#8211; Perfume fresco cl\u00e1sico (listo para usar para profesionales)"}]},{"@type":"WebSite","@id":"https:\/\/petag.com\/es\/#website","url":"https:\/\/petag.com\/es\/","name":"PetAg","description":"Care for animals with newborn nutrition, supplements and grooming solutions","publisher":{"@id":"https:\/\/petag.com\/es\/#organization"},"potentialAction":[{"@type":"SearchAction","target":{"@type":"EntryPoint","urlTemplate":"https:\/\/petag.com\/es\/?s={search_term_string}"},"query-input":{"@type":"PropertyValueSpecification","valueRequired":true,"valueName":"search_term_string"}}],"inLanguage":"es"},{"@type":"Organization","@id":"https:\/\/petag.com\/es\/#organization","name":"Pet-Ag, Inc.","url":"https:\/\/petag.com\/es\/","logo":{"@type":"ImageObject","inLanguage":"es","@id":"https:\/\/petag.com\/es\/#\/schema\/logo\/image\/","url":"https:\/\/petag.com\/wp-content\/uploads\/2025\/05\/PetAg_Logo_mainnav.png","contentUrl":"https:\/\/petag.com\/wp-content\/uploads\/2025\/05\/PetAg_Logo_mainnav.png","width":307,"height":236,"caption":"Pet-Ag, Inc."},"image":{"@id":"https:\/\/petag.com\/es\/#\/schema\/logo\/image\/"},"sameAs":["https:\/\/www.facebook.com\/petagproducts\/","https:\/\/www.instagram.com\/petagpetproducts\/","https:\/\/www.linkedin.com\/company\/petag-inc-\/","https:\/\/www.youtube.com\/@PetAgEveryAnimalEveryDay"]}]}},"_links":{"self":[{"href":"https:\/\/petag.com\/es\/wp-json\/wp\/v2\/product\/2448","targetHints":{"allow":["GET"]}}],"collection":[{"href":"https:\/\/petag.com\/es\/wp-json\/wp\/v2\/product"}],"about":[{"href":"https:\/\/petag.com\/es\/wp-json\/wp\/v2\/types\/product"}],"replies":[{"embeddable":true,"href":"https:\/\/petag.com\/es\/wp-json\/wp\/v2\/comments?post=2448"}],"wp:featuredmedia":[{"embeddable":true,"href":"https:\/\/petag.com\/es\/wp-json\/wp\/v2\/media\/2131"}],"wp:attachment":[{"href":"https:\/\/petag.com\/es\/wp-json\/wp\/v2\/media?parent=2448"}],"wp:term":[{"taxonomy":"product_brand","embeddable":true,"href":"https:\/\/petag.com\/es\/wp-json\/wp\/v2\/product_brand?post=2448"},{"taxonomy":"product_cat","embeddable":true,"href":"https:\/\/petag.com\/es\/wp-json\/wp\/v2\/product_cat?post=2448"},{"taxonomy":"product_tag","embeddable":true,"href":"https:\/\/petag.com\/es\/wp-json\/wp\/v2\/product_tag?post=2448"},{"taxonomy":"animal-type","embeddable":true,"href":"https:\/\/petag.com\/es\/wp-json\/wp\/v2\/animal-type?post=2448"}],"curies":[{"name":"wp","href":"https:\/\/api.w.org\/{rel}","templated":true}]}}