{"id":2421,"date":"2025-07-10T17:42:56","date_gmt":"2025-07-10T17:42:56","guid":{"rendered":"https:\/\/petagstg.wpenginepowered.com\/products\/esbilac-puppy-milk-replacer-polvo\/"},"modified":"2025-07-30T16:07:12","modified_gmt":"2025-07-30T16:07:12","slug":"esbilac-puppy-milk-replacer-powder","status":"publish","type":"product","link":"https:\/\/petag.com\/es\/products\/esbilac-puppy-milk-replacer-powder\/","title":{"rendered":"Esbilac\u00ae Puppy Milk Replacer Polvo"},"content":{"rendered":"<p>Cuando mam\u00e1 no puede alimentarlos, Esbilac\u00ae s\u00ed. Esbilac\u00ae, cient\u00edficamente el mejor sustituto de la leche materna, proporciona todos los elementos nutricionales necesarios para cachorros que necesitan alimentaci\u00f3n suplementaria o perros adultos que necesitan una fuente de nutrientes altamente digestibles. <\/p>\n<ul>\n<li>Para cachorros de reci\u00e9n nacidos a seis semanas de edad.<\/li>\n<li>Formulado para proporcionar un patr\u00f3n cal\u00f3rico similar al de la leche materna en prote\u00ednas, grasas e hidratos de carbono.<\/li>\n<li>Natural con vitaminas, minerales y oligoelementos a\u00f1adidos.<\/li>\n<li>Contiene prebi\u00f3ticos y probi\u00f3ticos para una inmunidad y digesti\u00f3n saludables.<\/li>\n<li>Formulado con una mezcla especial de fibras para facilitar la digesti\u00f3n y mejorar la salud intestinal.<\/li>\n<li>F\u00f3rmula f\u00e1cil de digerir, muy palatable y f\u00e1cil de mezclar.<\/li>\n<li>Cumple los perfiles nutricionales para perros de la AAFCO para una nutrici\u00f3n completa y equilibrada.<\/li>\n<\/ul>\n","protected":false},"excerpt":{"rendered":"<p>F\u00f3rmula en polvo para cachorros con prebi\u00f3ticos, probi\u00f3ticos y vitaminas para cachorros reci\u00e9n nacidos hasta las seis semanas de edad &#8211; F\u00e1cil de digerir<\/p>\n","protected":false},"featured_media":1144,"comment_status":"closed","ping_status":"closed","template":"","meta":{"_et_pb_use_builder":"","_et_pb_old_content":"","_et_gb_content_width":""},"product_brand":[32],"product_cat":[53],"product_tag":[57],"animal-type":[65],"class_list":{"0":"post-2421","1":"product","2":"type-product","3":"status-publish","4":"has-post-thumbnail","6":"product_brand-esbilac","7":"product_cat-leches-y-nutricion","8":"product_tag-los-mas-vendidos","9":"pa_sizes-12-oz-28-oz-5lb-es","10":"animal-type-perros-y-cachorros","12":"first","13":"instock","14":"product-type-simple"},"yoast_head":"<!-- This site is optimized with the Yoast SEO plugin v27.2 - https:\/\/yoast.com\/product\/yoast-seo-wordpress\/ -->\n<title>Esbilac\u00ae Puppy Milk Replacer Polvo | PetAg<\/title>\n<meta name=\"robots\" content=\"index, follow, max-snippet:-1, max-image-preview:large, max-video-preview:-1\" \/>\n<link rel=\"canonical\" href=\"https:\/\/petag.com\/es\/products\/esbilac-puppy-milk-replacer-powder\/\" \/>\n<meta property=\"og:locale\" content=\"es_ES\" \/>\n<meta property=\"og:type\" content=\"article\" \/>\n<meta property=\"og:title\" content=\"Esbilac\u00ae Puppy Milk Replacer Polvo | PetAg\" \/>\n<meta property=\"og:description\" content=\"F\u00f3rmula en polvo para cachorros con prebi\u00f3ticos, probi\u00f3ticos y vitaminas para cachorros reci\u00e9n nacidos hasta las seis semanas de edad - F\u00e1cil de digerir\" \/>\n<meta property=\"og:url\" content=\"https:\/\/petag.com\/es\/products\/esbilac-puppy-milk-replacer-powder\/\" \/>\n<meta property=\"og:site_name\" content=\"PetAg\" \/>\n<meta property=\"article:publisher\" content=\"https:\/\/www.facebook.com\/petagproducts\/\" \/>\n<meta property=\"article:modified_time\" content=\"2025-07-30T16:07:12+00:00\" \/>\n<meta property=\"og:image\" content=\"https:\/\/petag.com\/wp-content\/uploads\/2025\/07\/99500-ESB-Pwdr-12oz-Frnt-1.png\" \/>\n\t<meta property=\"og:image:width\" content=\"1024\" \/>\n\t<meta property=\"og:image:height\" content=\"1024\" \/>\n\t<meta property=\"og:image:type\" content=\"image\/png\" \/>\n<meta name=\"twitter:card\" content=\"summary_large_image\" \/>\n<meta name=\"twitter:label1\" content=\"Est. reading time\" \/>\n\t<meta name=\"twitter:data1\" content=\"1 minuto\" \/>\n<script type=\"application\/ld+json\" class=\"yoast-schema-graph\">{\"@context\":\"https:\/\/schema.org\",\"@graph\":[{\"@type\":\"WebPage\",\"@id\":\"https:\/\/petag.com\/es\/products\/esbilac-puppy-milk-replacer-powder\/\",\"url\":\"https:\/\/petag.com\/es\/products\/esbilac-puppy-milk-replacer-powder\/\",\"name\":\"Esbilac\u00ae Puppy Milk Replacer Polvo | PetAg\",\"isPartOf\":{\"@id\":\"https:\/\/petag.com\/es\/#website\"},\"primaryImageOfPage\":{\"@id\":\"https:\/\/petag.com\/es\/products\/esbilac-puppy-milk-replacer-powder\/#primaryimage\"},\"image\":{\"@id\":\"https:\/\/petag.com\/es\/products\/esbilac-puppy-milk-replacer-powder\/#primaryimage\"},\"thumbnailUrl\":\"https:\/\/petag.com\/wp-content\/uploads\/2025\/07\/99500-ESB-Pwdr-12oz-Frnt-1.png\",\"datePublished\":\"2025-07-10T17:42:56+00:00\",\"dateModified\":\"2025-07-30T16:07:12+00:00\",\"breadcrumb\":{\"@id\":\"https:\/\/petag.com\/es\/products\/esbilac-puppy-milk-replacer-powder\/#breadcrumb\"},\"inLanguage\":\"es\",\"potentialAction\":[{\"@type\":\"ReadAction\",\"target\":[\"https:\/\/petag.com\/es\/products\/esbilac-puppy-milk-replacer-powder\/\"]}]},{\"@type\":\"ImageObject\",\"inLanguage\":\"es\",\"@id\":\"https:\/\/petag.com\/es\/products\/esbilac-puppy-milk-replacer-powder\/#primaryimage\",\"url\":\"https:\/\/petag.com\/wp-content\/uploads\/2025\/07\/99500-ESB-Pwdr-12oz-Frnt-1.png\",\"contentUrl\":\"https:\/\/petag.com\/wp-content\/uploads\/2025\/07\/99500-ESB-Pwdr-12oz-Frnt-1.png\",\"width\":1024,\"height\":1024},{\"@type\":\"BreadcrumbList\",\"@id\":\"https:\/\/petag.com\/es\/products\/esbilac-puppy-milk-replacer-powder\/#breadcrumb\",\"itemListElement\":[{\"@type\":\"ListItem\",\"position\":1,\"name\":\"Home\",\"item\":\"https:\/\/petag.com\/es\/home\/\"},{\"@type\":\"ListItem\",\"position\":2,\"name\":\"Productos\",\"item\":\"https:\/\/petag.com\/es\/products\/\"},{\"@type\":\"ListItem\",\"position\":3,\"name\":\"Esbilac\u00ae Puppy Milk Replacer Polvo\"}]},{\"@type\":\"WebSite\",\"@id\":\"https:\/\/petag.com\/es\/#website\",\"url\":\"https:\/\/petag.com\/es\/\",\"name\":\"PetAg\",\"description\":\"Care for animals with newborn nutrition, supplements and grooming solutions\",\"publisher\":{\"@id\":\"https:\/\/petag.com\/es\/#organization\"},\"potentialAction\":[{\"@type\":\"SearchAction\",\"target\":{\"@type\":\"EntryPoint\",\"urlTemplate\":\"https:\/\/petag.com\/es\/?s={search_term_string}\"},\"query-input\":{\"@type\":\"PropertyValueSpecification\",\"valueRequired\":true,\"valueName\":\"search_term_string\"}}],\"inLanguage\":\"es\"},{\"@type\":\"Organization\",\"@id\":\"https:\/\/petag.com\/es\/#organization\",\"name\":\"Pet-Ag, Inc.\",\"url\":\"https:\/\/petag.com\/es\/\",\"logo\":{\"@type\":\"ImageObject\",\"inLanguage\":\"es\",\"@id\":\"https:\/\/petag.com\/es\/#\/schema\/logo\/image\/\",\"url\":\"https:\/\/petag.com\/wp-content\/uploads\/2025\/05\/PetAg_Logo_mainnav.png\",\"contentUrl\":\"https:\/\/petag.com\/wp-content\/uploads\/2025\/05\/PetAg_Logo_mainnav.png\",\"width\":307,\"height\":236,\"caption\":\"Pet-Ag, Inc.\"},\"image\":{\"@id\":\"https:\/\/petag.com\/es\/#\/schema\/logo\/image\/\"},\"sameAs\":[\"https:\/\/www.facebook.com\/petagproducts\/\",\"https:\/\/www.instagram.com\/petagpetproducts\/\",\"https:\/\/www.linkedin.com\/company\/petag-inc-\/\",\"https:\/\/www.youtube.com\/@PetAgEveryAnimalEveryDay\"]}]}<\/script>\n<!-- \/ Yoast SEO plugin. -->","yoast_head_json":{"title":"Esbilac\u00ae Puppy Milk Replacer Polvo | PetAg","robots":{"index":"index","follow":"follow","max-snippet":"max-snippet:-1","max-image-preview":"max-image-preview:large","max-video-preview":"max-video-preview:-1"},"canonical":"https:\/\/petag.com\/es\/products\/esbilac-puppy-milk-replacer-powder\/","og_locale":"es_ES","og_type":"article","og_title":"Esbilac\u00ae Puppy Milk Replacer Polvo | PetAg","og_description":"F\u00f3rmula en polvo para cachorros con prebi\u00f3ticos, probi\u00f3ticos y vitaminas para cachorros reci\u00e9n nacidos hasta las seis semanas de edad - F\u00e1cil de digerir","og_url":"https:\/\/petag.com\/es\/products\/esbilac-puppy-milk-replacer-powder\/","og_site_name":"PetAg","article_publisher":"https:\/\/www.facebook.com\/petagproducts\/","article_modified_time":"2025-07-30T16:07:12+00:00","og_image":[{"width":1024,"height":1024,"url":"https:\/\/petag.com\/wp-content\/uploads\/2025\/07\/99500-ESB-Pwdr-12oz-Frnt-1.png","type":"image\/png"}],"twitter_card":"summary_large_image","twitter_misc":{"Est. reading time":"1 minuto"},"schema":{"@context":"https:\/\/schema.org","@graph":[{"@type":"WebPage","@id":"https:\/\/petag.com\/es\/products\/esbilac-puppy-milk-replacer-powder\/","url":"https:\/\/petag.com\/es\/products\/esbilac-puppy-milk-replacer-powder\/","name":"Esbilac\u00ae Puppy Milk Replacer Polvo | PetAg","isPartOf":{"@id":"https:\/\/petag.com\/es\/#website"},"primaryImageOfPage":{"@id":"https:\/\/petag.com\/es\/products\/esbilac-puppy-milk-replacer-powder\/#primaryimage"},"image":{"@id":"https:\/\/petag.com\/es\/products\/esbilac-puppy-milk-replacer-powder\/#primaryimage"},"thumbnailUrl":"https:\/\/petag.com\/wp-content\/uploads\/2025\/07\/99500-ESB-Pwdr-12oz-Frnt-1.png","datePublished":"2025-07-10T17:42:56+00:00","dateModified":"2025-07-30T16:07:12+00:00","breadcrumb":{"@id":"https:\/\/petag.com\/es\/products\/esbilac-puppy-milk-replacer-powder\/#breadcrumb"},"inLanguage":"es","potentialAction":[{"@type":"ReadAction","target":["https:\/\/petag.com\/es\/products\/esbilac-puppy-milk-replacer-powder\/"]}]},{"@type":"ImageObject","inLanguage":"es","@id":"https:\/\/petag.com\/es\/products\/esbilac-puppy-milk-replacer-powder\/#primaryimage","url":"https:\/\/petag.com\/wp-content\/uploads\/2025\/07\/99500-ESB-Pwdr-12oz-Frnt-1.png","contentUrl":"https:\/\/petag.com\/wp-content\/uploads\/2025\/07\/99500-ESB-Pwdr-12oz-Frnt-1.png","width":1024,"height":1024},{"@type":"BreadcrumbList","@id":"https:\/\/petag.com\/es\/products\/esbilac-puppy-milk-replacer-powder\/#breadcrumb","itemListElement":[{"@type":"ListItem","position":1,"name":"Home","item":"https:\/\/petag.com\/es\/home\/"},{"@type":"ListItem","position":2,"name":"Productos","item":"https:\/\/petag.com\/es\/products\/"},{"@type":"ListItem","position":3,"name":"Esbilac\u00ae Puppy Milk Replacer Polvo"}]},{"@type":"WebSite","@id":"https:\/\/petag.com\/es\/#website","url":"https:\/\/petag.com\/es\/","name":"PetAg","description":"Care for animals with newborn nutrition, supplements and grooming solutions","publisher":{"@id":"https:\/\/petag.com\/es\/#organization"},"potentialAction":[{"@type":"SearchAction","target":{"@type":"EntryPoint","urlTemplate":"https:\/\/petag.com\/es\/?s={search_term_string}"},"query-input":{"@type":"PropertyValueSpecification","valueRequired":true,"valueName":"search_term_string"}}],"inLanguage":"es"},{"@type":"Organization","@id":"https:\/\/petag.com\/es\/#organization","name":"Pet-Ag, Inc.","url":"https:\/\/petag.com\/es\/","logo":{"@type":"ImageObject","inLanguage":"es","@id":"https:\/\/petag.com\/es\/#\/schema\/logo\/image\/","url":"https:\/\/petag.com\/wp-content\/uploads\/2025\/05\/PetAg_Logo_mainnav.png","contentUrl":"https:\/\/petag.com\/wp-content\/uploads\/2025\/05\/PetAg_Logo_mainnav.png","width":307,"height":236,"caption":"Pet-Ag, Inc."},"image":{"@id":"https:\/\/petag.com\/es\/#\/schema\/logo\/image\/"},"sameAs":["https:\/\/www.facebook.com\/petagproducts\/","https:\/\/www.instagram.com\/petagpetproducts\/","https:\/\/www.linkedin.com\/company\/petag-inc-\/","https:\/\/www.youtube.com\/@PetAgEveryAnimalEveryDay"]}]}},"_links":{"self":[{"href":"https:\/\/petag.com\/es\/wp-json\/wp\/v2\/product\/2421","targetHints":{"allow":["GET"]}}],"collection":[{"href":"https:\/\/petag.com\/es\/wp-json\/wp\/v2\/product"}],"about":[{"href":"https:\/\/petag.com\/es\/wp-json\/wp\/v2\/types\/product"}],"replies":[{"embeddable":true,"href":"https:\/\/petag.com\/es\/wp-json\/wp\/v2\/comments?post=2421"}],"wp:featuredmedia":[{"embeddable":true,"href":"https:\/\/petag.com\/es\/wp-json\/wp\/v2\/media\/1144"}],"wp:attachment":[{"href":"https:\/\/petag.com\/es\/wp-json\/wp\/v2\/media?parent=2421"}],"wp:term":[{"taxonomy":"product_brand","embeddable":true,"href":"https:\/\/petag.com\/es\/wp-json\/wp\/v2\/product_brand?post=2421"},{"taxonomy":"product_cat","embeddable":true,"href":"https:\/\/petag.com\/es\/wp-json\/wp\/v2\/product_cat?post=2421"},{"taxonomy":"product_tag","embeddable":true,"href":"https:\/\/petag.com\/es\/wp-json\/wp\/v2\/product_tag?post=2421"},{"taxonomy":"animal-type","embeddable":true,"href":"https:\/\/petag.com\/es\/wp-json\/wp\/v2\/animal-type?post=2421"}],"curies":[{"name":"wp","href":"https:\/\/api.w.org\/{rel}","templated":true}]}}