{"id":2416,"date":"2025-07-10T17:42:56","date_gmt":"2025-07-10T17:42:56","guid":{"rendered":"https:\/\/petagstg.wpenginepowered.com\/products\/dyne-suplemento-nutricional-liquido-alto-en-calorias-para-perros\/"},"modified":"2025-07-30T16:04:46","modified_gmt":"2025-07-30T16:04:46","slug":"dyne-high-calorie-liquid-nutritional-supplement-for-dogs","status":"publish","type":"product","link":"https:\/\/petag.com\/es\/products\/dyne-high-calorie-liquid-nutritional-supplement-for-dogs\/","title":{"rendered":"Dyne\u00ae Suplemento nutricional l\u00edquido alto en calor\u00edas para perros"},"content":{"rendered":"<p>Potente suplemento nutricional con calor\u00edas adicionales para perros activos, gestantes, lactantes, con bajo peso y mayores.<\/p>\n<p>Beneficia a todas las etapas de la vida<br \/>\n&#8211; Favorece el rendimiento y la resistencia de los perros activos y de trabajo.<br \/>\n&#8211; Proporciona nutrientes importantes a las perras gestantes\/lactantes.<br \/>\n&#8211; F\u00f3rmula rica en calor\u00edas y de bajo volumen que ayuda a los perros con bajo peso a ganar peso. La f\u00f3rmula alta en calor\u00edas y de bajo volumen ayuda a los perros con bajo peso a ganar peso.<\/p>\n<p>Ofrece una forma densa de energ\u00eda<br \/>\n&#8211; Las calor\u00edas concentradas no limitan la capacidad estomacal de la dieta normal de un perro.<br \/>\n&#8211; El sabor a vainilla, rico en grasas y dulce, es muy agradable al paladar.<br \/>\n&#8211; Rico en \u00e1cidos grasos omega para favorecer la salud del sistema inmunitario, la piel y el pelo.<\/p>\n","protected":false},"excerpt":{"rendered":"<p>Favorece el rendimiento y la resistencia &#8211; Sabor vainilla dulce<\/p>\n","protected":false},"featured_media":4583,"comment_status":"closed","ping_status":"closed","template":"","meta":{"_et_pb_use_builder":"","_et_pb_old_content":"","_et_gb_content_width":""},"product_brand":[62],"product_cat":[54],"product_tag":[57],"animal-type":[65],"class_list":{"0":"post-2416","1":"product","2":"type-product","3":"status-publish","4":"has-post-thumbnail","6":"product_brand-dyne-es","7":"product_cat-suplementos-para-la-salud","8":"product_tag-los-mas-vendidos","9":"pa_sizes-16-oz-32-oz-1-gal-es","10":"animal-type-perros-y-cachorros","12":"first","13":"instock","14":"product-type-simple"},"yoast_head":"<!-- This site is optimized with the Yoast SEO plugin v27.2 - https:\/\/yoast.com\/product\/yoast-seo-wordpress\/ -->\n<title>Dyne\u00ae Suplemento nutricional l\u00edquido alto en calor\u00edas para perros | PetAg<\/title>\n<meta name=\"robots\" content=\"index, follow, max-snippet:-1, max-image-preview:large, max-video-preview:-1\" \/>\n<link rel=\"canonical\" href=\"https:\/\/petag.com\/es\/products\/dyne-high-calorie-liquid-nutritional-supplement-for-dogs\/\" \/>\n<meta property=\"og:locale\" content=\"es_ES\" \/>\n<meta property=\"og:type\" content=\"article\" \/>\n<meta property=\"og:title\" content=\"Dyne\u00ae Suplemento nutricional l\u00edquido alto en calor\u00edas para perros | PetAg\" \/>\n<meta property=\"og:description\" content=\"Favorece el rendimiento y la resistencia - Sabor vainilla dulce\" \/>\n<meta property=\"og:url\" content=\"https:\/\/petag.com\/es\/products\/dyne-high-calorie-liquid-nutritional-supplement-for-dogs\/\" \/>\n<meta property=\"og:site_name\" content=\"PetAg\" \/>\n<meta property=\"article:publisher\" content=\"https:\/\/www.facebook.com\/petagproducts\/\" \/>\n<meta property=\"article:modified_time\" content=\"2025-07-30T16:04:46+00:00\" \/>\n<meta property=\"og:image\" content=\"https:\/\/petag.com\/wp-content\/uploads\/2025\/07\/20510-Dyne-HiCalLqud-Dog-16oz-Frnt.png\" \/>\n\t<meta property=\"og:image:width\" content=\"1024\" \/>\n\t<meta property=\"og:image:height\" content=\"1024\" \/>\n\t<meta property=\"og:image:type\" content=\"image\/png\" \/>\n<meta name=\"twitter:card\" content=\"summary_large_image\" \/>\n<meta name=\"twitter:label1\" content=\"Est. reading time\" \/>\n\t<meta name=\"twitter:data1\" content=\"1 minuto\" \/>\n<script type=\"application\/ld+json\" class=\"yoast-schema-graph\">{\"@context\":\"https:\/\/schema.org\",\"@graph\":[{\"@type\":\"WebPage\",\"@id\":\"https:\/\/petag.com\/es\/products\/dyne-high-calorie-liquid-nutritional-supplement-for-dogs\/\",\"url\":\"https:\/\/petag.com\/es\/products\/dyne-high-calorie-liquid-nutritional-supplement-for-dogs\/\",\"name\":\"Dyne\u00ae Suplemento nutricional l\u00edquido alto en calor\u00edas para perros | PetAg\",\"isPartOf\":{\"@id\":\"https:\/\/petag.com\/es\/#website\"},\"primaryImageOfPage\":{\"@id\":\"https:\/\/petag.com\/es\/products\/dyne-high-calorie-liquid-nutritional-supplement-for-dogs\/#primaryimage\"},\"image\":{\"@id\":\"https:\/\/petag.com\/es\/products\/dyne-high-calorie-liquid-nutritional-supplement-for-dogs\/#primaryimage\"},\"thumbnailUrl\":\"https:\/\/petag.com\/wp-content\/uploads\/2025\/07\/20510-Dyne-16oz-8.2025-Frnt.png\",\"datePublished\":\"2025-07-10T17:42:56+00:00\",\"dateModified\":\"2025-07-30T16:04:46+00:00\",\"breadcrumb\":{\"@id\":\"https:\/\/petag.com\/es\/products\/dyne-high-calorie-liquid-nutritional-supplement-for-dogs\/#breadcrumb\"},\"inLanguage\":\"es\",\"potentialAction\":[{\"@type\":\"ReadAction\",\"target\":[\"https:\/\/petag.com\/es\/products\/dyne-high-calorie-liquid-nutritional-supplement-for-dogs\/\"]}]},{\"@type\":\"ImageObject\",\"inLanguage\":\"es\",\"@id\":\"https:\/\/petag.com\/es\/products\/dyne-high-calorie-liquid-nutritional-supplement-for-dogs\/#primaryimage\",\"url\":\"https:\/\/petag.com\/wp-content\/uploads\/2025\/07\/20510-Dyne-16oz-8.2025-Frnt.png\",\"contentUrl\":\"https:\/\/petag.com\/wp-content\/uploads\/2025\/07\/20510-Dyne-16oz-8.2025-Frnt.png\",\"width\":1024,\"height\":1024},{\"@type\":\"BreadcrumbList\",\"@id\":\"https:\/\/petag.com\/es\/products\/dyne-high-calorie-liquid-nutritional-supplement-for-dogs\/#breadcrumb\",\"itemListElement\":[{\"@type\":\"ListItem\",\"position\":1,\"name\":\"Home\",\"item\":\"https:\/\/petag.com\/es\/home\/\"},{\"@type\":\"ListItem\",\"position\":2,\"name\":\"Productos\",\"item\":\"https:\/\/petag.com\/es\/products\/\"},{\"@type\":\"ListItem\",\"position\":3,\"name\":\"Dyne\u00ae Suplemento nutricional l\u00edquido alto en calor\u00edas para perros\"}]},{\"@type\":\"WebSite\",\"@id\":\"https:\/\/petag.com\/es\/#website\",\"url\":\"https:\/\/petag.com\/es\/\",\"name\":\"PetAg\",\"description\":\"Care for animals with newborn nutrition, supplements and grooming solutions\",\"publisher\":{\"@id\":\"https:\/\/petag.com\/es\/#organization\"},\"potentialAction\":[{\"@type\":\"SearchAction\",\"target\":{\"@type\":\"EntryPoint\",\"urlTemplate\":\"https:\/\/petag.com\/es\/?s={search_term_string}\"},\"query-input\":{\"@type\":\"PropertyValueSpecification\",\"valueRequired\":true,\"valueName\":\"search_term_string\"}}],\"inLanguage\":\"es\"},{\"@type\":\"Organization\",\"@id\":\"https:\/\/petag.com\/es\/#organization\",\"name\":\"Pet-Ag, Inc.\",\"url\":\"https:\/\/petag.com\/es\/\",\"logo\":{\"@type\":\"ImageObject\",\"inLanguage\":\"es\",\"@id\":\"https:\/\/petag.com\/es\/#\/schema\/logo\/image\/\",\"url\":\"https:\/\/petag.com\/wp-content\/uploads\/2025\/05\/PetAg_Logo_mainnav.png\",\"contentUrl\":\"https:\/\/petag.com\/wp-content\/uploads\/2025\/05\/PetAg_Logo_mainnav.png\",\"width\":307,\"height\":236,\"caption\":\"Pet-Ag, Inc.\"},\"image\":{\"@id\":\"https:\/\/petag.com\/es\/#\/schema\/logo\/image\/\"},\"sameAs\":[\"https:\/\/www.facebook.com\/petagproducts\/\",\"https:\/\/www.instagram.com\/petagpetproducts\/\",\"https:\/\/www.linkedin.com\/company\/petag-inc-\/\",\"https:\/\/www.youtube.com\/@PetAgEveryAnimalEveryDay\"]}]}<\/script>\n<!-- \/ Yoast SEO plugin. -->","yoast_head_json":{"title":"Dyne\u00ae Suplemento nutricional l\u00edquido alto en calor\u00edas para perros | PetAg","robots":{"index":"index","follow":"follow","max-snippet":"max-snippet:-1","max-image-preview":"max-image-preview:large","max-video-preview":"max-video-preview:-1"},"canonical":"https:\/\/petag.com\/es\/products\/dyne-high-calorie-liquid-nutritional-supplement-for-dogs\/","og_locale":"es_ES","og_type":"article","og_title":"Dyne\u00ae Suplemento nutricional l\u00edquido alto en calor\u00edas para perros | PetAg","og_description":"Favorece el rendimiento y la resistencia - Sabor vainilla dulce","og_url":"https:\/\/petag.com\/es\/products\/dyne-high-calorie-liquid-nutritional-supplement-for-dogs\/","og_site_name":"PetAg","article_publisher":"https:\/\/www.facebook.com\/petagproducts\/","article_modified_time":"2025-07-30T16:04:46+00:00","og_image":[{"width":1024,"height":1024,"url":"https:\/\/petag.com\/wp-content\/uploads\/2025\/07\/20510-Dyne-HiCalLqud-Dog-16oz-Frnt.png","type":"image\/png"}],"twitter_card":"summary_large_image","twitter_misc":{"Est. reading time":"1 minuto"},"schema":{"@context":"https:\/\/schema.org","@graph":[{"@type":"WebPage","@id":"https:\/\/petag.com\/es\/products\/dyne-high-calorie-liquid-nutritional-supplement-for-dogs\/","url":"https:\/\/petag.com\/es\/products\/dyne-high-calorie-liquid-nutritional-supplement-for-dogs\/","name":"Dyne\u00ae Suplemento nutricional l\u00edquido alto en calor\u00edas para perros | PetAg","isPartOf":{"@id":"https:\/\/petag.com\/es\/#website"},"primaryImageOfPage":{"@id":"https:\/\/petag.com\/es\/products\/dyne-high-calorie-liquid-nutritional-supplement-for-dogs\/#primaryimage"},"image":{"@id":"https:\/\/petag.com\/es\/products\/dyne-high-calorie-liquid-nutritional-supplement-for-dogs\/#primaryimage"},"thumbnailUrl":"https:\/\/petag.com\/wp-content\/uploads\/2025\/07\/20510-Dyne-16oz-8.2025-Frnt.png","datePublished":"2025-07-10T17:42:56+00:00","dateModified":"2025-07-30T16:04:46+00:00","breadcrumb":{"@id":"https:\/\/petag.com\/es\/products\/dyne-high-calorie-liquid-nutritional-supplement-for-dogs\/#breadcrumb"},"inLanguage":"es","potentialAction":[{"@type":"ReadAction","target":["https:\/\/petag.com\/es\/products\/dyne-high-calorie-liquid-nutritional-supplement-for-dogs\/"]}]},{"@type":"ImageObject","inLanguage":"es","@id":"https:\/\/petag.com\/es\/products\/dyne-high-calorie-liquid-nutritional-supplement-for-dogs\/#primaryimage","url":"https:\/\/petag.com\/wp-content\/uploads\/2025\/07\/20510-Dyne-16oz-8.2025-Frnt.png","contentUrl":"https:\/\/petag.com\/wp-content\/uploads\/2025\/07\/20510-Dyne-16oz-8.2025-Frnt.png","width":1024,"height":1024},{"@type":"BreadcrumbList","@id":"https:\/\/petag.com\/es\/products\/dyne-high-calorie-liquid-nutritional-supplement-for-dogs\/#breadcrumb","itemListElement":[{"@type":"ListItem","position":1,"name":"Home","item":"https:\/\/petag.com\/es\/home\/"},{"@type":"ListItem","position":2,"name":"Productos","item":"https:\/\/petag.com\/es\/products\/"},{"@type":"ListItem","position":3,"name":"Dyne\u00ae Suplemento nutricional l\u00edquido alto en calor\u00edas para perros"}]},{"@type":"WebSite","@id":"https:\/\/petag.com\/es\/#website","url":"https:\/\/petag.com\/es\/","name":"PetAg","description":"Care for animals with newborn nutrition, supplements and grooming solutions","publisher":{"@id":"https:\/\/petag.com\/es\/#organization"},"potentialAction":[{"@type":"SearchAction","target":{"@type":"EntryPoint","urlTemplate":"https:\/\/petag.com\/es\/?s={search_term_string}"},"query-input":{"@type":"PropertyValueSpecification","valueRequired":true,"valueName":"search_term_string"}}],"inLanguage":"es"},{"@type":"Organization","@id":"https:\/\/petag.com\/es\/#organization","name":"Pet-Ag, Inc.","url":"https:\/\/petag.com\/es\/","logo":{"@type":"ImageObject","inLanguage":"es","@id":"https:\/\/petag.com\/es\/#\/schema\/logo\/image\/","url":"https:\/\/petag.com\/wp-content\/uploads\/2025\/05\/PetAg_Logo_mainnav.png","contentUrl":"https:\/\/petag.com\/wp-content\/uploads\/2025\/05\/PetAg_Logo_mainnav.png","width":307,"height":236,"caption":"Pet-Ag, Inc."},"image":{"@id":"https:\/\/petag.com\/es\/#\/schema\/logo\/image\/"},"sameAs":["https:\/\/www.facebook.com\/petagproducts\/","https:\/\/www.instagram.com\/petagpetproducts\/","https:\/\/www.linkedin.com\/company\/petag-inc-\/","https:\/\/www.youtube.com\/@PetAgEveryAnimalEveryDay"]}]}},"_links":{"self":[{"href":"https:\/\/petag.com\/es\/wp-json\/wp\/v2\/product\/2416","targetHints":{"allow":["GET"]}}],"collection":[{"href":"https:\/\/petag.com\/es\/wp-json\/wp\/v2\/product"}],"about":[{"href":"https:\/\/petag.com\/es\/wp-json\/wp\/v2\/types\/product"}],"replies":[{"embeddable":true,"href":"https:\/\/petag.com\/es\/wp-json\/wp\/v2\/comments?post=2416"}],"wp:featuredmedia":[{"embeddable":true,"href":"https:\/\/petag.com\/es\/wp-json\/wp\/v2\/media\/4583"}],"wp:attachment":[{"href":"https:\/\/petag.com\/es\/wp-json\/wp\/v2\/media?parent=2416"}],"wp:term":[{"taxonomy":"product_brand","embeddable":true,"href":"https:\/\/petag.com\/es\/wp-json\/wp\/v2\/product_brand?post=2416"},{"taxonomy":"product_cat","embeddable":true,"href":"https:\/\/petag.com\/es\/wp-json\/wp\/v2\/product_cat?post=2416"},{"taxonomy":"product_tag","embeddable":true,"href":"https:\/\/petag.com\/es\/wp-json\/wp\/v2\/product_tag?post=2416"},{"taxonomy":"animal-type","embeddable":true,"href":"https:\/\/petag.com\/es\/wp-json\/wp\/v2\/animal-type?post=2416"}],"curies":[{"name":"wp","href":"https:\/\/api.w.org\/{rel}","templated":true}]}}