{"id":2415,"date":"2025-07-10T17:42:56","date_gmt":"2025-07-10T17:42:56","guid":{"rendered":"https:\/\/petagstg.wpenginepowered.com\/products\/gel-para-mamiferos-zoologic-bene-bac-plus\/"},"modified":"2025-07-30T16:00:38","modified_gmt":"2025-07-30T16:00:38","slug":"zoologic-bene-bac-plus-mammal-gel","status":"publish","type":"product","link":"https:\/\/petag.com\/es\/products\/zoologic-bene-bac-plus-mammal-gel\/","title":{"rendered":"Gel para mam\u00edferos Zoologic Bene-Bac\u00ae Plus"},"content":{"rendered":"<p>Se recomienda como parte del programa de gesti\u00f3n de mam\u00edferos sometidos a condiciones adversas.<\/p>\n<ul>\n<li>Un gel palatable en una jeringa f\u00e1cil de usar.<\/li>\n<li>Garantiza 20 millones de unidades formadoras de colonias (UFC) de bacterias viables por gramo.<\/li>\n<li>Ayuda para animales de compa\u00f1\u00eda en condiciones adversas como exhibici\u00f3n, cr\u00eda, viaje, parto, desparasitaci\u00f3n, acicalamiento, destete, internamiento, cirug\u00eda y terapia antibi\u00f3tica.<\/li>\n<li>Tambi\u00e9n se recomienda para los hu\u00e9rfanos alimentados a mano.<\/li>\n<\/ul>\n","protected":false},"excerpt":{"rendered":"<p>FOS y probi\u00f3ticos para perros, gatos y mam\u00edferos ex\u00f3ticos y salvajes<\/p>\n","protected":false},"featured_media":2255,"comment_status":"closed","ping_status":"closed","template":"","meta":{"_et_pb_use_builder":"","_et_pb_old_content":"","_et_gb_content_width":""},"product_brand":[118],"product_cat":[54],"product_tag":[],"animal-type":[64],"class_list":{"0":"post-2415","1":"product","2":"type-product","3":"status-publish","4":"has-post-thumbnail","6":"product_brand-zoologic","7":"product_cat-suplementos-para-la-salud","8":"pa_sizes-jeringa-de-30-g","9":"animal-type-other-animals","11":"first","12":"instock","13":"product-type-simple"},"yoast_head":"<!-- This site is optimized with the Yoast SEO plugin v27.3 - https:\/\/yoast.com\/product\/yoast-seo-wordpress\/ -->\n<title>Gel para mam\u00edferos Zoologic Bene-Bac\u00ae Plus | PetAg<\/title>\n<meta name=\"robots\" content=\"index, follow, max-snippet:-1, max-image-preview:large, max-video-preview:-1\" \/>\n<link rel=\"canonical\" href=\"https:\/\/petag.com\/es\/products\/zoologic-bene-bac-plus-mammal-gel\/\" \/>\n<meta property=\"og:locale\" content=\"es_ES\" \/>\n<meta property=\"og:type\" content=\"article\" \/>\n<meta property=\"og:title\" content=\"Gel para mam\u00edferos Zoologic Bene-Bac\u00ae Plus | PetAg\" \/>\n<meta property=\"og:description\" content=\"FOS y probi\u00f3ticos para perros, gatos y mam\u00edferos ex\u00f3ticos y salvajes\" \/>\n<meta property=\"og:url\" content=\"https:\/\/petag.com\/es\/products\/zoologic-bene-bac-plus-mammal-gel\/\" \/>\n<meta property=\"og:site_name\" content=\"PetAg\" \/>\n<meta property=\"article:publisher\" content=\"https:\/\/www.facebook.com\/petagproducts\/\" \/>\n<meta property=\"article:modified_time\" content=\"2025-07-30T16:00:38+00:00\" \/>\n<meta property=\"og:image\" content=\"https:\/\/petag.com\/wp-content\/uploads\/2025\/07\/99858-1-Bene-Bac-Plus_Mammal_FOS-Probiotics_Gel_30gm-Frnt.png\" \/>\n\t<meta property=\"og:image:width\" content=\"1024\" \/>\n\t<meta property=\"og:image:height\" content=\"1024\" \/>\n\t<meta property=\"og:image:type\" content=\"image\/png\" \/>\n<meta name=\"twitter:card\" content=\"summary_large_image\" \/>\n<script type=\"application\/ld+json\" class=\"yoast-schema-graph\">{\"@context\":\"https:\\\/\\\/schema.org\",\"@graph\":[{\"@type\":\"WebPage\",\"@id\":\"https:\\\/\\\/petag.com\\\/es\\\/products\\\/zoologic-bene-bac-plus-mammal-gel\\\/\",\"url\":\"https:\\\/\\\/petag.com\\\/es\\\/products\\\/zoologic-bene-bac-plus-mammal-gel\\\/\",\"name\":\"Gel para mam\u00edferos Zoologic Bene-Bac\u00ae Plus | PetAg\",\"isPartOf\":{\"@id\":\"https:\\\/\\\/petag.com\\\/es\\\/#website\"},\"primaryImageOfPage\":{\"@id\":\"https:\\\/\\\/petag.com\\\/es\\\/products\\\/zoologic-bene-bac-plus-mammal-gel\\\/#primaryimage\"},\"image\":{\"@id\":\"https:\\\/\\\/petag.com\\\/es\\\/products\\\/zoologic-bene-bac-plus-mammal-gel\\\/#primaryimage\"},\"thumbnailUrl\":\"https:\\\/\\\/petag.com\\\/wp-content\\\/uploads\\\/2025\\\/07\\\/99858-1-Bene-Bac-Plus_Mammal_FOS-Probiotics_Gel_30gm-Frnt.png\",\"datePublished\":\"2025-07-10T17:42:56+00:00\",\"dateModified\":\"2025-07-30T16:00:38+00:00\",\"breadcrumb\":{\"@id\":\"https:\\\/\\\/petag.com\\\/es\\\/products\\\/zoologic-bene-bac-plus-mammal-gel\\\/#breadcrumb\"},\"inLanguage\":\"es\",\"potentialAction\":[{\"@type\":\"ReadAction\",\"target\":[\"https:\\\/\\\/petag.com\\\/es\\\/products\\\/zoologic-bene-bac-plus-mammal-gel\\\/\"]}]},{\"@type\":\"ImageObject\",\"inLanguage\":\"es\",\"@id\":\"https:\\\/\\\/petag.com\\\/es\\\/products\\\/zoologic-bene-bac-plus-mammal-gel\\\/#primaryimage\",\"url\":\"https:\\\/\\\/petag.com\\\/wp-content\\\/uploads\\\/2025\\\/07\\\/99858-1-Bene-Bac-Plus_Mammal_FOS-Probiotics_Gel_30gm-Frnt.png\",\"contentUrl\":\"https:\\\/\\\/petag.com\\\/wp-content\\\/uploads\\\/2025\\\/07\\\/99858-1-Bene-Bac-Plus_Mammal_FOS-Probiotics_Gel_30gm-Frnt.png\",\"width\":1024,\"height\":1024},{\"@type\":\"BreadcrumbList\",\"@id\":\"https:\\\/\\\/petag.com\\\/es\\\/products\\\/zoologic-bene-bac-plus-mammal-gel\\\/#breadcrumb\",\"itemListElement\":[{\"@type\":\"ListItem\",\"position\":1,\"name\":\"Home\",\"item\":\"https:\\\/\\\/petag.com\\\/es\\\/home\\\/\"},{\"@type\":\"ListItem\",\"position\":2,\"name\":\"Productos\",\"item\":\"https:\\\/\\\/petag.com\\\/es\\\/products\\\/\"},{\"@type\":\"ListItem\",\"position\":3,\"name\":\"Gel para mam\u00edferos Zoologic Bene-Bac\u00ae Plus\"}]},{\"@type\":\"WebSite\",\"@id\":\"https:\\\/\\\/petag.com\\\/es\\\/#website\",\"url\":\"https:\\\/\\\/petag.com\\\/es\\\/\",\"name\":\"PetAg\",\"description\":\"Care for animals with newborn nutrition, supplements and grooming solutions\",\"publisher\":{\"@id\":\"https:\\\/\\\/petag.com\\\/es\\\/#organization\"},\"potentialAction\":[{\"@type\":\"SearchAction\",\"target\":{\"@type\":\"EntryPoint\",\"urlTemplate\":\"https:\\\/\\\/petag.com\\\/es\\\/?s={search_term_string}\"},\"query-input\":{\"@type\":\"PropertyValueSpecification\",\"valueRequired\":true,\"valueName\":\"search_term_string\"}}],\"inLanguage\":\"es\"},{\"@type\":\"Organization\",\"@id\":\"https:\\\/\\\/petag.com\\\/es\\\/#organization\",\"name\":\"Pet-Ag, Inc.\",\"url\":\"https:\\\/\\\/petag.com\\\/es\\\/\",\"logo\":{\"@type\":\"ImageObject\",\"inLanguage\":\"es\",\"@id\":\"https:\\\/\\\/petag.com\\\/es\\\/#\\\/schema\\\/logo\\\/image\\\/\",\"url\":\"https:\\\/\\\/petag.com\\\/wp-content\\\/uploads\\\/2025\\\/05\\\/PetAg_Logo_mainnav.png\",\"contentUrl\":\"https:\\\/\\\/petag.com\\\/wp-content\\\/uploads\\\/2025\\\/05\\\/PetAg_Logo_mainnav.png\",\"width\":307,\"height\":236,\"caption\":\"Pet-Ag, Inc.\"},\"image\":{\"@id\":\"https:\\\/\\\/petag.com\\\/es\\\/#\\\/schema\\\/logo\\\/image\\\/\"},\"sameAs\":[\"https:\\\/\\\/www.facebook.com\\\/petagproducts\\\/\",\"https:\\\/\\\/www.instagram.com\\\/petagpetproducts\\\/\",\"https:\\\/\\\/www.linkedin.com\\\/company\\\/petag-inc-\\\/\",\"https:\\\/\\\/www.youtube.com\\\/@PetAgEveryAnimalEveryDay\"]}]}<\/script>\n<!-- \/ Yoast SEO plugin. -->","yoast_head_json":{"title":"Gel para mam\u00edferos Zoologic Bene-Bac\u00ae Plus | PetAg","robots":{"index":"index","follow":"follow","max-snippet":"max-snippet:-1","max-image-preview":"max-image-preview:large","max-video-preview":"max-video-preview:-1"},"canonical":"https:\/\/petag.com\/es\/products\/zoologic-bene-bac-plus-mammal-gel\/","og_locale":"es_ES","og_type":"article","og_title":"Gel para mam\u00edferos Zoologic Bene-Bac\u00ae Plus | PetAg","og_description":"FOS y probi\u00f3ticos para perros, gatos y mam\u00edferos ex\u00f3ticos y salvajes","og_url":"https:\/\/petag.com\/es\/products\/zoologic-bene-bac-plus-mammal-gel\/","og_site_name":"PetAg","article_publisher":"https:\/\/www.facebook.com\/petagproducts\/","article_modified_time":"2025-07-30T16:00:38+00:00","og_image":[{"width":1024,"height":1024,"url":"https:\/\/petag.com\/wp-content\/uploads\/2025\/07\/99858-1-Bene-Bac-Plus_Mammal_FOS-Probiotics_Gel_30gm-Frnt.png","type":"image\/png"}],"twitter_card":"summary_large_image","schema":{"@context":"https:\/\/schema.org","@graph":[{"@type":"WebPage","@id":"https:\/\/petag.com\/es\/products\/zoologic-bene-bac-plus-mammal-gel\/","url":"https:\/\/petag.com\/es\/products\/zoologic-bene-bac-plus-mammal-gel\/","name":"Gel para mam\u00edferos Zoologic Bene-Bac\u00ae Plus | PetAg","isPartOf":{"@id":"https:\/\/petag.com\/es\/#website"},"primaryImageOfPage":{"@id":"https:\/\/petag.com\/es\/products\/zoologic-bene-bac-plus-mammal-gel\/#primaryimage"},"image":{"@id":"https:\/\/petag.com\/es\/products\/zoologic-bene-bac-plus-mammal-gel\/#primaryimage"},"thumbnailUrl":"https:\/\/petag.com\/wp-content\/uploads\/2025\/07\/99858-1-Bene-Bac-Plus_Mammal_FOS-Probiotics_Gel_30gm-Frnt.png","datePublished":"2025-07-10T17:42:56+00:00","dateModified":"2025-07-30T16:00:38+00:00","breadcrumb":{"@id":"https:\/\/petag.com\/es\/products\/zoologic-bene-bac-plus-mammal-gel\/#breadcrumb"},"inLanguage":"es","potentialAction":[{"@type":"ReadAction","target":["https:\/\/petag.com\/es\/products\/zoologic-bene-bac-plus-mammal-gel\/"]}]},{"@type":"ImageObject","inLanguage":"es","@id":"https:\/\/petag.com\/es\/products\/zoologic-bene-bac-plus-mammal-gel\/#primaryimage","url":"https:\/\/petag.com\/wp-content\/uploads\/2025\/07\/99858-1-Bene-Bac-Plus_Mammal_FOS-Probiotics_Gel_30gm-Frnt.png","contentUrl":"https:\/\/petag.com\/wp-content\/uploads\/2025\/07\/99858-1-Bene-Bac-Plus_Mammal_FOS-Probiotics_Gel_30gm-Frnt.png","width":1024,"height":1024},{"@type":"BreadcrumbList","@id":"https:\/\/petag.com\/es\/products\/zoologic-bene-bac-plus-mammal-gel\/#breadcrumb","itemListElement":[{"@type":"ListItem","position":1,"name":"Home","item":"https:\/\/petag.com\/es\/home\/"},{"@type":"ListItem","position":2,"name":"Productos","item":"https:\/\/petag.com\/es\/products\/"},{"@type":"ListItem","position":3,"name":"Gel para mam\u00edferos Zoologic Bene-Bac\u00ae Plus"}]},{"@type":"WebSite","@id":"https:\/\/petag.com\/es\/#website","url":"https:\/\/petag.com\/es\/","name":"PetAg","description":"Care for animals with newborn nutrition, supplements and grooming solutions","publisher":{"@id":"https:\/\/petag.com\/es\/#organization"},"potentialAction":[{"@type":"SearchAction","target":{"@type":"EntryPoint","urlTemplate":"https:\/\/petag.com\/es\/?s={search_term_string}"},"query-input":{"@type":"PropertyValueSpecification","valueRequired":true,"valueName":"search_term_string"}}],"inLanguage":"es"},{"@type":"Organization","@id":"https:\/\/petag.com\/es\/#organization","name":"Pet-Ag, Inc.","url":"https:\/\/petag.com\/es\/","logo":{"@type":"ImageObject","inLanguage":"es","@id":"https:\/\/petag.com\/es\/#\/schema\/logo\/image\/","url":"https:\/\/petag.com\/wp-content\/uploads\/2025\/05\/PetAg_Logo_mainnav.png","contentUrl":"https:\/\/petag.com\/wp-content\/uploads\/2025\/05\/PetAg_Logo_mainnav.png","width":307,"height":236,"caption":"Pet-Ag, Inc."},"image":{"@id":"https:\/\/petag.com\/es\/#\/schema\/logo\/image\/"},"sameAs":["https:\/\/www.facebook.com\/petagproducts\/","https:\/\/www.instagram.com\/petagpetproducts\/","https:\/\/www.linkedin.com\/company\/petag-inc-\/","https:\/\/www.youtube.com\/@PetAgEveryAnimalEveryDay"]}]}},"_links":{"self":[{"href":"https:\/\/petag.com\/es\/wp-json\/wp\/v2\/product\/2415","targetHints":{"allow":["GET"]}}],"collection":[{"href":"https:\/\/petag.com\/es\/wp-json\/wp\/v2\/product"}],"about":[{"href":"https:\/\/petag.com\/es\/wp-json\/wp\/v2\/types\/product"}],"replies":[{"embeddable":true,"href":"https:\/\/petag.com\/es\/wp-json\/wp\/v2\/comments?post=2415"}],"wp:featuredmedia":[{"embeddable":true,"href":"https:\/\/petag.com\/es\/wp-json\/wp\/v2\/media\/2255"}],"wp:attachment":[{"href":"https:\/\/petag.com\/es\/wp-json\/wp\/v2\/media?parent=2415"}],"wp:term":[{"taxonomy":"product_brand","embeddable":true,"href":"https:\/\/petag.com\/es\/wp-json\/wp\/v2\/product_brand?post=2415"},{"taxonomy":"product_cat","embeddable":true,"href":"https:\/\/petag.com\/es\/wp-json\/wp\/v2\/product_cat?post=2415"},{"taxonomy":"product_tag","embeddable":true,"href":"https:\/\/petag.com\/es\/wp-json\/wp\/v2\/product_tag?post=2415"},{"taxonomy":"animal-type","embeddable":true,"href":"https:\/\/petag.com\/es\/wp-json\/wp\/v2\/animal-type?post=2415"}],"curies":[{"name":"wp","href":"https:\/\/api.w.org\/{rel}","templated":true}]}}