{"id":2414,"date":"2025-07-10T17:42:56","date_gmt":"2025-07-10T17:42:56","guid":{"rendered":"https:\/\/petagstg.wpenginepowered.com\/products\/suplemento-en-gel-con-alto-contenido-calorico-para-perros\/"},"modified":"2025-07-30T16:04:29","modified_gmt":"2025-07-30T16:04:29","slug":"high-calorie-gel-supplement-for-dogs","status":"publish","type":"product","link":"https:\/\/petag.com\/es\/products\/high-calorie-gel-supplement-for-dogs\/","title":{"rendered":"Suplemento en gel con alto contenido cal\u00f3rico para perros"},"content":{"rendered":"<p>F\u00e1cil de administrar y de gran sabor, el Suplemento en gel con alto contenido cal\u00f3rico para perros aumenta la ingesta de calor\u00edas sin a\u00f1adir comidas, proporciona energ\u00eda y favorece la salud general. La f\u00f3rmula contiene grasas vegetales ricas en energ\u00eda para facilitar la digesti\u00f3n. Es ideal para satisfacer las necesidades de alto contenido cal\u00f3rico de cachorros en crecimiento; perras j\u00f3venes, gestantes o lactantes; perros que se recuperan de una enfermedad o una intervenci\u00f3n quir\u00fargica; perros mayores; o perros quisquillosos con la comida.<\/p>\n<ul>\n<li>Para perros j\u00f3venes, gestantes o lactantes que crecen r\u00e1pidamente; perros que se recuperan de una enfermedad o una operaci\u00f3n; y para la mayor\u00eda de los perros j\u00f3venes que pueden ser quisquillosos con la comida y necesitan un aporte cal\u00f3rico adicional.<\/li>\n<li>Aporta mucha energ\u00eda, mantiene la energ\u00eda y contiene grasas vegetales digeribles.<\/li>\n<li>Ayuda a mantener una piel y un pelaje sanos.<\/li>\n<li>F\u00f3rmula en gel f\u00e1cil de alimentar y de gran sabor.<\/li>\n<li>Apetitoso sabor a pollo que gusta a los perros.<\/li>\n<\/ul>\n","protected":false},"excerpt":{"rendered":"<p>Sabor a pollo &#8211; Aporta calor\u00edas extra para perros de 8 semanas o m\u00e1s &#8211; F\u00e1cil de digerir<\/p>\n","protected":false},"featured_media":1393,"comment_status":"closed","ping_status":"closed","template":"","meta":{"_et_pb_use_builder":"","_et_pb_old_content":"","_et_gb_content_width":""},"product_brand":[],"product_cat":[54],"product_tag":[],"animal-type":[65],"class_list":{"0":"post-2414","1":"product","2":"type-product","3":"status-publish","4":"has-post-thumbnail","6":"product_cat-suplementos-para-la-salud","7":"pa_sizes-5-oz-es","8":"animal-type-perros-y-cachorros","10":"first","11":"instock","12":"product-type-simple"},"yoast_head":"<!-- This site is optimized with the Yoast SEO plugin v27.2 - https:\/\/yoast.com\/product\/yoast-seo-wordpress\/ -->\n<title>Suplemento en gel con alto contenido cal\u00f3rico para perros | PetAg<\/title>\n<meta name=\"robots\" content=\"index, follow, max-snippet:-1, max-image-preview:large, max-video-preview:-1\" \/>\n<link rel=\"canonical\" href=\"https:\/\/petag.com\/es\/products\/high-calorie-gel-supplement-for-dogs\/\" \/>\n<meta property=\"og:locale\" content=\"es_ES\" \/>\n<meta property=\"og:type\" content=\"article\" \/>\n<meta property=\"og:title\" content=\"Suplemento en gel con alto contenido cal\u00f3rico para perros | PetAg\" \/>\n<meta property=\"og:description\" content=\"Sabor a pollo - Aporta calor\u00edas extra para perros de 8 semanas o m\u00e1s - F\u00e1cil de digerir\" \/>\n<meta property=\"og:url\" content=\"https:\/\/petag.com\/es\/products\/high-calorie-gel-supplement-for-dogs\/\" \/>\n<meta property=\"og:site_name\" content=\"PetAg\" \/>\n<meta property=\"article:publisher\" content=\"https:\/\/www.facebook.com\/petagproducts\/\" \/>\n<meta property=\"article:modified_time\" content=\"2025-07-30T16:04:29+00:00\" \/>\n<meta property=\"og:image\" content=\"https:\/\/petag.com\/wp-content\/uploads\/2025\/07\/99133-DogGel-HighCalorie-Frnt.png\" \/>\n\t<meta property=\"og:image:width\" content=\"1024\" \/>\n\t<meta property=\"og:image:height\" content=\"1024\" \/>\n\t<meta property=\"og:image:type\" content=\"image\/png\" \/>\n<meta name=\"twitter:card\" content=\"summary_large_image\" \/>\n<meta name=\"twitter:label1\" content=\"Est. reading time\" \/>\n\t<meta name=\"twitter:data1\" content=\"1 minuto\" \/>\n<script type=\"application\/ld+json\" class=\"yoast-schema-graph\">{\"@context\":\"https:\/\/schema.org\",\"@graph\":[{\"@type\":\"WebPage\",\"@id\":\"https:\/\/petag.com\/es\/products\/high-calorie-gel-supplement-for-dogs\/\",\"url\":\"https:\/\/petag.com\/es\/products\/high-calorie-gel-supplement-for-dogs\/\",\"name\":\"Suplemento en gel con alto contenido cal\u00f3rico para perros | PetAg\",\"isPartOf\":{\"@id\":\"https:\/\/petag.com\/es\/#website\"},\"primaryImageOfPage\":{\"@id\":\"https:\/\/petag.com\/es\/products\/high-calorie-gel-supplement-for-dogs\/#primaryimage\"},\"image\":{\"@id\":\"https:\/\/petag.com\/es\/products\/high-calorie-gel-supplement-for-dogs\/#primaryimage\"},\"thumbnailUrl\":\"https:\/\/petag.com\/wp-content\/uploads\/2025\/07\/99133-DogGel-HighCalorie-Frnt.png\",\"datePublished\":\"2025-07-10T17:42:56+00:00\",\"dateModified\":\"2025-07-30T16:04:29+00:00\",\"breadcrumb\":{\"@id\":\"https:\/\/petag.com\/es\/products\/high-calorie-gel-supplement-for-dogs\/#breadcrumb\"},\"inLanguage\":\"es\",\"potentialAction\":[{\"@type\":\"ReadAction\",\"target\":[\"https:\/\/petag.com\/es\/products\/high-calorie-gel-supplement-for-dogs\/\"]}]},{\"@type\":\"ImageObject\",\"inLanguage\":\"es\",\"@id\":\"https:\/\/petag.com\/es\/products\/high-calorie-gel-supplement-for-dogs\/#primaryimage\",\"url\":\"https:\/\/petag.com\/wp-content\/uploads\/2025\/07\/99133-DogGel-HighCalorie-Frnt.png\",\"contentUrl\":\"https:\/\/petag.com\/wp-content\/uploads\/2025\/07\/99133-DogGel-HighCalorie-Frnt.png\",\"width\":1024,\"height\":1024},{\"@type\":\"BreadcrumbList\",\"@id\":\"https:\/\/petag.com\/es\/products\/high-calorie-gel-supplement-for-dogs\/#breadcrumb\",\"itemListElement\":[{\"@type\":\"ListItem\",\"position\":1,\"name\":\"Home\",\"item\":\"https:\/\/petag.com\/es\/home\/\"},{\"@type\":\"ListItem\",\"position\":2,\"name\":\"Productos\",\"item\":\"https:\/\/petag.com\/es\/products\/\"},{\"@type\":\"ListItem\",\"position\":3,\"name\":\"Suplemento en gel con alto contenido cal\u00f3rico para perros\"}]},{\"@type\":\"WebSite\",\"@id\":\"https:\/\/petag.com\/es\/#website\",\"url\":\"https:\/\/petag.com\/es\/\",\"name\":\"PetAg\",\"description\":\"Care for animals with newborn nutrition, supplements and grooming solutions\",\"publisher\":{\"@id\":\"https:\/\/petag.com\/es\/#organization\"},\"potentialAction\":[{\"@type\":\"SearchAction\",\"target\":{\"@type\":\"EntryPoint\",\"urlTemplate\":\"https:\/\/petag.com\/es\/?s={search_term_string}\"},\"query-input\":{\"@type\":\"PropertyValueSpecification\",\"valueRequired\":true,\"valueName\":\"search_term_string\"}}],\"inLanguage\":\"es\"},{\"@type\":\"Organization\",\"@id\":\"https:\/\/petag.com\/es\/#organization\",\"name\":\"Pet-Ag, Inc.\",\"url\":\"https:\/\/petag.com\/es\/\",\"logo\":{\"@type\":\"ImageObject\",\"inLanguage\":\"es\",\"@id\":\"https:\/\/petag.com\/es\/#\/schema\/logo\/image\/\",\"url\":\"https:\/\/petag.com\/wp-content\/uploads\/2025\/05\/PetAg_Logo_mainnav.png\",\"contentUrl\":\"https:\/\/petag.com\/wp-content\/uploads\/2025\/05\/PetAg_Logo_mainnav.png\",\"width\":307,\"height\":236,\"caption\":\"Pet-Ag, Inc.\"},\"image\":{\"@id\":\"https:\/\/petag.com\/es\/#\/schema\/logo\/image\/\"},\"sameAs\":[\"https:\/\/www.facebook.com\/petagproducts\/\",\"https:\/\/www.instagram.com\/petagpetproducts\/\",\"https:\/\/www.linkedin.com\/company\/petag-inc-\/\",\"https:\/\/www.youtube.com\/@PetAgEveryAnimalEveryDay\"]}]}<\/script>\n<!-- \/ Yoast SEO plugin. -->","yoast_head_json":{"title":"Suplemento en gel con alto contenido cal\u00f3rico para perros | PetAg","robots":{"index":"index","follow":"follow","max-snippet":"max-snippet:-1","max-image-preview":"max-image-preview:large","max-video-preview":"max-video-preview:-1"},"canonical":"https:\/\/petag.com\/es\/products\/high-calorie-gel-supplement-for-dogs\/","og_locale":"es_ES","og_type":"article","og_title":"Suplemento en gel con alto contenido cal\u00f3rico para perros | PetAg","og_description":"Sabor a pollo - Aporta calor\u00edas extra para perros de 8 semanas o m\u00e1s - F\u00e1cil de digerir","og_url":"https:\/\/petag.com\/es\/products\/high-calorie-gel-supplement-for-dogs\/","og_site_name":"PetAg","article_publisher":"https:\/\/www.facebook.com\/petagproducts\/","article_modified_time":"2025-07-30T16:04:29+00:00","og_image":[{"width":1024,"height":1024,"url":"https:\/\/petag.com\/wp-content\/uploads\/2025\/07\/99133-DogGel-HighCalorie-Frnt.png","type":"image\/png"}],"twitter_card":"summary_large_image","twitter_misc":{"Est. reading time":"1 minuto"},"schema":{"@context":"https:\/\/schema.org","@graph":[{"@type":"WebPage","@id":"https:\/\/petag.com\/es\/products\/high-calorie-gel-supplement-for-dogs\/","url":"https:\/\/petag.com\/es\/products\/high-calorie-gel-supplement-for-dogs\/","name":"Suplemento en gel con alto contenido cal\u00f3rico para perros | PetAg","isPartOf":{"@id":"https:\/\/petag.com\/es\/#website"},"primaryImageOfPage":{"@id":"https:\/\/petag.com\/es\/products\/high-calorie-gel-supplement-for-dogs\/#primaryimage"},"image":{"@id":"https:\/\/petag.com\/es\/products\/high-calorie-gel-supplement-for-dogs\/#primaryimage"},"thumbnailUrl":"https:\/\/petag.com\/wp-content\/uploads\/2025\/07\/99133-DogGel-HighCalorie-Frnt.png","datePublished":"2025-07-10T17:42:56+00:00","dateModified":"2025-07-30T16:04:29+00:00","breadcrumb":{"@id":"https:\/\/petag.com\/es\/products\/high-calorie-gel-supplement-for-dogs\/#breadcrumb"},"inLanguage":"es","potentialAction":[{"@type":"ReadAction","target":["https:\/\/petag.com\/es\/products\/high-calorie-gel-supplement-for-dogs\/"]}]},{"@type":"ImageObject","inLanguage":"es","@id":"https:\/\/petag.com\/es\/products\/high-calorie-gel-supplement-for-dogs\/#primaryimage","url":"https:\/\/petag.com\/wp-content\/uploads\/2025\/07\/99133-DogGel-HighCalorie-Frnt.png","contentUrl":"https:\/\/petag.com\/wp-content\/uploads\/2025\/07\/99133-DogGel-HighCalorie-Frnt.png","width":1024,"height":1024},{"@type":"BreadcrumbList","@id":"https:\/\/petag.com\/es\/products\/high-calorie-gel-supplement-for-dogs\/#breadcrumb","itemListElement":[{"@type":"ListItem","position":1,"name":"Home","item":"https:\/\/petag.com\/es\/home\/"},{"@type":"ListItem","position":2,"name":"Productos","item":"https:\/\/petag.com\/es\/products\/"},{"@type":"ListItem","position":3,"name":"Suplemento en gel con alto contenido cal\u00f3rico para perros"}]},{"@type":"WebSite","@id":"https:\/\/petag.com\/es\/#website","url":"https:\/\/petag.com\/es\/","name":"PetAg","description":"Care for animals with newborn nutrition, supplements and grooming solutions","publisher":{"@id":"https:\/\/petag.com\/es\/#organization"},"potentialAction":[{"@type":"SearchAction","target":{"@type":"EntryPoint","urlTemplate":"https:\/\/petag.com\/es\/?s={search_term_string}"},"query-input":{"@type":"PropertyValueSpecification","valueRequired":true,"valueName":"search_term_string"}}],"inLanguage":"es"},{"@type":"Organization","@id":"https:\/\/petag.com\/es\/#organization","name":"Pet-Ag, Inc.","url":"https:\/\/petag.com\/es\/","logo":{"@type":"ImageObject","inLanguage":"es","@id":"https:\/\/petag.com\/es\/#\/schema\/logo\/image\/","url":"https:\/\/petag.com\/wp-content\/uploads\/2025\/05\/PetAg_Logo_mainnav.png","contentUrl":"https:\/\/petag.com\/wp-content\/uploads\/2025\/05\/PetAg_Logo_mainnav.png","width":307,"height":236,"caption":"Pet-Ag, Inc."},"image":{"@id":"https:\/\/petag.com\/es\/#\/schema\/logo\/image\/"},"sameAs":["https:\/\/www.facebook.com\/petagproducts\/","https:\/\/www.instagram.com\/petagpetproducts\/","https:\/\/www.linkedin.com\/company\/petag-inc-\/","https:\/\/www.youtube.com\/@PetAgEveryAnimalEveryDay"]}]}},"_links":{"self":[{"href":"https:\/\/petag.com\/es\/wp-json\/wp\/v2\/product\/2414","targetHints":{"allow":["GET"]}}],"collection":[{"href":"https:\/\/petag.com\/es\/wp-json\/wp\/v2\/product"}],"about":[{"href":"https:\/\/petag.com\/es\/wp-json\/wp\/v2\/types\/product"}],"replies":[{"embeddable":true,"href":"https:\/\/petag.com\/es\/wp-json\/wp\/v2\/comments?post=2414"}],"wp:featuredmedia":[{"embeddable":true,"href":"https:\/\/petag.com\/es\/wp-json\/wp\/v2\/media\/1393"}],"wp:attachment":[{"href":"https:\/\/petag.com\/es\/wp-json\/wp\/v2\/media?parent=2414"}],"wp:term":[{"taxonomy":"product_brand","embeddable":true,"href":"https:\/\/petag.com\/es\/wp-json\/wp\/v2\/product_brand?post=2414"},{"taxonomy":"product_cat","embeddable":true,"href":"https:\/\/petag.com\/es\/wp-json\/wp\/v2\/product_cat?post=2414"},{"taxonomy":"product_tag","embeddable":true,"href":"https:\/\/petag.com\/es\/wp-json\/wp\/v2\/product_tag?post=2414"},{"taxonomy":"animal-type","embeddable":true,"href":"https:\/\/petag.com\/es\/wp-json\/wp\/v2\/animal-type?post=2414"}],"curies":[{"name":"wp","href":"https:\/\/api.w.org\/{rel}","templated":true}]}}