{"id":2411,"date":"2025-07-10T17:42:56","date_gmt":"2025-07-10T17:42:56","guid":{"rendered":"https:\/\/petagstg.wpenginepowered.com\/products\/zoologic-leche-matrix-30-50\/"},"modified":"2025-11-13T20:28:42","modified_gmt":"2025-11-13T20:28:42","slug":"zoologic-milk-matrix-30-50","status":"publish","type":"product","link":"https:\/\/petag.com\/es\/products\/zoologic-milk-matrix-30-50\/","title":{"rendered":"Zoologic\u00ae Leche Matrix 30\/50"},"content":{"rendered":"<p>Milk Matrix 30\/50 es un sustituto de la leche y suplemento nutricional que contiene un nivel traza de lactosa.<\/p>\n<p><a href=\"https:\/\/petag.com\/wp-content\/uploads\/2025\/08\/Zoologic-Mixing-Guide.pdf\" target=\"_blank\" data-redactor-span=\"true\">Descargar Gu\u00eda de Mezclado<\/a><\/p>\n","protected":false},"excerpt":{"rendered":"<p>Prote\u00edna de leche en polvo para animales salvajes y ex\u00f3ticos no dom\u00e9sticos<\/p>\n","protected":false},"featured_media":1762,"comment_status":"closed","ping_status":"closed","template":"","meta":{"_et_pb_use_builder":"","_et_pb_old_content":"","_et_gb_content_width":""},"product_brand":[118],"product_cat":[53],"product_tag":[],"animal-type":[64],"class_list":{"0":"post-2411","1":"product","2":"type-product","3":"status-publish","4":"has-post-thumbnail","6":"product_brand-zoologic","7":"product_cat-leches-y-nutricion","8":"pa_sizes-15-lb-es","9":"animal-type-other-animals","11":"first","12":"instock","13":"product-type-simple"},"yoast_head":"<!-- This site is optimized with the Yoast SEO plugin v27.2 - https:\/\/yoast.com\/product\/yoast-seo-wordpress\/ -->\n<title>Zoologic\u00ae Milk Matrix 30\/50 | PetAg<\/title>\n<meta name=\"description\" content=\"Prote\u00edna de leche en polvo para animales salvajes y ex\u00f3ticos no dom\u00e9sticos. Milk Matrix 30\/50 es un sustituto de la leche y un suplemento nutricional que contiene un nivel traza de lactosa.\" \/>\n<meta name=\"robots\" content=\"index, follow, max-snippet:-1, max-image-preview:large, max-video-preview:-1\" \/>\n<link rel=\"canonical\" href=\"https:\/\/petag.com\/es\/products\/zoologic-milk-matrix-30-50\/\" \/>\n<meta property=\"og:locale\" content=\"es_ES\" \/>\n<meta property=\"og:type\" content=\"article\" \/>\n<meta property=\"og:title\" content=\"Zoologic\u00ae Milk Matrix 30\/50 | PetAg\" \/>\n<meta property=\"og:description\" content=\"Prote\u00edna de leche en polvo para animales salvajes y ex\u00f3ticos no dom\u00e9sticos. Milk Matrix 30\/50 es un sustituto de la leche y un suplemento nutricional que contiene un nivel traza de lactosa.\" \/>\n<meta property=\"og:url\" content=\"https:\/\/petag.com\/es\/products\/zoologic-milk-matrix-30-50\/\" \/>\n<meta property=\"og:site_name\" content=\"PetAg\" \/>\n<meta property=\"article:publisher\" content=\"https:\/\/www.facebook.com\/petagproducts\/\" \/>\n<meta property=\"article:modified_time\" content=\"2025-11-13T20:28:42+00:00\" \/>\n<meta property=\"og:image\" content=\"https:\/\/petag.com\/wp-content\/uploads\/2025\/07\/99840-ZooLogic_MilkMatrix_30-50_15lb-Frnt_1-2025.png\" \/>\n\t<meta property=\"og:image:width\" content=\"1024\" \/>\n\t<meta property=\"og:image:height\" content=\"1024\" \/>\n\t<meta property=\"og:image:type\" content=\"image\/png\" \/>\n<meta name=\"twitter:card\" content=\"summary_large_image\" \/>\n<script type=\"application\/ld+json\" class=\"yoast-schema-graph\">{\"@context\":\"https:\/\/schema.org\",\"@graph\":[{\"@type\":\"WebPage\",\"@id\":\"https:\/\/petag.com\/es\/products\/zoologic-milk-matrix-30-50\/\",\"url\":\"https:\/\/petag.com\/es\/products\/zoologic-milk-matrix-30-50\/\",\"name\":\"Zoologic\u00ae Milk Matrix 30\/50 | PetAg\",\"isPartOf\":{\"@id\":\"https:\/\/petag.com\/es\/#website\"},\"primaryImageOfPage\":{\"@id\":\"https:\/\/petag.com\/es\/products\/zoologic-milk-matrix-30-50\/#primaryimage\"},\"image\":{\"@id\":\"https:\/\/petag.com\/es\/products\/zoologic-milk-matrix-30-50\/#primaryimage\"},\"thumbnailUrl\":\"https:\/\/petag.com\/wp-content\/uploads\/2025\/07\/99840-ZooLogic_MilkMatrix_30-50_15lb-Frnt_1-2025.png\",\"datePublished\":\"2025-07-10T17:42:56+00:00\",\"dateModified\":\"2025-11-13T20:28:42+00:00\",\"description\":\"Prote\u00edna de leche en polvo para animales salvajes y ex\u00f3ticos no dom\u00e9sticos. Milk Matrix 30\/50 es un sustituto de la leche y un suplemento nutricional que contiene un nivel traza de lactosa.\",\"breadcrumb\":{\"@id\":\"https:\/\/petag.com\/es\/products\/zoologic-milk-matrix-30-50\/#breadcrumb\"},\"inLanguage\":\"es\",\"potentialAction\":[{\"@type\":\"ReadAction\",\"target\":[\"https:\/\/petag.com\/es\/products\/zoologic-milk-matrix-30-50\/\"]}]},{\"@type\":\"ImageObject\",\"inLanguage\":\"es\",\"@id\":\"https:\/\/petag.com\/es\/products\/zoologic-milk-matrix-30-50\/#primaryimage\",\"url\":\"https:\/\/petag.com\/wp-content\/uploads\/2025\/07\/99840-ZooLogic_MilkMatrix_30-50_15lb-Frnt_1-2025.png\",\"contentUrl\":\"https:\/\/petag.com\/wp-content\/uploads\/2025\/07\/99840-ZooLogic_MilkMatrix_30-50_15lb-Frnt_1-2025.png\",\"width\":1024,\"height\":1024},{\"@type\":\"BreadcrumbList\",\"@id\":\"https:\/\/petag.com\/es\/products\/zoologic-milk-matrix-30-50\/#breadcrumb\",\"itemListElement\":[{\"@type\":\"ListItem\",\"position\":1,\"name\":\"Home\",\"item\":\"https:\/\/petag.com\/es\/home\/\"},{\"@type\":\"ListItem\",\"position\":2,\"name\":\"Productos\",\"item\":\"https:\/\/petag.com\/es\/products\/\"},{\"@type\":\"ListItem\",\"position\":3,\"name\":\"Zoologic\u00ae Leche Matrix 30\/50\"}]},{\"@type\":\"WebSite\",\"@id\":\"https:\/\/petag.com\/es\/#website\",\"url\":\"https:\/\/petag.com\/es\/\",\"name\":\"PetAg\",\"description\":\"Care for animals with newborn nutrition, supplements and grooming solutions\",\"publisher\":{\"@id\":\"https:\/\/petag.com\/es\/#organization\"},\"potentialAction\":[{\"@type\":\"SearchAction\",\"target\":{\"@type\":\"EntryPoint\",\"urlTemplate\":\"https:\/\/petag.com\/es\/?s={search_term_string}\"},\"query-input\":{\"@type\":\"PropertyValueSpecification\",\"valueRequired\":true,\"valueName\":\"search_term_string\"}}],\"inLanguage\":\"es\"},{\"@type\":\"Organization\",\"@id\":\"https:\/\/petag.com\/es\/#organization\",\"name\":\"Pet-Ag, Inc.\",\"url\":\"https:\/\/petag.com\/es\/\",\"logo\":{\"@type\":\"ImageObject\",\"inLanguage\":\"es\",\"@id\":\"https:\/\/petag.com\/es\/#\/schema\/logo\/image\/\",\"url\":\"https:\/\/petag.com\/wp-content\/uploads\/2025\/05\/PetAg_Logo_mainnav.png\",\"contentUrl\":\"https:\/\/petag.com\/wp-content\/uploads\/2025\/05\/PetAg_Logo_mainnav.png\",\"width\":307,\"height\":236,\"caption\":\"Pet-Ag, Inc.\"},\"image\":{\"@id\":\"https:\/\/petag.com\/es\/#\/schema\/logo\/image\/\"},\"sameAs\":[\"https:\/\/www.facebook.com\/petagproducts\/\",\"https:\/\/www.instagram.com\/petagpetproducts\/\",\"https:\/\/www.linkedin.com\/company\/petag-inc-\/\",\"https:\/\/www.youtube.com\/@PetAgEveryAnimalEveryDay\"]}]}<\/script>\n<!-- \/ Yoast SEO plugin. -->","yoast_head_json":{"title":"Zoologic\u00ae Milk Matrix 30\/50 | PetAg","description":"Prote\u00edna de leche en polvo para animales salvajes y ex\u00f3ticos no dom\u00e9sticos. Milk Matrix 30\/50 es un sustituto de la leche y un suplemento nutricional que contiene un nivel traza de lactosa.","robots":{"index":"index","follow":"follow","max-snippet":"max-snippet:-1","max-image-preview":"max-image-preview:large","max-video-preview":"max-video-preview:-1"},"canonical":"https:\/\/petag.com\/es\/products\/zoologic-milk-matrix-30-50\/","og_locale":"es_ES","og_type":"article","og_title":"Zoologic\u00ae Milk Matrix 30\/50 | PetAg","og_description":"Prote\u00edna de leche en polvo para animales salvajes y ex\u00f3ticos no dom\u00e9sticos. Milk Matrix 30\/50 es un sustituto de la leche y un suplemento nutricional que contiene un nivel traza de lactosa.","og_url":"https:\/\/petag.com\/es\/products\/zoologic-milk-matrix-30-50\/","og_site_name":"PetAg","article_publisher":"https:\/\/www.facebook.com\/petagproducts\/","article_modified_time":"2025-11-13T20:28:42+00:00","og_image":[{"width":1024,"height":1024,"url":"https:\/\/petag.com\/wp-content\/uploads\/2025\/07\/99840-ZooLogic_MilkMatrix_30-50_15lb-Frnt_1-2025.png","type":"image\/png"}],"twitter_card":"summary_large_image","schema":{"@context":"https:\/\/schema.org","@graph":[{"@type":"WebPage","@id":"https:\/\/petag.com\/es\/products\/zoologic-milk-matrix-30-50\/","url":"https:\/\/petag.com\/es\/products\/zoologic-milk-matrix-30-50\/","name":"Zoologic\u00ae Milk Matrix 30\/50 | PetAg","isPartOf":{"@id":"https:\/\/petag.com\/es\/#website"},"primaryImageOfPage":{"@id":"https:\/\/petag.com\/es\/products\/zoologic-milk-matrix-30-50\/#primaryimage"},"image":{"@id":"https:\/\/petag.com\/es\/products\/zoologic-milk-matrix-30-50\/#primaryimage"},"thumbnailUrl":"https:\/\/petag.com\/wp-content\/uploads\/2025\/07\/99840-ZooLogic_MilkMatrix_30-50_15lb-Frnt_1-2025.png","datePublished":"2025-07-10T17:42:56+00:00","dateModified":"2025-11-13T20:28:42+00:00","description":"Prote\u00edna de leche en polvo para animales salvajes y ex\u00f3ticos no dom\u00e9sticos. Milk Matrix 30\/50 es un sustituto de la leche y un suplemento nutricional que contiene un nivel traza de lactosa.","breadcrumb":{"@id":"https:\/\/petag.com\/es\/products\/zoologic-milk-matrix-30-50\/#breadcrumb"},"inLanguage":"es","potentialAction":[{"@type":"ReadAction","target":["https:\/\/petag.com\/es\/products\/zoologic-milk-matrix-30-50\/"]}]},{"@type":"ImageObject","inLanguage":"es","@id":"https:\/\/petag.com\/es\/products\/zoologic-milk-matrix-30-50\/#primaryimage","url":"https:\/\/petag.com\/wp-content\/uploads\/2025\/07\/99840-ZooLogic_MilkMatrix_30-50_15lb-Frnt_1-2025.png","contentUrl":"https:\/\/petag.com\/wp-content\/uploads\/2025\/07\/99840-ZooLogic_MilkMatrix_30-50_15lb-Frnt_1-2025.png","width":1024,"height":1024},{"@type":"BreadcrumbList","@id":"https:\/\/petag.com\/es\/products\/zoologic-milk-matrix-30-50\/#breadcrumb","itemListElement":[{"@type":"ListItem","position":1,"name":"Home","item":"https:\/\/petag.com\/es\/home\/"},{"@type":"ListItem","position":2,"name":"Productos","item":"https:\/\/petag.com\/es\/products\/"},{"@type":"ListItem","position":3,"name":"Zoologic\u00ae Leche Matrix 30\/50"}]},{"@type":"WebSite","@id":"https:\/\/petag.com\/es\/#website","url":"https:\/\/petag.com\/es\/","name":"PetAg","description":"Care for animals with newborn nutrition, supplements and grooming solutions","publisher":{"@id":"https:\/\/petag.com\/es\/#organization"},"potentialAction":[{"@type":"SearchAction","target":{"@type":"EntryPoint","urlTemplate":"https:\/\/petag.com\/es\/?s={search_term_string}"},"query-input":{"@type":"PropertyValueSpecification","valueRequired":true,"valueName":"search_term_string"}}],"inLanguage":"es"},{"@type":"Organization","@id":"https:\/\/petag.com\/es\/#organization","name":"Pet-Ag, Inc.","url":"https:\/\/petag.com\/es\/","logo":{"@type":"ImageObject","inLanguage":"es","@id":"https:\/\/petag.com\/es\/#\/schema\/logo\/image\/","url":"https:\/\/petag.com\/wp-content\/uploads\/2025\/05\/PetAg_Logo_mainnav.png","contentUrl":"https:\/\/petag.com\/wp-content\/uploads\/2025\/05\/PetAg_Logo_mainnav.png","width":307,"height":236,"caption":"Pet-Ag, Inc."},"image":{"@id":"https:\/\/petag.com\/es\/#\/schema\/logo\/image\/"},"sameAs":["https:\/\/www.facebook.com\/petagproducts\/","https:\/\/www.instagram.com\/petagpetproducts\/","https:\/\/www.linkedin.com\/company\/petag-inc-\/","https:\/\/www.youtube.com\/@PetAgEveryAnimalEveryDay"]}]}},"_links":{"self":[{"href":"https:\/\/petag.com\/es\/wp-json\/wp\/v2\/product\/2411","targetHints":{"allow":["GET"]}}],"collection":[{"href":"https:\/\/petag.com\/es\/wp-json\/wp\/v2\/product"}],"about":[{"href":"https:\/\/petag.com\/es\/wp-json\/wp\/v2\/types\/product"}],"replies":[{"embeddable":true,"href":"https:\/\/petag.com\/es\/wp-json\/wp\/v2\/comments?post=2411"}],"wp:featuredmedia":[{"embeddable":true,"href":"https:\/\/petag.com\/es\/wp-json\/wp\/v2\/media\/1762"}],"wp:attachment":[{"href":"https:\/\/petag.com\/es\/wp-json\/wp\/v2\/media?parent=2411"}],"wp:term":[{"taxonomy":"product_brand","embeddable":true,"href":"https:\/\/petag.com\/es\/wp-json\/wp\/v2\/product_brand?post=2411"},{"taxonomy":"product_cat","embeddable":true,"href":"https:\/\/petag.com\/es\/wp-json\/wp\/v2\/product_cat?post=2411"},{"taxonomy":"product_tag","embeddable":true,"href":"https:\/\/petag.com\/es\/wp-json\/wp\/v2\/product_tag?post=2411"},{"taxonomy":"animal-type","embeddable":true,"href":"https:\/\/petag.com\/es\/wp-json\/wp\/v2\/animal-type?post=2411"}],"curies":[{"name":"wp","href":"https:\/\/api.w.org\/{rel}","templated":true}]}}