{"id":2434,"date":"2025-07-11T15:22:00","date_gmt":"2025-07-11T15:22:00","guid":{"rendered":"https:\/\/petagstg.wpenginepowered.com\/politicas-y-procedimientos\/"},"modified":"2025-11-13T20:38:53","modified_gmt":"2025-11-13T20:38:53","slug":"policies-procedures","status":"publish","type":"page","link":"https:\/\/petag.com\/es\/policies-procedures\/","title":{"rendered":"Pol\u00edticas y procedimientos"},"content":{"rendered":"<p>[et_pb_section fb_built=\u00bb1&#8243; _builder_version=\u00bb4.27.4&#8243; _module_preset=\u00bbdefault\u00bb custom_padding=\u00bb15px||15px||true|false\u00bb locked=\u00bboff\u00bb global_colors_info=\u00bb{}\u00bb][et_pb_row _builder_version=\u00bb4.27.4&#8243; _module_preset=\u00bbdefault\u00bb custom_padding=\u00bb5px||5px||true|false\u00bb locked=\u00bboff\u00bb global_colors_info=\u00bb{}\u00bb][et_pb_column type=\u00bb4_4&#8243; _builder_version=\u00bb4.27.4&#8243; _module_preset=\u00bbdefault\u00bb global_colors_info=\u00bb{}\u00bb][et_pb_text _builder_version=\u00bb4.27.4&#8243; _module_preset=\u00bbdefault\u00bb link_text_color=\u00bb#004D86&#8243; link_font_size=\u00bb16px\u00bb global_colors_info=\u00bb{}\u00bb]<\/p>\n<p><span><span><span><a href=\"https:\/\/petag.com\/es\/home\/\">Home<\/a><\/span><\/span><\/span><\/p>\n<p>[\/et_pb_text][\/et_pb_column][\/et_pb_row][et_pb_row _builder_version=\u00bb4.27.4&#8243; _module_preset=\u00bbdefault\u00bb global_colors_info=\u00bb{}\u00bb][et_pb_column type=\u00bb4_4&#8243; _builder_version=\u00bb4.27.4&#8243; _module_preset=\u00bbdefault\u00bb global_colors_info=\u00bb{}\u00bb][et_pb_text module_class=\u00bbfluid-text\u00bb _builder_version=\u00bb4.27.4&#8243; _module_preset=\u00bbdefault\u00bb text_font=\u00bb|600|||||||\u00bb text_text_color=\u00bb#004D86&#8243; text_font_size=\u00bb21px\u00bb ul_font=\u00bb||||||||\u00bb ul_text_color=\u00bb#004D86&#8243; ul_line_height=\u00bb1.7em\u00bb ol_font=\u00bb|&#8211;et_global_body_font_weight|||||||\u00bb header_text_color=\u00bb#0B2E58&#8243; header_3_text_color=\u00bb#004d86&#8243; header_3_font_size=\u00bb36px\u00bb header_4_text_color=\u00bb#004d86&#8243; width_tablet=\u00bb\u00bb width_phone=\u00bb\u00bb width_last_edited=\u00bbon|phone\u00bb hover_enabled=\u00bb0&#8243; locked=\u00bboff\u00bb global_colors_info=\u00bb{}\u00bb sticky_enabled=\u00bb0&#8243;]<\/p>\n<h3>Pol\u00edticas y procedimientos<\/h3>\n<p><span>En Pet-Ag, Inc., estamos comprometidos con las necesidades de nuestros clientes \u2014distribuidores, minoristas y revendedores que ayudan a satisfacer a los due\u00f1os de mascotas\u2019 y entregamos productos valiosos y de alta calidad a todos los animales, todos los d\u00edas. Para proteger nuestras marcas y la integridad de nuestros canales de distribuci\u00f3n autorizados, PetAg ha implementado un Programa de Vendedores Autorizados. <\/span><span><\/span><\/p>\n<p><a href=\"https:\/\/petag.com\/assets\/files\/Brand-Support\/Authorized-Distributor-Policy-Effective-12-1-2023.pdf\" target=\"_blank\" rel=\"noreferrer noopener\">Pol\u00edtica de distribuidores autorizados<\/a><\/p>\n<p><a href=\"https:\/\/petag.com\/assets\/files\/Brand-Support\/Authorized-Reseller-Policy-Effective-12-1-2023.pdf\" target=\"_blank\" rel=\"noreferrer noopener\">Pol\u00edtica de revendedor autorizado<\/a><\/p>\n<p><a href=\"https:\/\/petag.com\/assets\/files\/Brand-Support\/Authorized-Retailer-Policy-Effective-12-1-2023.pdf\" target=\"_blank\" rel=\"noreferrer noopener\">Pol\u00edtica de minorista autorizado<\/a><\/p>\n<p><a href=\"\/wp-content\/uploads\/2025\/09\/PetAg-Brand-Guidelines-May-2025-final-condensed.pdf\" target=\"_blank\" rel=\"noopener noreferrer\">Est\u00e1ndares de marca de PetAg<\/a><a href=\"https:\/\/petag.com\/assets\/files\/Brand-Support\/Pet-Ag-Inc.-Minimum-Advertised-Price-Policy.pdf\" target=\"_blank\" rel=\"noreferrer noopener\"><\/a><\/p>\n<p><a href=\"https:\/\/petag.com\/assets\/files\/Brand-Support\/Minimum-Advertised-Price-Policy-Effective-12-1-2023.pdf\" target=\"_blank\" rel=\"noreferrer noopener\">Pol\u00edtica de precios m\u00ednimos anunciados<\/a><\/p>\n<p><a href=\"https:\/\/petag.com\/wp-content\/uploads\/2025\/08\/PetAg-MAP-Price-List.xlsx\" target=\"_blank\" rel=\"noreferrer noopener\">Lista de precios MAP<\/a><\/p>\n<p>Al comercializar los Productos en los Sitios web autorizados, el Vendedor solo utilizar\u00e1 im\u00e1genes de los Productos suministradas o autorizadas por PetAg y mantendr\u00e1 actualizadas todas las im\u00e1genes y descripciones de los Productos. Todas las preguntas y aprobaciones de im\u00e1genes deben dirigirse a <span> <\/span><a href=\"mailto:brandsupport@petag.com\">brandsupport@petag.com.<\/a><\/p>\n<p>Cualquier pregunta sobre la distribuci\u00f3n de productos PetAg o preguntas relacionadas con la Pol\u00edtica de Precio M\u00ednimo Anunciado (MAP), su aplicaci\u00f3n, d\u00edas festivos MAP o inquietudes relacionadas con MAP debe enviarse por escrito y dirigirse al Administrador de Pol\u00edticas MAP de PetAg en<span> <\/span><a href=\"mailto:brandcontrol@petag.com\" target=\"_blank\" title=\"mailto:brandcontrol@petag.com\" rel=\"noreferrer noopener\">brandcontrol@petag.com.<\/a> PetAg no aceptar\u00e1 ninguna otra forma de comunicaci\u00f3n por parte de los revendedores con respecto a las pol\u00edticas de PetAg.<\/p>\n<p>[\/et_pb_text][\/et_pb_column][\/et_pb_row][\/et_pb_section]<\/p>\n","protected":false},"excerpt":{"rendered":"<p><span><span><a href=\"https:\/\/petag.com\/es\/home\/\">Home<\/a><\/span><\/span>Pol\u00edticas y procedimientos En Pet-Ag, Inc., estamos comprometidos con las necesidades de nuestros clientes \u2014distribuidores, minoristas y revendedores que ayudan a satisfacer a los due\u00f1os de mascotas\u2019 y entregamos productos valiosos y de alta calidad a todos los animales, todos los d\u00edas. Para proteger nuestras marcas y la integridad de nuestros canales de distribuci\u00f3n autorizados, [&hellip;]<\/p>\n","protected":false},"author":2,"featured_media":0,"parent":0,"menu_order":0,"comment_status":"closed","ping_status":"closed","template":"","meta":{"_et_pb_use_builder":"on","_et_pb_old_content":"","_et_gb_content_width":"","footnotes":""},"class_list":["post-2434","page","type-page","status-publish","hentry"],"yoast_head":"<!-- This site is optimized with the Yoast SEO plugin v27.3 - https:\/\/yoast.com\/product\/yoast-seo-wordpress\/ -->\n<title>Pol\u00edticas y procedimientos | PetAg<\/title>\n<meta name=\"description\" content=\"En Pet-Ag, Inc. estamos comprometidos con nuestros clientes: los distribuidores, minoristas y revendedores que ayudan a satisfacer las necesidades de los propietarios de mascotas y a suministrar productos valiosos y de alta calidad a todos los animales, todos los d\u00edas.\" \/>\n<meta name=\"robots\" content=\"index, follow, max-snippet:-1, max-image-preview:large, max-video-preview:-1\" \/>\n<link rel=\"canonical\" href=\"https:\/\/petag.com\/es\/policies-procedures\/\" \/>\n<meta property=\"og:locale\" content=\"es_ES\" \/>\n<meta property=\"og:type\" content=\"article\" \/>\n<meta property=\"og:title\" content=\"Pol\u00edticas y procedimientos | PetAg\" \/>\n<meta property=\"og:description\" content=\"En Pet-Ag, Inc. estamos comprometidos con nuestros clientes: los distribuidores, minoristas y revendedores que ayudan a satisfacer las necesidades de los propietarios de mascotas y a suministrar productos valiosos y de alta calidad a todos los animales, todos los d\u00edas.\" \/>\n<meta property=\"og:url\" content=\"https:\/\/petag.com\/es\/policies-procedures\/\" \/>\n<meta property=\"og:site_name\" content=\"PetAg\" \/>\n<meta property=\"article:publisher\" content=\"https:\/\/www.facebook.com\/petagproducts\/\" \/>\n<meta property=\"article:modified_time\" content=\"2025-11-13T20:38:53+00:00\" \/>\n<meta name=\"twitter:card\" content=\"summary_large_image\" \/>\n<meta name=\"twitter:label1\" content=\"Est. reading time\" \/>\n\t<meta name=\"twitter:data1\" content=\"2 minutos\" \/>\n<script type=\"application\/ld+json\" class=\"yoast-schema-graph\">{\"@context\":\"https:\\\/\\\/schema.org\",\"@graph\":[{\"@type\":\"WebPage\",\"@id\":\"https:\\\/\\\/petag.com\\\/es\\\/policies-procedures\\\/\",\"url\":\"https:\\\/\\\/petag.com\\\/es\\\/policies-procedures\\\/\",\"name\":\"Pol\u00edticas y procedimientos | PetAg\",\"isPartOf\":{\"@id\":\"https:\\\/\\\/petag.com\\\/es\\\/#website\"},\"datePublished\":\"2025-07-11T15:22:00+00:00\",\"dateModified\":\"2025-11-13T20:38:53+00:00\",\"description\":\"En Pet-Ag, Inc. estamos comprometidos con nuestros clientes: los distribuidores, minoristas y revendedores que ayudan a satisfacer las necesidades de los propietarios de mascotas y a suministrar productos valiosos y de alta calidad a todos los animales, todos los d\u00edas.\",\"breadcrumb\":{\"@id\":\"https:\\\/\\\/petag.com\\\/es\\\/policies-procedures\\\/#breadcrumb\"},\"inLanguage\":\"es\",\"potentialAction\":[{\"@type\":\"ReadAction\",\"target\":[\"https:\\\/\\\/petag.com\\\/es\\\/policies-procedures\\\/\"]}]},{\"@type\":\"BreadcrumbList\",\"@id\":\"https:\\\/\\\/petag.com\\\/es\\\/policies-procedures\\\/#breadcrumb\",\"itemListElement\":[{\"@type\":\"ListItem\",\"position\":1,\"name\":\"Home\",\"item\":\"https:\\\/\\\/petag.com\\\/es\\\/home\\\/\"},{\"@type\":\"ListItem\",\"position\":2,\"name\":\"Pol\u00edticas y procedimientos\"}]},{\"@type\":\"WebSite\",\"@id\":\"https:\\\/\\\/petag.com\\\/es\\\/#website\",\"url\":\"https:\\\/\\\/petag.com\\\/es\\\/\",\"name\":\"PetAg\",\"description\":\"Care for animals with newborn nutrition, supplements and grooming solutions\",\"publisher\":{\"@id\":\"https:\\\/\\\/petag.com\\\/es\\\/#organization\"},\"potentialAction\":[{\"@type\":\"SearchAction\",\"target\":{\"@type\":\"EntryPoint\",\"urlTemplate\":\"https:\\\/\\\/petag.com\\\/es\\\/?s={search_term_string}\"},\"query-input\":{\"@type\":\"PropertyValueSpecification\",\"valueRequired\":true,\"valueName\":\"search_term_string\"}}],\"inLanguage\":\"es\"},{\"@type\":\"Organization\",\"@id\":\"https:\\\/\\\/petag.com\\\/es\\\/#organization\",\"name\":\"Pet-Ag, Inc.\",\"url\":\"https:\\\/\\\/petag.com\\\/es\\\/\",\"logo\":{\"@type\":\"ImageObject\",\"inLanguage\":\"es\",\"@id\":\"https:\\\/\\\/petag.com\\\/es\\\/#\\\/schema\\\/logo\\\/image\\\/\",\"url\":\"https:\\\/\\\/petag.com\\\/wp-content\\\/uploads\\\/2025\\\/05\\\/PetAg_Logo_mainnav.png\",\"contentUrl\":\"https:\\\/\\\/petag.com\\\/wp-content\\\/uploads\\\/2025\\\/05\\\/PetAg_Logo_mainnav.png\",\"width\":307,\"height\":236,\"caption\":\"Pet-Ag, Inc.\"},\"image\":{\"@id\":\"https:\\\/\\\/petag.com\\\/es\\\/#\\\/schema\\\/logo\\\/image\\\/\"},\"sameAs\":[\"https:\\\/\\\/www.facebook.com\\\/petagproducts\\\/\",\"https:\\\/\\\/www.instagram.com\\\/petagpetproducts\\\/\",\"https:\\\/\\\/www.linkedin.com\\\/company\\\/petag-inc-\\\/\",\"https:\\\/\\\/www.youtube.com\\\/@PetAgEveryAnimalEveryDay\"]}]}<\/script>\n<!-- \/ Yoast SEO plugin. -->","yoast_head_json":{"title":"Pol\u00edticas y procedimientos | PetAg","description":"En Pet-Ag, Inc. estamos comprometidos con nuestros clientes: los distribuidores, minoristas y revendedores que ayudan a satisfacer las necesidades de los propietarios de mascotas y a suministrar productos valiosos y de alta calidad a todos los animales, todos los d\u00edas.","robots":{"index":"index","follow":"follow","max-snippet":"max-snippet:-1","max-image-preview":"max-image-preview:large","max-video-preview":"max-video-preview:-1"},"canonical":"https:\/\/petag.com\/es\/policies-procedures\/","og_locale":"es_ES","og_type":"article","og_title":"Pol\u00edticas y procedimientos | PetAg","og_description":"En Pet-Ag, Inc. estamos comprometidos con nuestros clientes: los distribuidores, minoristas y revendedores que ayudan a satisfacer las necesidades de los propietarios de mascotas y a suministrar productos valiosos y de alta calidad a todos los animales, todos los d\u00edas.","og_url":"https:\/\/petag.com\/es\/policies-procedures\/","og_site_name":"PetAg","article_publisher":"https:\/\/www.facebook.com\/petagproducts\/","article_modified_time":"2025-11-13T20:38:53+00:00","twitter_card":"summary_large_image","twitter_misc":{"Est. reading time":"2 minutos"},"schema":{"@context":"https:\/\/schema.org","@graph":[{"@type":"WebPage","@id":"https:\/\/petag.com\/es\/policies-procedures\/","url":"https:\/\/petag.com\/es\/policies-procedures\/","name":"Pol\u00edticas y procedimientos | PetAg","isPartOf":{"@id":"https:\/\/petag.com\/es\/#website"},"datePublished":"2025-07-11T15:22:00+00:00","dateModified":"2025-11-13T20:38:53+00:00","description":"En Pet-Ag, Inc. estamos comprometidos con nuestros clientes: los distribuidores, minoristas y revendedores que ayudan a satisfacer las necesidades de los propietarios de mascotas y a suministrar productos valiosos y de alta calidad a todos los animales, todos los d\u00edas.","breadcrumb":{"@id":"https:\/\/petag.com\/es\/policies-procedures\/#breadcrumb"},"inLanguage":"es","potentialAction":[{"@type":"ReadAction","target":["https:\/\/petag.com\/es\/policies-procedures\/"]}]},{"@type":"BreadcrumbList","@id":"https:\/\/petag.com\/es\/policies-procedures\/#breadcrumb","itemListElement":[{"@type":"ListItem","position":1,"name":"Home","item":"https:\/\/petag.com\/es\/home\/"},{"@type":"ListItem","position":2,"name":"Pol\u00edticas y procedimientos"}]},{"@type":"WebSite","@id":"https:\/\/petag.com\/es\/#website","url":"https:\/\/petag.com\/es\/","name":"PetAg","description":"Care for animals with newborn nutrition, supplements and grooming solutions","publisher":{"@id":"https:\/\/petag.com\/es\/#organization"},"potentialAction":[{"@type":"SearchAction","target":{"@type":"EntryPoint","urlTemplate":"https:\/\/petag.com\/es\/?s={search_term_string}"},"query-input":{"@type":"PropertyValueSpecification","valueRequired":true,"valueName":"search_term_string"}}],"inLanguage":"es"},{"@type":"Organization","@id":"https:\/\/petag.com\/es\/#organization","name":"Pet-Ag, Inc.","url":"https:\/\/petag.com\/es\/","logo":{"@type":"ImageObject","inLanguage":"es","@id":"https:\/\/petag.com\/es\/#\/schema\/logo\/image\/","url":"https:\/\/petag.com\/wp-content\/uploads\/2025\/05\/PetAg_Logo_mainnav.png","contentUrl":"https:\/\/petag.com\/wp-content\/uploads\/2025\/05\/PetAg_Logo_mainnav.png","width":307,"height":236,"caption":"Pet-Ag, Inc."},"image":{"@id":"https:\/\/petag.com\/es\/#\/schema\/logo\/image\/"},"sameAs":["https:\/\/www.facebook.com\/petagproducts\/","https:\/\/www.instagram.com\/petagpetproducts\/","https:\/\/www.linkedin.com\/company\/petag-inc-\/","https:\/\/www.youtube.com\/@PetAgEveryAnimalEveryDay"]}]}},"_links":{"self":[{"href":"https:\/\/petag.com\/es\/wp-json\/wp\/v2\/pages\/2434","targetHints":{"allow":["GET"]}}],"collection":[{"href":"https:\/\/petag.com\/es\/wp-json\/wp\/v2\/pages"}],"about":[{"href":"https:\/\/petag.com\/es\/wp-json\/wp\/v2\/types\/page"}],"author":[{"embeddable":true,"href":"https:\/\/petag.com\/es\/wp-json\/wp\/v2\/users\/2"}],"replies":[{"embeddable":true,"href":"https:\/\/petag.com\/es\/wp-json\/wp\/v2\/comments?post=2434"}],"version-history":[{"count":0,"href":"https:\/\/petag.com\/es\/wp-json\/wp\/v2\/pages\/2434\/revisions"}],"wp:attachment":[{"href":"https:\/\/petag.com\/es\/wp-json\/wp\/v2\/media?parent=2434"}],"curies":[{"name":"wp","href":"https:\/\/api.w.org\/{rel}","templated":true}]}}