{"id":2433,"date":"2025-07-11T15:15:55","date_gmt":"2025-07-11T15:15:55","guid":{"rendered":"https:\/\/petagstg.wpenginepowered.com\/condiciones-de-uso\/"},"modified":"2025-07-30T17:26:16","modified_gmt":"2025-07-30T17:26:16","slug":"terms-of-use","status":"publish","type":"page","link":"https:\/\/petag.com\/es\/terms-of-use\/","title":{"rendered":"Condiciones de uso"},"content":{"rendered":"<p>[et_pb_section fb_built=\u00bb1&#8243; _builder_version=\u00bb4.27.4&#8243; _module_preset=\u00bbdefault\u00bb custom_padding=\u00bb15px||15px||true|false\u00bb locked=\u00bboff\u00bb global_colors_info=\u00bb{}\u00bb][et_pb_row _builder_version=\u00bb4.27.4&#8243; _module_preset=\u00bbdefault\u00bb custom_padding=\u00bb5px||5px||true|false\u00bb locked=\u00bboff\u00bb global_colors_info=\u00bb{}\u00bb][et_pb_column type=\u00bb4_4&#8243; _builder_version=\u00bb4.27.4&#8243; _module_preset=\u00bbdefault\u00bb global_colors_info=\u00bb{}\u00bb][et_pb_text _builder_version=\u00bb4.27.4&#8243; _module_preset=\u00bbdefault\u00bb link_text_color=\u00bb#004D86&#8243; link_font_size=\u00bb16px\u00bb global_colors_info=\u00bb{}\u00bb]<\/p>\n<p><span><span><span><a href=\"https:\/\/petag.com\/es\/home\/\">Home<\/a><\/span><\/span><\/span><\/p>\n<p>[\/et_pb_text][\/et_pb_column][\/et_pb_row][et_pb_row _builder_version=\u00bb4.27.4&#8243; _module_preset=\u00bbdefault\u00bb global_colors_info=\u00bb{}\u00bb][et_pb_column type=\u00bb4_4&#8243; _builder_version=\u00bb4.27.4&#8243; _module_preset=\u00bbdefault\u00bb global_colors_info=\u00bb{}\u00bb][et_pb_text module_class=\u00bbfluid-text\u00bb _builder_version=\u00bb4.27.4&#8243; _module_preset=\u00bbdefault\u00bb text_font=\u00bb|600|||||||\u00bb text_text_color=\u00bb#004D86&#8243; text_font_size=\u00bb21px\u00bb ul_font=\u00bb||||||||\u00bb ul_text_color=\u00bb#004D86&#8243; ul_line_height=\u00bb1.7em\u00bb ol_font=\u00bb|&#8211;et_global_body_font_weight|||||||\u00bb header_text_color=\u00bb#0B2E58&#8243; header_3_text_color=\u00bb#004d86&#8243; header_3_font_size=\u00bb36px\u00bb header_4_text_color=\u00bb#004d86&#8243; width_tablet=\u00bb\u00bb width_phone=\u00bb\u00bb width_last_edited=\u00bbon|phone\u00bb hover_enabled=\u00bb0&#8243; locked=\u00bboff\u00bb global_colors_info=\u00bb{}\u00bb sticky_enabled=\u00bb0&#8243;]<\/p>\n<h3>Condiciones de uso<\/h3>\n<section class=\"category-header\"><strong>Su acuerdo con PetAg, Inc:<\/strong><\/p>\n<p>A continuaci\u00f3n se exponen los t\u00e9rminos y condiciones que rigen el uso de este sitio.<\/p>\n<p>ESTOS T\u00c9RMINOS Y CONDICIONES DE USO CONSTITUYEN UN ACUERDO LEGAL ENTRE USTED Y PETAG, INC. (\u00abPetAg\u00bb, \u00abNOSOTROS\u00bb O \u00abNUESTRO\u00bb). POR FAVOR, LEA ESTE ACUERDO (\u00abACUERDO\u00bb) EN SU TOTALIDAD ANTES DE CONTINUAR UTILIZANDO ESTE SITIO WEB O DESCARGAR CUALQUIER IMAGEN. AL UTILIZAR ESTE SITIO WEB, USTED ACEPTA LOS T\u00c9RMINOS Y CONDICIONES DE ESTE ACUERDO. SI NO EST\u00c1 DE ACUERDO, DEJE DE UTILIZAR EL SITIO WEB.   <\/p>\n<p><strong>Propiedad de este sitio web<\/strong><\/p>\n<p>Esta p\u00e1gina web es propiedad y est\u00e1 gestionada por PetAg. Todo el contenido presentado o mostrado en este sitio web, incluyendo, pero no limitado a, texto, gr\u00e1ficos, fotograf\u00edas, im\u00e1genes, im\u00e1genes en movimiento, sonido, ilustraciones y software (\u00abContenido\u00bb), es propiedad de PetAg, sus licenciantes y sus proveedores de contenido. <\/p>\n<p><strong>Descargo de responsabilidad<\/strong><\/p>\n<p>ESTE SITIO WEB Y SU CONTENIDO SE PROPORCIONAN \u00abTAL CUAL\u00bb Y PetAg EXCLUYE, EN LA MEDIDA EN QUE LO PERMITA LA LEY APLICABLE, CUALQUIER GARANT\u00cdA, EXPRESA O IMPL\u00cdCITA, INCLUYENDO, SIN LIMITACI\u00d3N, CUALQUIER GARANT\u00cdA IMPL\u00cdCITA DE COMERCIABILIDAD, CALIDAD SATISFACTORIA O ADECUACI\u00d3N A UN PROP\u00d3SITO PARTICULAR. PetAg NO SER\u00c1 RESPONSABLE DE NING\u00daN DA\u00d1O DE NING\u00daN TIPO DERIVADO DEL USO DE ESTE SITIO, INCLUIDOS, PERO NO LIMITADOS A DA\u00d1OS DIRECTOS, INDIRECTOS, INCIDENTALES, PUNITIVOS Y CONSECUENCIALES. NO SE GARANTIZA QUE LAS FUNCIONES INCORPORADAS EN, O EN LOS MATERIALES DE, ESTE SITIO WEB SEAN ININTERRUMPIDAS O SIN ERRORES. USTED, Y NO PetAg, ASUME EL COSTE TOTAL DE TODOS LOS SERVICIOS, REPARACIONES O CORRECCIONES NECESARIOS DEBIDOS AL USO QUE USTED HAGA DE ESTE SITIO WEB.   <\/p>\n<p>Salvo que se indique espec\u00edficamente en estos t\u00e9rminos y condiciones o en cualquier otra parte de este sitio web, o que la legislaci\u00f3n aplicable exija lo contrario, ni PetAg ni sus directores, empleados, otorgantes de licencias, proveedores de contenidos, afiliados u otros representantes ser\u00e1n responsables por da\u00f1os de ning\u00fan tipo (incluyendo, sin limitaci\u00f3n, la p\u00e9rdida de beneficios, da\u00f1os directos, indirectos, compensatorios, consecuentes, ejemplares, especiales, incidentales o punitivos) que surjan de su uso de, su incapacidad para usar, o el rendimiento de este sitio web o el Contenido, hayamos sido advertidos o no de la posibilidad de tales da\u00f1os.<\/p>\n<p>PetAg realiza todos los esfuerzos razonables para garantizar la exactitud, correcci\u00f3n y fiabilidad del Contenido, pero no ofrece ninguna declaraci\u00f3n ni garant\u00eda en cuanto a la exactitud, correcci\u00f3n o fiabilidad del Contenido.<\/p>\n<p>Puede haber enlaces a otros sitios web desde el sitio web de PetAg; sin embargo, estos otros sitios web no est\u00e1n controlados por PetAg y no somos responsables de ning\u00fan contenido incluido en dichos sitios web ni de ninguna p\u00e9rdida sufrida por usted en relaci\u00f3n con su uso de dichos sitios web. Usted renuncia a cualquier reclamaci\u00f3n contra PetAg en relaci\u00f3n con la inclusi\u00f3n de enlaces a sitios web externos o su uso de dichos sitios web. <\/p>\n<p>Algunos estados de EE.UU. y otros pa\u00edses no permiten la exclusi\u00f3n o limitaci\u00f3n de las garant\u00edas impl\u00edcitas o de la responsabilidad por determinadas categor\u00edas de da\u00f1os. Por lo tanto, es posible que algunas o todas las limitaciones anteriores no le sean aplicables en la medida en que est\u00e9n prohibidas o sustituidas por disposiciones estatales o nacionales. <\/p>\n<p><strong>No Renuncia, Divisibilidad<\/strong><\/p>\n<p>Ninguna acci\u00f3n de PetAg, que no sea una renuncia o modificaci\u00f3n expresa por escrito, podr\u00e1 interpretarse como una renuncia o modificaci\u00f3n de cualquiera de estos t\u00e9rminos y condiciones. En caso de que alguna cl\u00e1usula de estos t\u00e9rminos y condiciones se considere inaplicable, siempre que sea posible esto no afectar\u00e1 a ninguna otra cl\u00e1usula y cada una permanecer\u00e1 en pleno vigor y efecto. <\/p>\n<p>Nos reservamos el derecho a modificar sin previo aviso las presentes condiciones, precios, informaci\u00f3n y t\u00e9rminos contractuales de licencia disponibles en este sitio web. Estas condiciones establecen el acuerdo completo entre PetAg y usted en relaci\u00f3n con el uso de este sitio web. <\/p>\n<p><strong>Indemnizaci\u00f3n<\/strong><\/p>\n<p>Los usuarios de este sitio web que descarguen im\u00e1genes para cualquier uso, incluido pero no limitado al prop\u00f3sito de crear anuncios para la venta de productos PetAg, no realizar\u00e1n ning\u00fan anuncio o material colateral relacionado que haga afirmaciones inconsistentes con las declaraciones de la etiqueta y el uso del producto.<\/p>\n<p>Adem\u00e1s, todos los usuarios defender\u00e1n, indemnizar\u00e1n y mantendr\u00e1n indemne a PetAg, sus filiales y sus respectivos directivos, directores, accionistas, empleados, agentes y representantes de y contra cualquier reclamaci\u00f3n o parte de dichas reclamaciones derivadas de cualquier incumplimiento de estos t\u00e9rminos y condiciones, uso o mal uso de este sitio web, incluyendo pero no limitado al desarrollo de materiales relacionados con el marketing y las ventas que sean inconsistentes con las declaraciones de la etiqueta y el uso del producto.<\/p>\n<\/section>\n<p>[\/et_pb_text][\/et_pb_column][\/et_pb_row][\/et_pb_section]<\/p>\n","protected":false},"excerpt":{"rendered":"<p><span><span><a href=\"https:\/\/petag.com\/es\/home\/\">Home<\/a><\/span><\/span>Condiciones de uso Su acuerdo con PetAg, Inc: A continuaci\u00f3n se exponen los t\u00e9rminos y condiciones que rigen el uso de este sitio. ESTOS T\u00c9RMINOS Y CONDICIONES DE USO CONSTITUYEN UN ACUERDO LEGAL ENTRE USTED Y PETAG, INC. (\u00abPetAg\u00bb, \u00abNOSOTROS\u00bb O \u00abNUESTRO\u00bb). POR FAVOR, LEA ESTE ACUERDO (\u00abACUERDO\u00bb) EN SU TOTALIDAD ANTES DE CONTINUAR UTILIZANDO [&hellip;]<\/p>\n","protected":false},"author":2,"featured_media":0,"parent":0,"menu_order":0,"comment_status":"closed","ping_status":"closed","template":"","meta":{"_et_pb_use_builder":"on","_et_pb_old_content":"","_et_gb_content_width":"","footnotes":""},"class_list":["post-2433","page","type-page","status-publish","hentry"],"yoast_head":"<!-- This site is optimized with the Yoast SEO plugin v27.3 - https:\/\/yoast.com\/product\/yoast-seo-wordpress\/ -->\n<title>Condiciones de uso | PetAg<\/title>\n<meta name=\"robots\" content=\"index, follow, max-snippet:-1, max-image-preview:large, max-video-preview:-1\" \/>\n<link rel=\"canonical\" href=\"https:\/\/petag.com\/es\/terms-of-use\/\" \/>\n<meta property=\"og:locale\" content=\"es_ES\" \/>\n<meta property=\"og:type\" content=\"article\" \/>\n<meta property=\"og:title\" content=\"Condiciones de uso | PetAg\" \/>\n<meta property=\"og:description\" content=\"Condiciones de uso Su acuerdo con PetAg, Inc: A continuaci\u00f3n se exponen los t\u00e9rminos y condiciones que rigen el uso de este sitio. ESTOS T\u00c9RMINOS Y CONDICIONES DE USO CONSTITUYEN UN ACUERDO LEGAL ENTRE USTED Y PETAG, INC. (&quot;PetAg&quot;, &quot;NOSOTROS&quot; O &quot;NUESTRO&quot;). POR FAVOR, LEA ESTE ACUERDO (&quot;ACUERDO&quot;) EN SU TOTALIDAD ANTES DE CONTINUAR UTILIZANDO [&hellip;]\" \/>\n<meta property=\"og:url\" content=\"https:\/\/petag.com\/es\/terms-of-use\/\" \/>\n<meta property=\"og:site_name\" content=\"PetAg\" \/>\n<meta property=\"article:publisher\" content=\"https:\/\/www.facebook.com\/petagproducts\/\" \/>\n<meta property=\"article:modified_time\" content=\"2025-07-30T17:26:16+00:00\" \/>\n<meta name=\"twitter:card\" content=\"summary_large_image\" \/>\n<meta name=\"twitter:label1\" content=\"Est. reading time\" \/>\n\t<meta name=\"twitter:data1\" content=\"5 minutos\" \/>\n<script type=\"application\/ld+json\" class=\"yoast-schema-graph\">{\"@context\":\"https:\\\/\\\/schema.org\",\"@graph\":[{\"@type\":\"WebPage\",\"@id\":\"https:\\\/\\\/petag.com\\\/es\\\/terms-of-use\\\/\",\"url\":\"https:\\\/\\\/petag.com\\\/es\\\/terms-of-use\\\/\",\"name\":\"Condiciones de uso | PetAg\",\"isPartOf\":{\"@id\":\"https:\\\/\\\/petag.com\\\/es\\\/#website\"},\"datePublished\":\"2025-07-11T15:15:55+00:00\",\"dateModified\":\"2025-07-30T17:26:16+00:00\",\"breadcrumb\":{\"@id\":\"https:\\\/\\\/petag.com\\\/es\\\/terms-of-use\\\/#breadcrumb\"},\"inLanguage\":\"es\",\"potentialAction\":[{\"@type\":\"ReadAction\",\"target\":[\"https:\\\/\\\/petag.com\\\/es\\\/terms-of-use\\\/\"]}]},{\"@type\":\"BreadcrumbList\",\"@id\":\"https:\\\/\\\/petag.com\\\/es\\\/terms-of-use\\\/#breadcrumb\",\"itemListElement\":[{\"@type\":\"ListItem\",\"position\":1,\"name\":\"Home\",\"item\":\"https:\\\/\\\/petag.com\\\/es\\\/home\\\/\"},{\"@type\":\"ListItem\",\"position\":2,\"name\":\"Condiciones de uso\"}]},{\"@type\":\"WebSite\",\"@id\":\"https:\\\/\\\/petag.com\\\/es\\\/#website\",\"url\":\"https:\\\/\\\/petag.com\\\/es\\\/\",\"name\":\"PetAg\",\"description\":\"Care for animals with newborn nutrition, supplements and grooming solutions\",\"publisher\":{\"@id\":\"https:\\\/\\\/petag.com\\\/es\\\/#organization\"},\"potentialAction\":[{\"@type\":\"SearchAction\",\"target\":{\"@type\":\"EntryPoint\",\"urlTemplate\":\"https:\\\/\\\/petag.com\\\/es\\\/?s={search_term_string}\"},\"query-input\":{\"@type\":\"PropertyValueSpecification\",\"valueRequired\":true,\"valueName\":\"search_term_string\"}}],\"inLanguage\":\"es\"},{\"@type\":\"Organization\",\"@id\":\"https:\\\/\\\/petag.com\\\/es\\\/#organization\",\"name\":\"Pet-Ag, Inc.\",\"url\":\"https:\\\/\\\/petag.com\\\/es\\\/\",\"logo\":{\"@type\":\"ImageObject\",\"inLanguage\":\"es\",\"@id\":\"https:\\\/\\\/petag.com\\\/es\\\/#\\\/schema\\\/logo\\\/image\\\/\",\"url\":\"https:\\\/\\\/petag.com\\\/wp-content\\\/uploads\\\/2025\\\/05\\\/PetAg_Logo_mainnav.png\",\"contentUrl\":\"https:\\\/\\\/petag.com\\\/wp-content\\\/uploads\\\/2025\\\/05\\\/PetAg_Logo_mainnav.png\",\"width\":307,\"height\":236,\"caption\":\"Pet-Ag, Inc.\"},\"image\":{\"@id\":\"https:\\\/\\\/petag.com\\\/es\\\/#\\\/schema\\\/logo\\\/image\\\/\"},\"sameAs\":[\"https:\\\/\\\/www.facebook.com\\\/petagproducts\\\/\",\"https:\\\/\\\/www.instagram.com\\\/petagpetproducts\\\/\",\"https:\\\/\\\/www.linkedin.com\\\/company\\\/petag-inc-\\\/\",\"https:\\\/\\\/www.youtube.com\\\/@PetAgEveryAnimalEveryDay\"]}]}<\/script>\n<!-- \/ Yoast SEO plugin. -->","yoast_head_json":{"title":"Condiciones de uso | PetAg","robots":{"index":"index","follow":"follow","max-snippet":"max-snippet:-1","max-image-preview":"max-image-preview:large","max-video-preview":"max-video-preview:-1"},"canonical":"https:\/\/petag.com\/es\/terms-of-use\/","og_locale":"es_ES","og_type":"article","og_title":"Condiciones de uso | PetAg","og_description":"Condiciones de uso Su acuerdo con PetAg, Inc: A continuaci\u00f3n se exponen los t\u00e9rminos y condiciones que rigen el uso de este sitio. ESTOS T\u00c9RMINOS Y CONDICIONES DE USO CONSTITUYEN UN ACUERDO LEGAL ENTRE USTED Y PETAG, INC. (\"PetAg\", \"NOSOTROS\" O \"NUESTRO\"). POR FAVOR, LEA ESTE ACUERDO (\"ACUERDO\") EN SU TOTALIDAD ANTES DE CONTINUAR UTILIZANDO [&hellip;]","og_url":"https:\/\/petag.com\/es\/terms-of-use\/","og_site_name":"PetAg","article_publisher":"https:\/\/www.facebook.com\/petagproducts\/","article_modified_time":"2025-07-30T17:26:16+00:00","twitter_card":"summary_large_image","twitter_misc":{"Est. reading time":"5 minutos"},"schema":{"@context":"https:\/\/schema.org","@graph":[{"@type":"WebPage","@id":"https:\/\/petag.com\/es\/terms-of-use\/","url":"https:\/\/petag.com\/es\/terms-of-use\/","name":"Condiciones de uso | PetAg","isPartOf":{"@id":"https:\/\/petag.com\/es\/#website"},"datePublished":"2025-07-11T15:15:55+00:00","dateModified":"2025-07-30T17:26:16+00:00","breadcrumb":{"@id":"https:\/\/petag.com\/es\/terms-of-use\/#breadcrumb"},"inLanguage":"es","potentialAction":[{"@type":"ReadAction","target":["https:\/\/petag.com\/es\/terms-of-use\/"]}]},{"@type":"BreadcrumbList","@id":"https:\/\/petag.com\/es\/terms-of-use\/#breadcrumb","itemListElement":[{"@type":"ListItem","position":1,"name":"Home","item":"https:\/\/petag.com\/es\/home\/"},{"@type":"ListItem","position":2,"name":"Condiciones de uso"}]},{"@type":"WebSite","@id":"https:\/\/petag.com\/es\/#website","url":"https:\/\/petag.com\/es\/","name":"PetAg","description":"Care for animals with newborn nutrition, supplements and grooming solutions","publisher":{"@id":"https:\/\/petag.com\/es\/#organization"},"potentialAction":[{"@type":"SearchAction","target":{"@type":"EntryPoint","urlTemplate":"https:\/\/petag.com\/es\/?s={search_term_string}"},"query-input":{"@type":"PropertyValueSpecification","valueRequired":true,"valueName":"search_term_string"}}],"inLanguage":"es"},{"@type":"Organization","@id":"https:\/\/petag.com\/es\/#organization","name":"Pet-Ag, Inc.","url":"https:\/\/petag.com\/es\/","logo":{"@type":"ImageObject","inLanguage":"es","@id":"https:\/\/petag.com\/es\/#\/schema\/logo\/image\/","url":"https:\/\/petag.com\/wp-content\/uploads\/2025\/05\/PetAg_Logo_mainnav.png","contentUrl":"https:\/\/petag.com\/wp-content\/uploads\/2025\/05\/PetAg_Logo_mainnav.png","width":307,"height":236,"caption":"Pet-Ag, Inc."},"image":{"@id":"https:\/\/petag.com\/es\/#\/schema\/logo\/image\/"},"sameAs":["https:\/\/www.facebook.com\/petagproducts\/","https:\/\/www.instagram.com\/petagpetproducts\/","https:\/\/www.linkedin.com\/company\/petag-inc-\/","https:\/\/www.youtube.com\/@PetAgEveryAnimalEveryDay"]}]}},"_links":{"self":[{"href":"https:\/\/petag.com\/es\/wp-json\/wp\/v2\/pages\/2433","targetHints":{"allow":["GET"]}}],"collection":[{"href":"https:\/\/petag.com\/es\/wp-json\/wp\/v2\/pages"}],"about":[{"href":"https:\/\/petag.com\/es\/wp-json\/wp\/v2\/types\/page"}],"author":[{"embeddable":true,"href":"https:\/\/petag.com\/es\/wp-json\/wp\/v2\/users\/2"}],"replies":[{"embeddable":true,"href":"https:\/\/petag.com\/es\/wp-json\/wp\/v2\/comments?post=2433"}],"version-history":[{"count":0,"href":"https:\/\/petag.com\/es\/wp-json\/wp\/v2\/pages\/2433\/revisions"}],"wp:attachment":[{"href":"https:\/\/petag.com\/es\/wp-json\/wp\/v2\/media?parent=2433"}],"curies":[{"name":"wp","href":"https:\/\/api.w.org\/{rel}","templated":true}]}}