{"id":2432,"date":"2020-04-30T14:38:42","date_gmt":"2020-04-30T14:38:42","guid":{"rendered":"https:\/\/petagstg.wpenginepowered.com\/politica-de-privacidad\/"},"modified":"2025-07-30T17:23:47","modified_gmt":"2025-07-30T17:23:47","slug":"privacy-policy","status":"publish","type":"page","link":"https:\/\/petag.com\/es\/privacy-policy\/","title":{"rendered":"Pol\u00edtica de privacidad"},"content":{"rendered":"<p>[et_pb_section fb_built=\u00bb1&#8243; _builder_version=\u00bb4.27.4&#8243; _module_preset=\u00bbdefault\u00bb custom_padding=\u00bb15px||15px||true|false\u00bb locked=\u00bboff\u00bb global_colors_info=\u00bb{}\u00bb][et_pb_row _builder_version=\u00bb4.27.4&#8243; _module_preset=\u00bbdefault\u00bb custom_padding=\u00bb5px||5px||true|false\u00bb locked=\u00bboff\u00bb global_colors_info=\u00bb{}\u00bb][et_pb_column type=\u00bb4_4&#8243; _builder_version=\u00bb4.27.4&#8243; _module_preset=\u00bbdefault\u00bb global_colors_info=\u00bb{}\u00bb][et_pb_text _builder_version=\u00bb4.27.4&#8243; _module_preset=\u00bbdefault\u00bb link_text_color=\u00bb#004D86&#8243; link_font_size=\u00bb16px\u00bb global_colors_info=\u00bb{}\u00bb]<\/p>\n<p><span><span><span><a href=\"https:\/\/petag.com\/es\/home\/\">Home<\/a><\/span><\/span><\/span><\/p>\n<p>[\/et_pb_text][\/et_pb_column][\/et_pb_row][et_pb_row _builder_version=\u00bb4.27.4&#8243; _module_preset=\u00bbdefault\u00bb global_colors_info=\u00bb{}\u00bb][et_pb_column type=\u00bb4_4&#8243; _builder_version=\u00bb4.27.4&#8243; _module_preset=\u00bbdefault\u00bb global_colors_info=\u00bb{}\u00bb][et_pb_text module_class=\u00bbfluid-text\u00bb _builder_version=\u00bb4.27.4&#8243; _module_preset=\u00bbdefault\u00bb text_font=\u00bb|600|||||||\u00bb text_text_color=\u00bb#004D86&#8243; text_font_size=\u00bb21px\u00bb ul_font=\u00bb||||||||\u00bb ul_text_color=\u00bb#004D86&#8243; ul_line_height=\u00bb1.7em\u00bb ol_font=\u00bb|&#8211;et_global_body_font_weight|||||||\u00bb header_text_color=\u00bb#0B2E58&#8243; header_3_text_color=\u00bb#004d86&#8243; header_3_font_size=\u00bb36px\u00bb header_4_text_color=\u00bb#004d86&#8243; width_tablet=\u00bb\u00bb width_phone=\u00bb\u00bb width_last_edited=\u00bbon|phone\u00bb hover_enabled=\u00bb0&#8243; locked=\u00bboff\u00bb global_colors_info=\u00bb{}\u00bb sticky_enabled=\u00bb0&#8243;]<\/p>\n<h3>Pol\u00edtica de privacidad<br \/>\n<\/h3>\n<p><strong>Su acuerdo con PetAg, Inc. (\u00abPetAg\u00bb):<\/strong><\/p>\n<p>La pol\u00edtica de privacidad de PetAg cubre la recopilaci\u00f3n y el uso de informaci\u00f3n personal que puede ser recogida por PetAg en cualquier momento en que usted interact\u00fae con PetAg, como cuando visita nuestro sitio web, cuando compra productos y servicios de PetAg, o cuando llama a nuestros asociados de ventas o asistencia. Por favor, dedique un momento a leer lo siguiente para saber m\u00e1s sobre nuestras pr\u00e1cticas de informaci\u00f3n, incluyendo qu\u00e9 tipo de informaci\u00f3n se recopila, c\u00f3mo se utiliza la informaci\u00f3n y con qu\u00e9 fines, a qui\u00e9n revelamos la informaci\u00f3n y c\u00f3mo salvaguardamos su informaci\u00f3n personal. Su privacidad es una prioridad en PetAg, y hacemos todo lo posible para protegerla.  <\/p>\n<p><strong>Por qu\u00e9 recopilamos informaci\u00f3n personal<\/strong><\/p>\n<p>\u00bfPor qu\u00e9 recogemos sus datos personales? Porque nos ayuda a ofrecer un nivel superior de servicio al cliente. Nos permite ofrecerle un acceso c\u00f3modo a nuestros productos y servicios y centrarnos en las categor\u00edas que m\u00e1s le interesan. Adem\u00e1s, su informaci\u00f3n personal nos ayuda a mantenerle informado sobre los \u00faltimos anuncios de productos, ofertas especiales y eventos de los que le gustar\u00eda tener noticia.   <\/p>\n<p><strong>Qu\u00e9 informaci\u00f3n recopilamos<\/strong><\/p>\n<p>Hay una serie de situaciones en las que su informaci\u00f3n personal puede ayudarnos a ofrecerle un mejor servicio. Por ejemplo, es posible que le pidamos informaci\u00f3n personal cuando hable por tel\u00e9fono con un empleado sobre un problema de servicio, cuando descargue una etiqueta de muestra o una SDS, cuando participe en una encuesta en l\u00ednea o cuando compre un producto. En tales ocasiones, podemos recopilar informaci\u00f3n personal relevante para la situaci\u00f3n, como su nombre, direcci\u00f3n postal, n\u00famero de tel\u00e9fono, direcci\u00f3n de correo electr\u00f3nico y preferencias de contacto; e informaci\u00f3n sobre los productos PetAg que posee, como su fecha de compra; e informaci\u00f3n relacionada con un problema de asistencia o servicio. Recopilamos informaci\u00f3n con fines de investigaci\u00f3n de mercado -como su ocupaci\u00f3n y d\u00f3nde utiliza sus productos- para conocer mejor a nuestros clientes y ofrecerles as\u00ed un servicio m\u00e1s valioso. Tambi\u00e9n recopilamos informaci\u00f3n sobre las actividades de los clientes en nuestro sitio web. Esto nos ayuda a determinar la mejor manera de proporcionar informaci\u00f3n \u00fatil a los clientes y a comprender qu\u00e9 partes de nuestros sitios web y servicios de Internet les interesan m\u00e1s.     <\/p>\n<p><strong>Cu\u00e1ndo revelamos su informaci\u00f3n<\/strong><\/p>\n<p>PetAg se toma muy en serio su privacidad. Tenga la seguridad de que PetAg no vende ni alquila su informaci\u00f3n de contacto a otros comerciantes. Para ayudarnos a proporcionar un servicio superior, su informaci\u00f3n personal puede ser compartida con entidades legales dentro de PetAg y sus compa\u00f1\u00edas afiliadas que la salvaguardar\u00e1n de acuerdo con esta pol\u00edtica de privacidad. Tambi\u00e9n hay ocasiones en las que puede ser ventajoso para PetAg poner cierta informaci\u00f3n personal sobre usted a disposici\u00f3n de empresas con las que PetAg tiene una relaci\u00f3n estrat\u00e9gica o que realizan trabajos para PetAg para proporcionarle productos y servicios en nuestro nombre. Estas empresas pueden ayudarnos a procesar la informaci\u00f3n, ampliar el cr\u00e9dito, cumplir con los pedidos de los clientes, entregarle productos, gestionar y mejorar los datos de los clientes, proporcionar servicio al cliente, evaluar su inter\u00e9s en nuestros productos y servicios, o llevar a cabo investigaciones de clientes o encuestas de satisfacci\u00f3n. Si no dispusi\u00e9ramos de dicha informaci\u00f3n, le resultar\u00eda dif\u00edcil comprar productos, recibirlos, recibir atenci\u00f3n al cliente, darnos su opini\u00f3n para mejorar nuestros productos y servicios, o acceder a determinados servicios, ofertas y contenidos del sitio web de PetAg.     <\/p>\n<p>En ocasiones, la ley o un litigio pueden obligarnos a revelar sus datos personales. Tambi\u00e9n podemos divulgar informaci\u00f3n sobre usted si determinamos que es necesario hacerlo por motivos de seguridad nacional, cumplimiento de la ley u otras cuestiones de importancia p\u00fablica. <\/p>\n<p><strong>C\u00f3mo protegemos su informaci\u00f3n personal<\/strong><\/p>\n<p>PetAg toma precauciones -incluidas medidas administrativas, t\u00e9cnicas y f\u00edsicas- para salvaguardar su informaci\u00f3n personal frente a p\u00e9rdidas, robos y usos indebidos, as\u00ed como frente a accesos no autorizados, divulgaci\u00f3n, alteraci\u00f3n y destrucci\u00f3n.<\/p>\n<p>Usted tambi\u00e9n puede ayudarnos tomando precauciones para proteger sus datos personales cuando est\u00e9 en Internet. Cambie a menudo sus contrase\u00f1as utilizando una combinaci\u00f3n de letras y n\u00fameros, y aseg\u00farese de utilizar un navegador seguro. <\/p>\n<p><strong>Cookies y otras tecnolog\u00edas<\/strong><\/p>\n<p>Como es pr\u00e1ctica habitual en muchos sitios web corporativos, el sitio web de PetAg utiliza \u00abcookies\u00bb y otras tecnolog\u00edas para ayudarnos a comprender qu\u00e9 partes de nuestros sitios web son las m\u00e1s populares, ad\u00f3nde van nuestros visitantes y cu\u00e1nto tiempo pasan all\u00ed. Tambi\u00e9n utilizamos \u00abcookies\u00bb y otras tecnolog\u00edas para asegurarnos de que nuestra publicidad en l\u00ednea atrae clientes a nuestros productos y servicios. Utilizamos cookies y otras tecnolog\u00edas para estudiar los patrones de tr\u00e1fico en nuestro sitio web, para hacerlo a\u00fan m\u00e1s gratificante, as\u00ed como para estudiar la eficacia de nuestras comunicaciones con los clientes. Y utilizamos cookies para personalizar su experiencia y ofrecerle una mayor comodidad cada vez que interact\u00faa con nosotros.   <\/p>\n<p>Como ocurre en la mayor\u00eda de los sitios web, recopilamos cierta informaci\u00f3n autom\u00e1ticamente y la almacenamos en archivos de registro. Esta informaci\u00f3n incluye direcciones de protocolo de Internet (IP), tipo de navegador, proveedor de servicios de Internet (ISP), p\u00e1ginas de referencia\/salida, sistema operativo, sello de fecha\/hora y datos de clics. <\/p>\n<p>Utilizamos esta informaci\u00f3n, que no identifica a usuarios individuales, para analizar tendencias, administrar el sitio, rastrear los movimientos de los usuarios por el sitio y recopilar informaci\u00f3n demogr\u00e1fica sobre nuestra base de usuarios en su conjunto. PetAg no utilizar\u00e1 la informaci\u00f3n recopilada para comercializar directamente con esa persona. <\/p>\n<p>En algunos de nuestros mensajes de correo electr\u00f3nico utilizamos una \u00abURL de clic\u00bb vinculada a contenidos del sitio web de PetAg. Cuando un cliente hace clic en una de estas URL, pasa por nuestro servidor web antes de llegar a la p\u00e1gina web de destino. Hacemos un seguimiento de estos datos para ayudarnos a determinar el inter\u00e9s en determinados temas y medir la eficacia de nuestras comunicaciones con los clientes. Si prefiere no ser rastreado, simplemente evite hacer clic en los enlaces de texto o gr\u00e1ficos del correo electr\u00f3nico.   <\/p>\n<p><strong>Nuestro compromiso con su privacidad<\/strong><\/p>\n<p>El sitio web de PetAg contiene enlaces a sitios de otras empresas. PetAg no es responsable de sus pr\u00e1cticas de privacidad. Le recomendamos que se informe sobre las pol\u00edticas de privacidad de dichas empresas.  [\/et_pb_text][\/et_pb_column][\/et_pb_row][\/et_pb_section]<\/p>\n","protected":false},"excerpt":{"rendered":"<p><span><span><a href=\"https:\/\/petag.com\/es\/home\/\">Home<\/a><\/span><\/span>Pol\u00edtica de privacidad Su acuerdo con PetAg, Inc. (\u00abPetAg\u00bb): La pol\u00edtica de privacidad de PetAg cubre la recopilaci\u00f3n y el uso de informaci\u00f3n personal que puede ser recogida por PetAg en cualquier momento en que usted interact\u00fae con PetAg, como cuando visita nuestro sitio web, cuando compra productos y servicios de PetAg, o cuando llama [&hellip;]<\/p>\n","protected":false},"author":1,"featured_media":0,"parent":0,"menu_order":0,"comment_status":"closed","ping_status":"open","template":"","meta":{"_et_pb_use_builder":"on","_et_pb_old_content":"","_et_gb_content_width":"","footnotes":""},"class_list":["post-2432","page","type-page","status-publish","hentry"],"yoast_head":"<!-- This site is optimized with the Yoast SEO plugin v27.3 - https:\/\/yoast.com\/product\/yoast-seo-wordpress\/ -->\n<title>Pol\u00edtica de privacidad | PetAg<\/title>\n<meta name=\"robots\" content=\"index, follow, max-snippet:-1, max-image-preview:large, max-video-preview:-1\" \/>\n<link rel=\"canonical\" href=\"https:\/\/petag.com\/es\/privacy-policy\/\" \/>\n<meta property=\"og:locale\" content=\"es_ES\" \/>\n<meta property=\"og:type\" content=\"article\" \/>\n<meta property=\"og:title\" content=\"Pol\u00edtica de privacidad | PetAg\" \/>\n<meta property=\"og:description\" content=\"Pol\u00edtica de privacidad Su acuerdo con PetAg, Inc. (&quot;PetAg&quot;): La pol\u00edtica de privacidad de PetAg cubre la recopilaci\u00f3n y el uso de informaci\u00f3n personal que puede ser recogida por PetAg en cualquier momento en que usted interact\u00fae con PetAg, como cuando visita nuestro sitio web, cuando compra productos y servicios de PetAg, o cuando llama [&hellip;]\" \/>\n<meta property=\"og:url\" content=\"https:\/\/petag.com\/es\/privacy-policy\/\" \/>\n<meta property=\"og:site_name\" content=\"PetAg\" \/>\n<meta property=\"article:publisher\" content=\"https:\/\/www.facebook.com\/petagproducts\/\" \/>\n<meta property=\"article:modified_time\" content=\"2025-07-30T17:23:47+00:00\" \/>\n<meta name=\"twitter:card\" content=\"summary_large_image\" \/>\n<meta name=\"twitter:label1\" content=\"Est. reading time\" \/>\n\t<meta name=\"twitter:data1\" content=\"7 minutos\" \/>\n<script type=\"application\/ld+json\" class=\"yoast-schema-graph\">{\"@context\":\"https:\\\/\\\/schema.org\",\"@graph\":[{\"@type\":\"WebPage\",\"@id\":\"https:\\\/\\\/petag.com\\\/es\\\/privacy-policy\\\/\",\"url\":\"https:\\\/\\\/petag.com\\\/es\\\/privacy-policy\\\/\",\"name\":\"Pol\u00edtica de privacidad | PetAg\",\"isPartOf\":{\"@id\":\"https:\\\/\\\/petag.com\\\/es\\\/#website\"},\"datePublished\":\"2020-04-30T14:38:42+00:00\",\"dateModified\":\"2025-07-30T17:23:47+00:00\",\"breadcrumb\":{\"@id\":\"https:\\\/\\\/petag.com\\\/es\\\/privacy-policy\\\/#breadcrumb\"},\"inLanguage\":\"es\",\"potentialAction\":[{\"@type\":\"ReadAction\",\"target\":[\"https:\\\/\\\/petag.com\\\/es\\\/privacy-policy\\\/\"]}]},{\"@type\":\"BreadcrumbList\",\"@id\":\"https:\\\/\\\/petag.com\\\/es\\\/privacy-policy\\\/#breadcrumb\",\"itemListElement\":[{\"@type\":\"ListItem\",\"position\":1,\"name\":\"Home\",\"item\":\"https:\\\/\\\/petag.com\\\/es\\\/home\\\/\"},{\"@type\":\"ListItem\",\"position\":2,\"name\":\"Pol\u00edtica de privacidad\"}]},{\"@type\":\"WebSite\",\"@id\":\"https:\\\/\\\/petag.com\\\/es\\\/#website\",\"url\":\"https:\\\/\\\/petag.com\\\/es\\\/\",\"name\":\"PetAg\",\"description\":\"Care for animals with newborn nutrition, supplements and grooming solutions\",\"publisher\":{\"@id\":\"https:\\\/\\\/petag.com\\\/es\\\/#organization\"},\"potentialAction\":[{\"@type\":\"SearchAction\",\"target\":{\"@type\":\"EntryPoint\",\"urlTemplate\":\"https:\\\/\\\/petag.com\\\/es\\\/?s={search_term_string}\"},\"query-input\":{\"@type\":\"PropertyValueSpecification\",\"valueRequired\":true,\"valueName\":\"search_term_string\"}}],\"inLanguage\":\"es\"},{\"@type\":\"Organization\",\"@id\":\"https:\\\/\\\/petag.com\\\/es\\\/#organization\",\"name\":\"Pet-Ag, Inc.\",\"url\":\"https:\\\/\\\/petag.com\\\/es\\\/\",\"logo\":{\"@type\":\"ImageObject\",\"inLanguage\":\"es\",\"@id\":\"https:\\\/\\\/petag.com\\\/es\\\/#\\\/schema\\\/logo\\\/image\\\/\",\"url\":\"https:\\\/\\\/petag.com\\\/wp-content\\\/uploads\\\/2025\\\/05\\\/PetAg_Logo_mainnav.png\",\"contentUrl\":\"https:\\\/\\\/petag.com\\\/wp-content\\\/uploads\\\/2025\\\/05\\\/PetAg_Logo_mainnav.png\",\"width\":307,\"height\":236,\"caption\":\"Pet-Ag, Inc.\"},\"image\":{\"@id\":\"https:\\\/\\\/petag.com\\\/es\\\/#\\\/schema\\\/logo\\\/image\\\/\"},\"sameAs\":[\"https:\\\/\\\/www.facebook.com\\\/petagproducts\\\/\",\"https:\\\/\\\/www.instagram.com\\\/petagpetproducts\\\/\",\"https:\\\/\\\/www.linkedin.com\\\/company\\\/petag-inc-\\\/\",\"https:\\\/\\\/www.youtube.com\\\/@PetAgEveryAnimalEveryDay\"]}]}<\/script>\n<!-- \/ Yoast SEO plugin. -->","yoast_head_json":{"title":"Pol\u00edtica de privacidad | PetAg","robots":{"index":"index","follow":"follow","max-snippet":"max-snippet:-1","max-image-preview":"max-image-preview:large","max-video-preview":"max-video-preview:-1"},"canonical":"https:\/\/petag.com\/es\/privacy-policy\/","og_locale":"es_ES","og_type":"article","og_title":"Pol\u00edtica de privacidad | PetAg","og_description":"Pol\u00edtica de privacidad Su acuerdo con PetAg, Inc. (\"PetAg\"): La pol\u00edtica de privacidad de PetAg cubre la recopilaci\u00f3n y el uso de informaci\u00f3n personal que puede ser recogida por PetAg en cualquier momento en que usted interact\u00fae con PetAg, como cuando visita nuestro sitio web, cuando compra productos y servicios de PetAg, o cuando llama [&hellip;]","og_url":"https:\/\/petag.com\/es\/privacy-policy\/","og_site_name":"PetAg","article_publisher":"https:\/\/www.facebook.com\/petagproducts\/","article_modified_time":"2025-07-30T17:23:47+00:00","twitter_card":"summary_large_image","twitter_misc":{"Est. reading time":"7 minutos"},"schema":{"@context":"https:\/\/schema.org","@graph":[{"@type":"WebPage","@id":"https:\/\/petag.com\/es\/privacy-policy\/","url":"https:\/\/petag.com\/es\/privacy-policy\/","name":"Pol\u00edtica de privacidad | PetAg","isPartOf":{"@id":"https:\/\/petag.com\/es\/#website"},"datePublished":"2020-04-30T14:38:42+00:00","dateModified":"2025-07-30T17:23:47+00:00","breadcrumb":{"@id":"https:\/\/petag.com\/es\/privacy-policy\/#breadcrumb"},"inLanguage":"es","potentialAction":[{"@type":"ReadAction","target":["https:\/\/petag.com\/es\/privacy-policy\/"]}]},{"@type":"BreadcrumbList","@id":"https:\/\/petag.com\/es\/privacy-policy\/#breadcrumb","itemListElement":[{"@type":"ListItem","position":1,"name":"Home","item":"https:\/\/petag.com\/es\/home\/"},{"@type":"ListItem","position":2,"name":"Pol\u00edtica de privacidad"}]},{"@type":"WebSite","@id":"https:\/\/petag.com\/es\/#website","url":"https:\/\/petag.com\/es\/","name":"PetAg","description":"Care for animals with newborn nutrition, supplements and grooming solutions","publisher":{"@id":"https:\/\/petag.com\/es\/#organization"},"potentialAction":[{"@type":"SearchAction","target":{"@type":"EntryPoint","urlTemplate":"https:\/\/petag.com\/es\/?s={search_term_string}"},"query-input":{"@type":"PropertyValueSpecification","valueRequired":true,"valueName":"search_term_string"}}],"inLanguage":"es"},{"@type":"Organization","@id":"https:\/\/petag.com\/es\/#organization","name":"Pet-Ag, Inc.","url":"https:\/\/petag.com\/es\/","logo":{"@type":"ImageObject","inLanguage":"es","@id":"https:\/\/petag.com\/es\/#\/schema\/logo\/image\/","url":"https:\/\/petag.com\/wp-content\/uploads\/2025\/05\/PetAg_Logo_mainnav.png","contentUrl":"https:\/\/petag.com\/wp-content\/uploads\/2025\/05\/PetAg_Logo_mainnav.png","width":307,"height":236,"caption":"Pet-Ag, Inc."},"image":{"@id":"https:\/\/petag.com\/es\/#\/schema\/logo\/image\/"},"sameAs":["https:\/\/www.facebook.com\/petagproducts\/","https:\/\/www.instagram.com\/petagpetproducts\/","https:\/\/www.linkedin.com\/company\/petag-inc-\/","https:\/\/www.youtube.com\/@PetAgEveryAnimalEveryDay"]}]}},"_links":{"self":[{"href":"https:\/\/petag.com\/es\/wp-json\/wp\/v2\/pages\/2432","targetHints":{"allow":["GET"]}}],"collection":[{"href":"https:\/\/petag.com\/es\/wp-json\/wp\/v2\/pages"}],"about":[{"href":"https:\/\/petag.com\/es\/wp-json\/wp\/v2\/types\/page"}],"author":[{"embeddable":true,"href":"https:\/\/petag.com\/es\/wp-json\/wp\/v2\/users\/1"}],"replies":[{"embeddable":true,"href":"https:\/\/petag.com\/es\/wp-json\/wp\/v2\/comments?post=2432"}],"version-history":[{"count":0,"href":"https:\/\/petag.com\/es\/wp-json\/wp\/v2\/pages\/2432\/revisions"}],"wp:attachment":[{"href":"https:\/\/petag.com\/es\/wp-json\/wp\/v2\/media?parent=2432"}],"curies":[{"name":"wp","href":"https:\/\/api.w.org\/{rel}","templated":true}]}}