{"id":2431,"date":"2025-06-10T17:45:35","date_gmt":"2025-06-10T17:45:35","guid":{"rendered":"https:\/\/petagstg.wpenginepowered.com\/quienes-somos\/"},"modified":"2025-07-30T17:25:33","modified_gmt":"2025-07-30T17:25:33","slug":"about-us","status":"publish","type":"page","link":"https:\/\/petag.com\/es\/about-us\/","title":{"rendered":"Qui\u00e9nes somos"},"content":{"rendered":"<p>[et_pb_section fb_built=\u00bb1&#8243; _builder_version=\u00bb4.27.4&#8243; _module_preset=\u00bbdefault\u00bb custom_padding=\u00bb15px||15px||true|false\u00bb locked=\u00bboff\u00bb global_colors_info=\u00bb{}\u00bb][et_pb_row _builder_version=\u00bb4.27.4&#8243; _module_preset=\u00bbdefault\u00bb custom_padding=\u00bb5px||5px||true|false\u00bb locked=\u00bboff\u00bb global_colors_info=\u00bb{}\u00bb][et_pb_column type=\u00bb4_4&#8243; _builder_version=\u00bb4.27.4&#8243; _module_preset=\u00bbdefault\u00bb global_colors_info=\u00bb{}\u00bb][et_pb_text _builder_version=\u00bb4.27.4&#8243; _module_preset=\u00bbdefault\u00bb link_text_color=\u00bb#004D86&#8243; link_font_size=\u00bb16px\u00bb global_colors_info=\u00bb{}\u00bb]<\/p>\n<p><span><span><span><a href=\"https:\/\/petag.com\/es\/home\/\">Home<\/a><\/span><\/span><\/span><\/p>\n<p>[\/et_pb_text][\/et_pb_column][\/et_pb_row][et_pb_row _builder_version=\u00bb4.27.4&#8243; _module_preset=\u00bbdefault\u00bb global_colors_info=\u00bb{}\u00bb][et_pb_column type=\u00bb4_4&#8243; _builder_version=\u00bb4.27.4&#8243; _module_preset=\u00bbdefault\u00bb global_colors_info=\u00bb{}\u00bb][et_pb_text module_class=\u00bbfluid-text\u00bb _builder_version=\u00bb4.27.4&#8243; _module_preset=\u00bbdefault\u00bb text_font=\u00bb|600|||||||\u00bb text_text_color=\u00bb#004D86&#8243; text_font_size=\u00bb21px\u00bb ul_font=\u00bb||||||||\u00bb ul_text_color=\u00bb#004D86&#8243; ul_line_height=\u00bb1.7em\u00bb ol_font=\u00bb|&#8211;et_global_body_font_weight|||||||\u00bb header_text_color=\u00bb#0B2E58&#8243; header_3_text_color=\u00bb#004d86&#8243; header_3_font_size=\u00bb36px\u00bb header_4_text_color=\u00bb#004d86&#8243; width_tablet=\u00bb\u00bb width_phone=\u00bb\u00bb width_last_edited=\u00bbon|phone\u00bb hover_enabled=\u00bb0&#8243; locked=\u00bboff\u00bb global_colors_info=\u00bb{}\u00bb sticky_enabled=\u00bb0&#8243;]<\/p>\n<h3>Acerca de PetAg\u00ae, Inc.<\/h3>\n<p>PetAg es un l\u00edder de confianza en la nutrici\u00f3n y el bienestar de las mascotas, que ofrece sustitutos de la leche con respaldo cient\u00edfico, suplementos nutricionales y productos de aseo que apoyan la salud proactiva en todas las etapas de la vida. PetAg, cuya sede se encuentra en Hampshire (Illinois), es propiedad al 100% de sus empleados y lleva ofreciendo una calidad sin concesiones desde 1930. <\/p>\n<p>Con un legado arraigado en la innovaci\u00f3n, que comenz\u00f3 con Esbilac\u00ae, el primer sustituto de la leche para cachorros preparado comercialmente, PetAg es ahora la marca n\u00ba 1 en nutrici\u00f3n de gatitos reci\u00e9n nacidos y cachorros. Nuestra cartera incluye marcas tan apreciadas como KMR\u00ae, Esbilac\u00ae, GME\u00ae, Dyne\u00ae, Cat-Sip\u00ae, Fresh &#8216;n Clean\u00ae y Bene-Bac\u00ae, en las que conf\u00edan generaciones de padres de mascotas y profesionales. <\/p>\n<p>Con el respaldo de m\u00e1s de 83.000 opiniones de cinco estrellas en Internet, PetAg es m\u00e1s que un proveedor de productos: somos un socio en el bienestar de las mascotas. Nuestro prop\u00f3sito es capacitar a los due\u00f1os de mascotas para mejorar proactivamente la vida de sus animales, ayud\u00e1ndoles a disfrutar de m\u00e1s a\u00f1os felices y saludables juntos. Cada producto que fabricamos refleja ese compromiso, combinando ciencia probada, ingredientes \u00fatiles y pasi\u00f3n por las mascotas.  <\/p>\n<p>[\/et_pb_text][\/et_pb_column][\/et_pb_row][\/et_pb_section][et_pb_section fb_built=\u00bb1&#8243; custom_padding_last_edited=\u00bbon|phone\u00bb _builder_version=\u00bb4.27.4&#8243; _module_preset=\u00bbdefault\u00bb custom_padding=\u00bb4vw||3vw||false|false\u00bb custom_padding_tablet=\u00bb4vw||3vw||false|false\u00bb custom_padding_phone=\u00bb100px||100px||true|false\u00bb global_module=\u00bb2341&#8243; saved_tabs=\u00bball\u00bb global_colors_info=\u00bb{}\u00bb][et_pb_row column_structure=\u00bb1_2,1_2&#8243; custom_padding_last_edited=\u00bbon|phone\u00bb _builder_version=\u00bb4.27.4&#8243; _module_preset=\u00bbdefault\u00bb background_color=\u00bb#f4faff\u00bb width_tablet=\u00bb90%\u00bb width_phone=\u00bb\u00bb width_last_edited=\u00bbon|phone\u00bb overflow-x=\u00bbvisible\u00bb overflow-y=\u00bbvisible\u00bb custom_padding=\u00bb4vw|40px|0px|40px|false|true\u00bb custom_padding_tablet=\u00bb4vw|40px|0px|40px|false|true\u00bb custom_padding_phone=\u00bb|40px|0px|40px|false|true\u00bb border_radii=\u00bboff|25px|25px||\u00bb global_colors_info=\u00bb{}\u00bb][et_pb_column type=\u00bb1_2&#8243; _builder_version=\u00bb4.27.4&#8243; _module_preset=\u00bbdefault\u00bb global_colors_info=\u00bb{}\u00bb][et_pb_image src=\u00bbhttps:\/\/petag.com\/wp-content\/uploads\/2025\/06\/joinUs_dog.png\u00bb title_text=\u00bbjoinUs_dog\u00bb align=\u00bbcenter\u00bb disabled_on=\u00bboff|on|on\u00bb _builder_version=\u00bb4.27.4&#8243; _module_preset=\u00bbdefault\u00bb position_origin_a=\u00bbtop_center\u00bb position_origin_a_tablet=\u00bbtop_center\u00bb position_origin_a_phone=\u00bbcenter_center\u00bb position_origin_a_last_edited=\u00bbon|phone\u00bb position_origin_f_tablet=\u00bb\u00bb position_origin_f_phone=\u00bb\u00bb position_origin_f_last_edited=\u00bbon|phone\u00bb position_origin_r_tablet=\u00bb\u00bb position_origin_r_phone=\u00bb\u00bb position_origin_r_last_edited=\u00bbon|phone\u00bb width=\u00bb100%\u00bb width_tablet=\u00bb100%\u00bb width_phone=\u00bb75%\u00bb width_last_edited=\u00bbon|phone\u00bb max_width=\u00bb475px\u00bb positioning_tablet=\u00bb\u00bb positioning_phone=\u00bbabsolute\u00bb positioning_last_edited=\u00bbon|phone\u00bb global_colors_info=\u00bb{}\u00bb][\/et_pb_image][\/et_pb_column][et_pb_column type=\u00bb1_2&#8243; _builder_version=\u00bb4.27.4&#8243; _module_preset=\u00bbdefault\u00bb global_colors_info=\u00bb{}\u00bb][et_pb_text module_class=\u00bbfluid-text\u00bb _builder_version=\u00bb4.27.4&#8243; _module_preset=\u00bbdefault\u00bb text_font=\u00bb|600|||||||\u00bb text_text_color=\u00bb#004D86&#8243; text_font_size=\u00bb21px\u00bb ul_text_color=\u00bb#004D86&#8243; ul_line_height=\u00bb1.7em\u00bb header_text_color=\u00bb#0B2E58&#8243; header_3_text_color=\u00bb#004d86&#8243; header_3_font_size=\u00bb36px\u00bb text_orientation=\u00bbcenter\u00bb custom_padding=\u00bb||80px||false|false\u00bb custom_padding_tablet=\u00bb||80px||false|false\u00bb custom_padding_phone=\u00bb120px||60px||false|false\u00bb custom_padding_last_edited=\u00bbon|phone\u00bb global_colors_info=\u00bb{}\u00bb]<\/p>\n<h3>\u00danase a nosotros<\/h3>\n<p>Visite las redes sociales de PetAg para obtener consejos sobre cuidados, actualizaciones de productos y toda la belleza que pueda imaginar.<\/p>\n<p>[\/et_pb_text][\/et_pb_column][\/et_pb_row][et_pb_row column_structure=\u00bb1_4,1_4,1_4,1_4&#8243; custom_padding_last_edited=\u00bbon|phone\u00bb _builder_version=\u00bb4.27.4&#8243; _module_preset=\u00bbdefault\u00bb background_color=\u00bb#004d86&#8243; overflow-x=\u00bbvisible\u00bb overflow-y=\u00bbvisible\u00bb custom_padding=\u00bb0px|40px|4vw|40px|false|true\u00bb custom_padding_tablet=\u00bb0px|40px|4vw|40px|false|true\u00bb custom_padding_phone=\u00bb15px|15px|4vw|15px|false|true\u00bb border_radii=\u00bboff|||25px|25px\u00bb global_colors_info=\u00bb{}\u00bb][et_pb_column type=\u00bb1_4&#8243; _builder_version=\u00bb4.27.4&#8243; _module_preset=\u00bbdefault\u00bb global_colors_info=\u00bb{}\u00bb][\/et_pb_column][et_pb_column type=\u00bb1_4&#8243; _builder_version=\u00bb4.27.4&#8243; _module_preset=\u00bbdefault\u00bb global_colors_info=\u00bb{}\u00bb][\/et_pb_column][et_pb_column type=\u00bb1_4&#8243; _builder_version=\u00bb4.27.4&#8243; _module_preset=\u00bbdefault\u00bb global_colors_info=\u00bb{}\u00bb custom_css_main_element_last_edited=\u00bbon|phone\u00bb custom_css_main_element_phone=\u00bbwidth:50%!important;\u00bb][et_pb_image src=\u00bbhttps:\/\/petag.com\/wp-content\/uploads\/2025\/06\/icon-IG-blue.png\u00bb title_text=\u00bbicono-IG-azul\u00bb url=\u00bbhttps:\/\/www.instagram.com\/petagpetproducts\/\u00bb url_new_window=\u00bbon\u00bb align=\u00bbcenter\u00bb _builder_version=\u00bb4.27.4&#8243; _module_preset=\u00bbdefault\u00bb positioning=\u00bbabsolute\u00bb position_origin_a=\u00bbtop_center\u00bb vertical_offset=\u00bb-50px\u00bb width=\u00bb100px\u00bb width_tablet=\u00bb100px\u00bb width_phone=\u00bb75px\u00bb width_last_edited=\u00bbon|phone\u00bb global_colors_info=\u00bb{}\u00bb][\/et_pb_image][et_pb_text module_class=\u00bbfluid-text\u00bb _builder_version=\u00bb4.27.4&#8243; _module_preset=\u00bbdefault\u00bb text_text_color=\u00bb#0B2E58&#8243; text_font_size=\u00bb18px\u00bb header_4_text_color=\u00bb#B3D7FF\u00bb header_4_font_size=\u00bb24px\u00bb text_orientation=\u00bbcenter\u00bb module_alignment=\u00bbcenter\u00bb custom_margin=\u00bb||0px||false|false\u00bb custom_padding=\u00bb70px||15px||false|false\u00bb custom_padding_tablet=\u00bb70px||15px||false|false\u00bb custom_padding_phone=\u00bb45px||15px||false|false\u00bb custom_padding_last_edited=\u00bbon|phone\u00bb link_option_url=\u00bbhttps:\/\/www.instagram.com\/petagpetproducts\/\u00bb link_option_url_new_window=\u00bbon\u00bb global_colors_info=\u00bb{}\u00bb]<\/p>\n<h4>@petagpetproductos<\/h4>\n<p>[\/et_pb_text][et_pb_button button_url=\u00bbhttps:\/\/www.instagram.com\/petagpetproducts\/\u00bb url_new_window=\u00bbon\u00bb button_text=\u00bbS\u00edguenos\u00bb button_alignment=\u00bbcenter\u00bb _builder_version=\u00bb4.27.4&#8243; _module_preset=\u00bbdefault\u00bb custom_button=\u00bbon\u00bb button_text_color=\u00bb#F3F3EA\u00bb button_bg_color=\u00bb#FFB136&#8243; button_bg_use_color_gradient=\u00bbon\u00bb button_bg_color_gradient_stops=\u00bb#3069b3 0%|#1a92d0 45%|#1a92d0 100%\u00bb button_border_width=\u00bb4px\u00bb button_border_color=\u00bb#1E7ABF\u00bb button_border_radius=\u00bb50px\u00bb button_font=\u00bb|600|||||||\u00bb button_icon=\u00bb&#x3d;||divi||400&#8243; button_on_hover=\u00bboff\u00bb custom_padding=\u00bb2px||2px||true|false\u00bb button_text_size_tablet=\u00bb\u00bb button_text_size_phone=\u00bb16px\u00bb button_text_size_last_edited=\u00bbon|phone\u00bb locked=\u00bboff\u00bb global_colors_info=\u00bb{}\u00bb][\/et_pb_button][\/et_pb_column][et_pb_column type=\u00bb1_4&#8243; _builder_version=\u00bb4.27.4&#8243; _module_preset=\u00bbdefault\u00bb global_colors_info=\u00bb{}\u00bb custom_css_main_element_last_edited=\u00bbon|phone\u00bb custom_css_main_element_phone=\u00bbwidth:50%!important;\u00bb][et_pb_image src=\u00bbhttps:\/\/petag.com\/wp-content\/uploads\/2025\/06\/icon-FB-blue.png\u00bb title_text=\u00bbicono-FB-azul\u00bb url=\u00bbhttps:\/\/www.facebook.com\/petagproducts\/\u00bb url_new_window=\u00bbon\u00bb align=\u00bbcenter\u00bb _builder_version=\u00bb4.27.4&#8243; _module_preset=\u00bbdefault\u00bb positioning=\u00bbabsolute\u00bb position_origin_a=\u00bbtop_center\u00bb vertical_offset=\u00bb-50px\u00bb width=\u00bb100px\u00bb width_tablet=\u00bb100px\u00bb width_phone=\u00bb75px\u00bb width_last_edited=\u00bbon|phone\u00bb global_colors_info=\u00bb{}\u00bb][\/et_pb_image][et_pb_text module_class=\u00bbfluid-text\u00bb _builder_version=\u00bb4.27.4&#8243; _module_preset=\u00bbdefault\u00bb text_text_color=\u00bb#0B2E58&#8243; text_font_size=\u00bb18px\u00bb header_4_text_color=\u00bb#B3D7FF\u00bb header_4_font_size=\u00bb24px\u00bb text_orientation=\u00bbcenter\u00bb module_alignment=\u00bbcenter\u00bb custom_margin=\u00bb||0px||false|false\u00bb custom_padding=\u00bb70px||15px||false|false\u00bb custom_padding_tablet=\u00bb70px||15px||false|false\u00bb custom_padding_phone=\u00bb45px||15px||false|false\u00bb custom_padding_last_edited=\u00bbon|phone\u00bb link_option_url=\u00bbhttps:\/\/www.facebook.com\/petagproducts\/\u00bb link_option_url_new_window=\u00bbon\u00bb global_colors_info=\u00bb{}\u00bb]<\/p>\n<h4>@petagpetproductos<\/h4>\n<p>[\/et_pb_text][et_pb_button button_url=\u00bbhttps:\/\/www.facebook.com\/petagproducts\/\u00bb url_new_window=\u00bbon\u00bb button_text=\u00bbS\u00edguenos\u00bb button_alignment=\u00bbcenter\u00bb _builder_version=\u00bb4.27.4&#8243; _module_preset=\u00bbdefault\u00bb custom_button=\u00bbon\u00bb button_text_color=\u00bb#F3F3EA\u00bb button_bg_color=\u00bb#FFB136&#8243; button_bg_use_color_gradient=\u00bbon\u00bb button_bg_color_gradient_stops=\u00bb#3069b3 0%|#1a92d0 45%|#1a92d0 100%\u00bb button_border_width=\u00bb4px\u00bb button_border_color=\u00bb#1E7ABF\u00bb button_border_radius=\u00bb50px\u00bb button_font=\u00bb|600|||||||\u00bb button_icon=\u00bb&#x3d;||divi||400&#8243; button_on_hover=\u00bboff\u00bb custom_padding=\u00bb2px||2px||true|false\u00bb button_text_size_tablet=\u00bb\u00bb button_text_size_phone=\u00bb16px\u00bb button_text_size_last_edited=\u00bbon|phone\u00bb locked=\u00bboff\u00bb global_colors_info=\u00bb{}\u00bb][\/et_pb_button][\/et_pb_column][\/et_pb_row][et_pb_row column_structure=\u00bb1_2,1_2&#8243; disabled_on=\u00bbon|on|off\u00bb _builder_version=\u00bb4.27.4&#8243; _module_preset=\u00bbdefault\u00bb positioning=\u00bbabsolute\u00bb position_origin_a=\u00bbcenter_center\u00bb width_tablet=\u00bb90%\u00bb width_phone=\u00bb\u00bb width_last_edited=\u00bbon|phone\u00bb custom_padding=\u00bb|40px|3vw|40px|false|true\u00bb global_colors_info=\u00bb{}\u00bb width__hover_enabled=\u00bboff|desktop\u00bb][et_pb_column type=\u00bb1_2&#8243; _builder_version=\u00bb4.27.4&#8243; _module_preset=\u00bbdefault\u00bb global_colors_info=\u00bb{}\u00bb][et_pb_image src=\u00bbhttps:\/\/petag.com\/wp-content\/uploads\/2025\/06\/joinUs_dog.png\u00bb title_text=\u00bbjoinUs_dog\u00bb align=\u00bbcenter\u00bb _builder_version=\u00bb4.27.4&#8243; _module_preset=\u00bbdefault\u00bb positioning=\u00bbrelative\u00bb position_origin_a=\u00bbcenter_center\u00bb vertical_offset=\u00bb-40px\u00bb width=\u00bb100%\u00bb max_width=\u00bb500px\u00bb custom_padding=\u00bb||30px||false|false\u00bb global_colors_info=\u00bb{}\u00bb][\/et_pb_image][\/et_pb_column][et_pb_column type=\u00bb1_2&#8243; _builder_version=\u00bb4.27.4&#8243; _module_preset=\u00bbdefault\u00bb global_colors_info=\u00bb{}\u00bb][\/et_pb_column][\/et_pb_row][\/et_pb_section]<\/p>\n","protected":false},"excerpt":{"rendered":"<p><span><span><a href=\"https:\/\/petag.com\/es\/home\/\">Home<\/a><\/span><\/span>Acerca de PetAg\u00ae, Inc. PetAg es un l\u00edder de confianza en la nutrici\u00f3n y el bienestar de las mascotas, que ofrece sustitutos de la leche con respaldo cient\u00edfico, suplementos nutricionales y productos de aseo que apoyan la salud proactiva en todas las etapas de la vida. PetAg, cuya sede se encuentra en Hampshire (Illinois), es [&hellip;]<\/p>\n","protected":false},"author":2,"featured_media":0,"parent":0,"menu_order":0,"comment_status":"closed","ping_status":"closed","template":"","meta":{"_et_pb_use_builder":"on","_et_pb_old_content":"","_et_gb_content_width":"","footnotes":""},"class_list":["post-2431","page","type-page","status-publish","hentry"],"yoast_head":"<!-- This site is optimized with the Yoast SEO plugin v27.3 - https:\/\/yoast.com\/product\/yoast-seo-wordpress\/ -->\n<title>Qui\u00e9nes somos | PetAg<\/title>\n<meta name=\"robots\" content=\"index, follow, max-snippet:-1, max-image-preview:large, max-video-preview:-1\" \/>\n<link rel=\"canonical\" href=\"https:\/\/petag.com\/es\/about-us\/\" \/>\n<meta property=\"og:locale\" content=\"es_ES\" \/>\n<meta property=\"og:type\" content=\"article\" \/>\n<meta property=\"og:title\" content=\"Qui\u00e9nes somos | PetAg\" \/>\n<meta property=\"og:description\" content=\"Acerca de PetAg\u00ae, Inc. PetAg es un l\u00edder de confianza en la nutrici\u00f3n y el bienestar de las mascotas, que ofrece sustitutos de la leche con respaldo cient\u00edfico, suplementos nutricionales y productos de aseo que apoyan la salud proactiva en todas las etapas de la vida. PetAg, cuya sede se encuentra en Hampshire (Illinois), es [&hellip;]\" \/>\n<meta property=\"og:url\" content=\"https:\/\/petag.com\/es\/about-us\/\" \/>\n<meta property=\"og:site_name\" content=\"PetAg\" \/>\n<meta property=\"article:publisher\" content=\"https:\/\/www.facebook.com\/petagproducts\/\" \/>\n<meta property=\"article:modified_time\" content=\"2025-07-30T17:25:33+00:00\" \/>\n<meta name=\"twitter:card\" content=\"summary_large_image\" \/>\n<meta name=\"twitter:label1\" content=\"Est. reading time\" \/>\n\t<meta name=\"twitter:data1\" content=\"8 minutos\" \/>\n<script type=\"application\/ld+json\" class=\"yoast-schema-graph\">{\"@context\":\"https:\\\/\\\/schema.org\",\"@graph\":[{\"@type\":\"WebPage\",\"@id\":\"https:\\\/\\\/petag.com\\\/es\\\/about-us\\\/\",\"url\":\"https:\\\/\\\/petag.com\\\/es\\\/about-us\\\/\",\"name\":\"Qui\u00e9nes somos | PetAg\",\"isPartOf\":{\"@id\":\"https:\\\/\\\/petag.com\\\/es\\\/#website\"},\"datePublished\":\"2025-06-10T17:45:35+00:00\",\"dateModified\":\"2025-07-30T17:25:33+00:00\",\"breadcrumb\":{\"@id\":\"https:\\\/\\\/petag.com\\\/es\\\/about-us\\\/#breadcrumb\"},\"inLanguage\":\"es\",\"potentialAction\":[{\"@type\":\"ReadAction\",\"target\":[\"https:\\\/\\\/petag.com\\\/es\\\/about-us\\\/\"]}]},{\"@type\":\"BreadcrumbList\",\"@id\":\"https:\\\/\\\/petag.com\\\/es\\\/about-us\\\/#breadcrumb\",\"itemListElement\":[{\"@type\":\"ListItem\",\"position\":1,\"name\":\"Home\",\"item\":\"https:\\\/\\\/petag.com\\\/es\\\/home\\\/\"},{\"@type\":\"ListItem\",\"position\":2,\"name\":\"Qui\u00e9nes somos\"}]},{\"@type\":\"WebSite\",\"@id\":\"https:\\\/\\\/petag.com\\\/es\\\/#website\",\"url\":\"https:\\\/\\\/petag.com\\\/es\\\/\",\"name\":\"PetAg\",\"description\":\"Care for animals with newborn nutrition, supplements and grooming solutions\",\"publisher\":{\"@id\":\"https:\\\/\\\/petag.com\\\/es\\\/#organization\"},\"potentialAction\":[{\"@type\":\"SearchAction\",\"target\":{\"@type\":\"EntryPoint\",\"urlTemplate\":\"https:\\\/\\\/petag.com\\\/es\\\/?s={search_term_string}\"},\"query-input\":{\"@type\":\"PropertyValueSpecification\",\"valueRequired\":true,\"valueName\":\"search_term_string\"}}],\"inLanguage\":\"es\"},{\"@type\":\"Organization\",\"@id\":\"https:\\\/\\\/petag.com\\\/es\\\/#organization\",\"name\":\"Pet-Ag, Inc.\",\"url\":\"https:\\\/\\\/petag.com\\\/es\\\/\",\"logo\":{\"@type\":\"ImageObject\",\"inLanguage\":\"es\",\"@id\":\"https:\\\/\\\/petag.com\\\/es\\\/#\\\/schema\\\/logo\\\/image\\\/\",\"url\":\"https:\\\/\\\/petag.com\\\/wp-content\\\/uploads\\\/2025\\\/05\\\/PetAg_Logo_mainnav.png\",\"contentUrl\":\"https:\\\/\\\/petag.com\\\/wp-content\\\/uploads\\\/2025\\\/05\\\/PetAg_Logo_mainnav.png\",\"width\":307,\"height\":236,\"caption\":\"Pet-Ag, Inc.\"},\"image\":{\"@id\":\"https:\\\/\\\/petag.com\\\/es\\\/#\\\/schema\\\/logo\\\/image\\\/\"},\"sameAs\":[\"https:\\\/\\\/www.facebook.com\\\/petagproducts\\\/\",\"https:\\\/\\\/www.instagram.com\\\/petagpetproducts\\\/\",\"https:\\\/\\\/www.linkedin.com\\\/company\\\/petag-inc-\\\/\",\"https:\\\/\\\/www.youtube.com\\\/@PetAgEveryAnimalEveryDay\"]}]}<\/script>\n<!-- \/ Yoast SEO plugin. -->","yoast_head_json":{"title":"Qui\u00e9nes somos | PetAg","robots":{"index":"index","follow":"follow","max-snippet":"max-snippet:-1","max-image-preview":"max-image-preview:large","max-video-preview":"max-video-preview:-1"},"canonical":"https:\/\/petag.com\/es\/about-us\/","og_locale":"es_ES","og_type":"article","og_title":"Qui\u00e9nes somos | PetAg","og_description":"Acerca de PetAg\u00ae, Inc. PetAg es un l\u00edder de confianza en la nutrici\u00f3n y el bienestar de las mascotas, que ofrece sustitutos de la leche con respaldo cient\u00edfico, suplementos nutricionales y productos de aseo que apoyan la salud proactiva en todas las etapas de la vida. PetAg, cuya sede se encuentra en Hampshire (Illinois), es [&hellip;]","og_url":"https:\/\/petag.com\/es\/about-us\/","og_site_name":"PetAg","article_publisher":"https:\/\/www.facebook.com\/petagproducts\/","article_modified_time":"2025-07-30T17:25:33+00:00","twitter_card":"summary_large_image","twitter_misc":{"Est. reading time":"8 minutos"},"schema":{"@context":"https:\/\/schema.org","@graph":[{"@type":"WebPage","@id":"https:\/\/petag.com\/es\/about-us\/","url":"https:\/\/petag.com\/es\/about-us\/","name":"Qui\u00e9nes somos | PetAg","isPartOf":{"@id":"https:\/\/petag.com\/es\/#website"},"datePublished":"2025-06-10T17:45:35+00:00","dateModified":"2025-07-30T17:25:33+00:00","breadcrumb":{"@id":"https:\/\/petag.com\/es\/about-us\/#breadcrumb"},"inLanguage":"es","potentialAction":[{"@type":"ReadAction","target":["https:\/\/petag.com\/es\/about-us\/"]}]},{"@type":"BreadcrumbList","@id":"https:\/\/petag.com\/es\/about-us\/#breadcrumb","itemListElement":[{"@type":"ListItem","position":1,"name":"Home","item":"https:\/\/petag.com\/es\/home\/"},{"@type":"ListItem","position":2,"name":"Qui\u00e9nes somos"}]},{"@type":"WebSite","@id":"https:\/\/petag.com\/es\/#website","url":"https:\/\/petag.com\/es\/","name":"PetAg","description":"Care for animals with newborn nutrition, supplements and grooming solutions","publisher":{"@id":"https:\/\/petag.com\/es\/#organization"},"potentialAction":[{"@type":"SearchAction","target":{"@type":"EntryPoint","urlTemplate":"https:\/\/petag.com\/es\/?s={search_term_string}"},"query-input":{"@type":"PropertyValueSpecification","valueRequired":true,"valueName":"search_term_string"}}],"inLanguage":"es"},{"@type":"Organization","@id":"https:\/\/petag.com\/es\/#organization","name":"Pet-Ag, Inc.","url":"https:\/\/petag.com\/es\/","logo":{"@type":"ImageObject","inLanguage":"es","@id":"https:\/\/petag.com\/es\/#\/schema\/logo\/image\/","url":"https:\/\/petag.com\/wp-content\/uploads\/2025\/05\/PetAg_Logo_mainnav.png","contentUrl":"https:\/\/petag.com\/wp-content\/uploads\/2025\/05\/PetAg_Logo_mainnav.png","width":307,"height":236,"caption":"Pet-Ag, Inc."},"image":{"@id":"https:\/\/petag.com\/es\/#\/schema\/logo\/image\/"},"sameAs":["https:\/\/www.facebook.com\/petagproducts\/","https:\/\/www.instagram.com\/petagpetproducts\/","https:\/\/www.linkedin.com\/company\/petag-inc-\/","https:\/\/www.youtube.com\/@PetAgEveryAnimalEveryDay"]}]}},"_links":{"self":[{"href":"https:\/\/petag.com\/es\/wp-json\/wp\/v2\/pages\/2431","targetHints":{"allow":["GET"]}}],"collection":[{"href":"https:\/\/petag.com\/es\/wp-json\/wp\/v2\/pages"}],"about":[{"href":"https:\/\/petag.com\/es\/wp-json\/wp\/v2\/types\/page"}],"author":[{"embeddable":true,"href":"https:\/\/petag.com\/es\/wp-json\/wp\/v2\/users\/2"}],"replies":[{"embeddable":true,"href":"https:\/\/petag.com\/es\/wp-json\/wp\/v2\/comments?post=2431"}],"version-history":[{"count":0,"href":"https:\/\/petag.com\/es\/wp-json\/wp\/v2\/pages\/2431\/revisions"}],"wp:attachment":[{"href":"https:\/\/petag.com\/es\/wp-json\/wp\/v2\/media?parent=2431"}],"curies":[{"name":"wp","href":"https:\/\/api.w.org\/{rel}","templated":true}]}}