{"id":2400,"date":"2025-06-10T17:44:37","date_gmt":"2025-06-10T17:44:37","guid":{"rendered":"https:\/\/petagstg.wpenginepowered.com\/garantia-de-satisfaccion\/"},"modified":"2025-07-30T17:24:57","modified_gmt":"2025-07-30T17:24:57","slug":"satisfaction-guarantee","status":"publish","type":"page","link":"https:\/\/petag.com\/es\/satisfaction-guarantee\/","title":{"rendered":"Garant\u00eda de satisfacci\u00f3n"},"content":{"rendered":"<p>[et_pb_section fb_built=\u00bb1&#8243; _builder_version=\u00bb4.27.4&#8243; _module_preset=\u00bbdefault\u00bb custom_padding=\u00bb15px||15px||true|false\u00bb locked=\u00bboff\u00bb global_colors_info=\u00bb{}\u00bb][et_pb_row _builder_version=\u00bb4.27.4&#8243; _module_preset=\u00bbdefault\u00bb custom_padding=\u00bb5px||5px||true|false\u00bb locked=\u00bboff\u00bb global_colors_info=\u00bb{}\u00bb][et_pb_column type=\u00bb4_4&#8243; _builder_version=\u00bb4.27.4&#8243; _module_preset=\u00bbdefault\u00bb global_colors_info=\u00bb{}\u00bb][et_pb_text _builder_version=\u00bb4.27.4&#8243; _module_preset=\u00bbdefault\u00bb link_text_color=\u00bb#004D86&#8243; link_font_size=\u00bb16px\u00bb global_colors_info=\u00bb{}\u00bb]<\/p>\n<p><span><span><span><a href=\"https:\/\/petag.com\/es\/home\/\">Home<\/a><\/span><\/span><\/span><\/p>\n<p>[\/et_pb_text][\/et_pb_column][\/et_pb_row][et_pb_row _builder_version=\u00bb4.27.4&#8243; _module_preset=\u00bbdefault\u00bb global_colors_info=\u00bb{}\u00bb][et_pb_column type=\u00bb4_4&#8243; _builder_version=\u00bb4.27.4&#8243; _module_preset=\u00bbdefault\u00bb global_colors_info=\u00bb{}\u00bb][et_pb_text module_class=\u00bbfluid-text\u00bb _builder_version=\u00bb4.27.4&#8243; _module_preset=\u00bbdefault\u00bb text_font=\u00bb|600|||||||\u00bb text_text_color=\u00bb#004D86&#8243; text_font_size=\u00bb21px\u00bb ul_font=\u00bb||||||||\u00bb ul_text_color=\u00bb#004D86&#8243; ul_line_height=\u00bb1.7em\u00bb ol_font=\u00bb|&#8211;et_global_body_font_weight|||||||\u00bb header_text_color=\u00bb#0B2E58&#8243; header_3_text_color=\u00bb#004d86&#8243; header_3_font_size=\u00bb36px\u00bb header_4_text_color=\u00bb#004d86&#8243; width_tablet=\u00bb\u00bb width_phone=\u00bb\u00bb width_last_edited=\u00bbon|phone\u00bb locked=\u00bboff\u00bb global_colors_info=\u00bb{}\u00bb]<\/p>\n<h3>El compromiso de calidad de PetAg<\/h3>\n<p>En PetAg comprendemos el profundo v\u00ednculo que existe entre las mascotas y sus padres. Por eso nos dedicamos a proporcionar productos de la m\u00e1s alta calidad para garantizar la salud y la felicidad de sus mascotas. Nuestro compromiso con la excelencia se extiende a todos los aspectos de nuestro proceso de fabricaci\u00f3n, desde la obtenci\u00f3n de los mejores ingredientes hasta el suministro de soluciones fiables y eficaces para las necesidades de su mascota.  <\/p>\n<h4>Compromiso de calidad de PetAg<\/h4>\n<ol>\n<li>Ingredientes de primera calidad: S\u00f3lo utilizamos ingredientes de la m\u00e1s alta calidad en nuestros productos, cuidadosamente seleccionados para priorizar la calidad, la seguridad y el valor nutricional.<\/li>\n<li>Control de calidad: Nuestras instalaciones de fabricaci\u00f3n se adhieren a estrictas medidas de control de calidad para garantizar la seguridad y los valores nutricionales de cada producto a medida que se fabrica.<\/li>\n<li>Innovaci\u00f3n: Invertimos continuamente en investigaci\u00f3n y desarrollo para incorporar los \u00faltimos avances a las f\u00f3rmulas de nuestros productos.<\/li>\n<li>Etiquetado: Creemos en la transparencia y la precisi\u00f3n en el etiquetado, proporcionando a los padres de mascotas informaci\u00f3n completa sobre la nutrici\u00f3n y los ingredientes de nuestros productos e instrucciones claras de preparaci\u00f3n y uso.<\/li>\n<li>Satisfacci\u00f3n del cliente: Su satisfacci\u00f3n es nuestra m\u00e1xima prioridad. Respaldamos la calidad de nuestros productos y ofrecemos atenci\u00f3n al cliente para resolver cualquier duda o pregunta que pueda tener. <\/li>\n<li>Mejora continua: Nos dedicamos a mejorar continuamente nuestros productos y procesos bas\u00e1ndonos en los comentarios de nuestros consumidores, las nuevas investigaciones y los avances en el cuidado de las mascotas.<\/li>\n<\/ol>\n<p><span>Cuando usted elige los productos PetAg puede confiar en que est\u00e1 proporcionando a su mascota el m\u00e1s alto nivel de nutrici\u00f3n y calidad. Estamos orgullosos de ser su socio durante toda la vida de su mascota y nos tomamos muy en serio esa confianza y responsabilidad. La salud, la felicidad y el bienestar de todas las mascotas es nuestro principal objetivo. Gracias por confiar su cuidado a PetAg.   <\/span><\/p>\n<h3>El compromiso de calidad de PetAg<\/h3>\n<p>En PetAg, su felicidad es nuestra prioridad. Cuando usted no est\u00e1 contento con uno de nuestros productos, nosotros no estamos contentos. Por lo tanto, garantizamos la calidad de nuestros productos y su satisfacci\u00f3n. Si por alguna raz\u00f3n no est\u00e1 satisfecho al 100% con uno de nuestros productos, h\u00e1ganoslo saber en los 60 d\u00edas siguientes a la compra para que podamos solucionarlo.   <\/p>\n<p><strong>Esa es la promesa de los productos PetAg.<\/strong><\/p>\n<h4>C\u00f3mo funciona<\/h4>\n<p>Si por cualquier motivo no est\u00e1 satisfecho con un producto PetAg que ha adquirido de uno de nuestros vendedores autorizados, puede solicitar el reembolso o la sustituci\u00f3n del producto directamente al vendedor autorizado que ha adquirido, de acuerdo con su pol\u00edtica de devoluciones. Si la pol\u00edtica de devoluciones del vendedor autorizado difiere de la Garant\u00eda de Satisfacci\u00f3n de la Promesa de Producto PetAg (\u00abGarant\u00eda\u00bb), p\u00f3ngase en contacto con nosotros siguiendo el proceso que se indica a continuaci\u00f3n. <\/p>\n<p>Para enviar una solicitud de Garant\u00eda en l\u00ednea, rellene el siguiente formulario. Tenga en cuenta que deber\u00e1 cargar una fotograf\u00eda del producto o productos PetAg y del recibo o recibos. Debe enviar su solicitud de Garant\u00eda en un plazo de sesenta (60) d\u00edas a partir de la fecha de compra. Dependiendo de la situaci\u00f3n, es posible que nos pongamos en contacto con usted para obtener m\u00e1s informaci\u00f3n y\/o para que devuelva el producto directamente a PetAg.   <\/p>\n<p>Si tiene alguna pregunta sobre la Promesa de Producto PetAg o para obtener informaci\u00f3n adicional sobre el producto, ll\u00e1menos al 1-800-323-0877 o env\u00edenos un correo electr\u00f3nico a<span> <\/span><a href=\"mailto:consumerrelations@petag.com\">consumerrelations@petag.com.<\/a><\/p>\n<h4>Aviso legal<\/h4>\n<p>Tenga en cuenta que, debido a que no podemos controlar la calidad de nuestros productos vendidos por vendedores no autorizados, a menos que la ley proh\u00edba lo contrario, la Garant\u00eda de Satisfacci\u00f3n PetAg Product Promise (\u00abGarant\u00eda\u00bb) no est\u00e1 disponible para productos comprados a vendedores no autorizados, incluidos sitios web de Internet no autorizados y escaparates no autorizados en sitios web de mercados en l\u00ednea. La Garant\u00eda tambi\u00e9n se limita al comprador original, usuario final. <\/p>\n<p>PetAg se reserva el derecho de verificar la informaci\u00f3n, exigir una prueba de compra v\u00e1lida (recibo(s)) y denegar las solicitudes de Garant\u00eda a su discreci\u00f3n en casos de sospecha de fraude o si el consumidor ha abusado de la Garant\u00eda de Satisfacci\u00f3n de 60 d\u00edas de PetAg.<\/p>\n<p>[\/et_pb_text][\/et_pb_column][\/et_pb_row][\/et_pb_section][et_pb_section fb_built=\u00bb1&#8243; custom_padding_last_edited=\u00bbon|phone\u00bb _builder_version=\u00bb4.27.4&#8243; _module_preset=\u00bbdefault\u00bb custom_padding=\u00bb4vw||3vw||false|false\u00bb custom_padding_tablet=\u00bb4vw||3vw||false|false\u00bb custom_padding_phone=\u00bb100px||100px||true|false\u00bb global_module=\u00bb2341&#8243; saved_tabs=\u00bball\u00bb global_colors_info=\u00bb{}\u00bb locked=\u00bboff\u00bb][et_pb_row column_structure=\u00bb1_2,1_2&#8243; custom_padding_last_edited=\u00bbon|phone\u00bb _builder_version=\u00bb4.27.4&#8243; _module_preset=\u00bbdefault\u00bb background_color=\u00bb#f4faff\u00bb width_tablet=\u00bb90%\u00bb width_phone=\u00bb\u00bb width_last_edited=\u00bbon|phone\u00bb overflow-x=\u00bbvisible\u00bb overflow-y=\u00bbvisible\u00bb custom_padding=\u00bb4vw|40px|0px|40px|false|true\u00bb custom_padding_tablet=\u00bb4vw|40px|0px|40px|false|true\u00bb custom_padding_phone=\u00bb|40px|0px|40px|false|true\u00bb border_radii=\u00bboff|25px|25px||\u00bb global_colors_info=\u00bb{}\u00bb][et_pb_column type=\u00bb1_2&#8243; _builder_version=\u00bb4.27.4&#8243; _module_preset=\u00bbdefault\u00bb global_colors_info=\u00bb{}\u00bb][et_pb_image src=\u00bbhttps:\/\/petag.com\/wp-content\/uploads\/2025\/06\/joinUs_dog.png\u00bb title_text=\u00bbjoinUs_dog\u00bb align=\u00bbcenter\u00bb disabled_on=\u00bboff|on|on\u00bb _builder_version=\u00bb4.27.4&#8243; _module_preset=\u00bbdefault\u00bb position_origin_a=\u00bbtop_center\u00bb position_origin_a_tablet=\u00bbtop_center\u00bb position_origin_a_phone=\u00bbcenter_center\u00bb position_origin_a_last_edited=\u00bbon|phone\u00bb position_origin_f_tablet=\u00bb\u00bb position_origin_f_phone=\u00bb\u00bb position_origin_f_last_edited=\u00bbon|phone\u00bb position_origin_r_tablet=\u00bb\u00bb position_origin_r_phone=\u00bb\u00bb position_origin_r_last_edited=\u00bbon|phone\u00bb width=\u00bb100%\u00bb width_tablet=\u00bb100%\u00bb width_phone=\u00bb75%\u00bb width_last_edited=\u00bbon|phone\u00bb max_width=\u00bb475px\u00bb positioning_tablet=\u00bb\u00bb positioning_phone=\u00bbabsolute\u00bb positioning_last_edited=\u00bbon|phone\u00bb global_colors_info=\u00bb{}\u00bb][\/et_pb_image][\/et_pb_column][et_pb_column type=\u00bb1_2&#8243; _builder_version=\u00bb4.27.4&#8243; _module_preset=\u00bbdefault\u00bb global_colors_info=\u00bb{}\u00bb][et_pb_text module_class=\u00bbfluid-text\u00bb _builder_version=\u00bb4.27.4&#8243; _module_preset=\u00bbdefault\u00bb text_font=\u00bb|600|||||||\u00bb text_text_color=\u00bb#004D86&#8243; text_font_size=\u00bb21px\u00bb ul_text_color=\u00bb#004D86&#8243; ul_line_height=\u00bb1.7em\u00bb header_text_color=\u00bb#0B2E58&#8243; header_3_text_color=\u00bb#004d86&#8243; header_3_font_size=\u00bb36px\u00bb text_orientation=\u00bbcenter\u00bb custom_padding=\u00bb||80px||false|false\u00bb custom_padding_tablet=\u00bb||80px||false|false\u00bb custom_padding_phone=\u00bb120px||60px||false|false\u00bb custom_padding_last_edited=\u00bbon|phone\u00bb global_colors_info=\u00bb{}\u00bb]<\/p>\n<h3>\u00danase a nosotros<\/h3>\n<p>Visite las redes sociales de PetAg para obtener consejos sobre cuidados, actualizaciones de productos y toda la belleza que pueda imaginar.<\/p>\n<p>[\/et_pb_text][\/et_pb_column][\/et_pb_row][et_pb_row column_structure=\u00bb1_4,1_4,1_4,1_4&#8243; custom_padding_last_edited=\u00bbon|phone\u00bb _builder_version=\u00bb4.27.4&#8243; _module_preset=\u00bbdefault\u00bb background_color=\u00bb#004d86&#8243; overflow-x=\u00bbvisible\u00bb overflow-y=\u00bbvisible\u00bb custom_padding=\u00bb0px|40px|4vw|40px|false|true\u00bb custom_padding_tablet=\u00bb0px|40px|4vw|40px|false|true\u00bb custom_padding_phone=\u00bb15px|15px|4vw|15px|false|true\u00bb border_radii=\u00bboff|||25px|25px\u00bb global_colors_info=\u00bb{}\u00bb][et_pb_column type=\u00bb1_4&#8243; _builder_version=\u00bb4.27.4&#8243; _module_preset=\u00bbdefault\u00bb global_colors_info=\u00bb{}\u00bb][\/et_pb_column][et_pb_column type=\u00bb1_4&#8243; _builder_version=\u00bb4.27.4&#8243; _module_preset=\u00bbdefault\u00bb global_colors_info=\u00bb{}\u00bb][\/et_pb_column][et_pb_column type=\u00bb1_4&#8243; _builder_version=\u00bb4.27.4&#8243; _module_preset=\u00bbdefault\u00bb global_colors_info=\u00bb{}\u00bb custom_css_main_element_last_edited=\u00bbon|phone\u00bb custom_css_main_element_phone=\u00bbwidth:50%!important;\u00bb][et_pb_image src=\u00bbhttps:\/\/petag.com\/wp-content\/uploads\/2025\/06\/icon-IG-blue.png\u00bb title_text=\u00bbicono-IG-azul\u00bb url=\u00bbhttps:\/\/www.instagram.com\/petagpetproducts\/\u00bb url_new_window=\u00bbon\u00bb align=\u00bbcenter\u00bb _builder_version=\u00bb4.27.4&#8243; _module_preset=\u00bbdefault\u00bb positioning=\u00bbabsolute\u00bb position_origin_a=\u00bbtop_center\u00bb vertical_offset=\u00bb-50px\u00bb width=\u00bb100px\u00bb width_tablet=\u00bb100px\u00bb width_phone=\u00bb75px\u00bb width_last_edited=\u00bbon|phone\u00bb global_colors_info=\u00bb{}\u00bb][\/et_pb_image][et_pb_text module_class=\u00bbfluid-text\u00bb _builder_version=\u00bb4.27.4&#8243; _module_preset=\u00bbdefault\u00bb text_text_color=\u00bb#0B2E58&#8243; text_font_size=\u00bb18px\u00bb header_4_text_color=\u00bb#B3D7FF\u00bb header_4_font_size=\u00bb24px\u00bb text_orientation=\u00bbcenter\u00bb module_alignment=\u00bbcenter\u00bb custom_margin=\u00bb||0px||false|false\u00bb custom_padding=\u00bb70px||15px||false|false\u00bb custom_padding_tablet=\u00bb70px||15px||false|false\u00bb custom_padding_phone=\u00bb45px||15px||false|false\u00bb custom_padding_last_edited=\u00bbon|phone\u00bb link_option_url=\u00bbhttps:\/\/www.instagram.com\/petagpetproducts\/\u00bb link_option_url_new_window=\u00bbon\u00bb global_colors_info=\u00bb{}\u00bb]<\/p>\n<h4>@petagpetproductos<\/h4>\n<p>[\/et_pb_text][et_pb_button button_url=\u00bbhttps:\/\/www.instagram.com\/petagpetproducts\/\u00bb url_new_window=\u00bbon\u00bb button_text=\u00bbS\u00edguenos\u00bb button_alignment=\u00bbcenter\u00bb _builder_version=\u00bb4.27.4&#8243; _module_preset=\u00bbdefault\u00bb custom_button=\u00bbon\u00bb button_text_color=\u00bb#F3F3EA\u00bb button_bg_color=\u00bb#FFB136&#8243; button_bg_use_color_gradient=\u00bbon\u00bb button_bg_color_gradient_stops=\u00bb#3069b3 0%|#1a92d0 45%|#1a92d0 100%\u00bb button_border_width=\u00bb4px\u00bb button_border_color=\u00bb#1E7ABF\u00bb button_border_radius=\u00bb50px\u00bb button_font=\u00bb|600|||||||\u00bb button_icon=\u00bb&#x3d;||divi||400&#8243; button_on_hover=\u00bboff\u00bb custom_padding=\u00bb2px||2px||true|false\u00bb button_text_size_tablet=\u00bb\u00bb button_text_size_phone=\u00bb16px\u00bb button_text_size_last_edited=\u00bbon|phone\u00bb locked=\u00bboff\u00bb global_colors_info=\u00bb{}\u00bb][\/et_pb_button][\/et_pb_column][et_pb_column type=\u00bb1_4&#8243; _builder_version=\u00bb4.27.4&#8243; _module_preset=\u00bbdefault\u00bb global_colors_info=\u00bb{}\u00bb custom_css_main_element_last_edited=\u00bbon|phone\u00bb custom_css_main_element_phone=\u00bbwidth:50%!important;\u00bb][et_pb_image src=\u00bbhttps:\/\/petag.com\/wp-content\/uploads\/2025\/06\/icon-FB-blue.png\u00bb title_text=\u00bbicono-FB-azul\u00bb url=\u00bbhttps:\/\/www.facebook.com\/petagproducts\/\u00bb url_new_window=\u00bbon\u00bb align=\u00bbcenter\u00bb _builder_version=\u00bb4.27.4&#8243; _module_preset=\u00bbdefault\u00bb positioning=\u00bbabsolute\u00bb position_origin_a=\u00bbtop_center\u00bb vertical_offset=\u00bb-50px\u00bb width=\u00bb100px\u00bb width_tablet=\u00bb100px\u00bb width_phone=\u00bb75px\u00bb width_last_edited=\u00bbon|phone\u00bb global_colors_info=\u00bb{}\u00bb][\/et_pb_image][et_pb_text module_class=\u00bbfluid-text\u00bb _builder_version=\u00bb4.27.4&#8243; _module_preset=\u00bbdefault\u00bb text_text_color=\u00bb#0B2E58&#8243; text_font_size=\u00bb18px\u00bb header_4_text_color=\u00bb#B3D7FF\u00bb header_4_font_size=\u00bb24px\u00bb text_orientation=\u00bbcenter\u00bb module_alignment=\u00bbcenter\u00bb custom_margin=\u00bb||0px||false|false\u00bb custom_padding=\u00bb70px||15px||false|false\u00bb custom_padding_tablet=\u00bb70px||15px||false|false\u00bb custom_padding_phone=\u00bb45px||15px||false|false\u00bb custom_padding_last_edited=\u00bbon|phone\u00bb link_option_url=\u00bbhttps:\/\/www.facebook.com\/petagproducts\/\u00bb link_option_url_new_window=\u00bbon\u00bb global_colors_info=\u00bb{}\u00bb]<\/p>\n<h4>@petagpetproductos<\/h4>\n<p>[\/et_pb_text][et_pb_button button_url=\u00bbhttps:\/\/www.facebook.com\/petagproducts\/\u00bb url_new_window=\u00bbon\u00bb button_text=\u00bbS\u00edguenos\u00bb button_alignment=\u00bbcenter\u00bb _builder_version=\u00bb4.27.4&#8243; _module_preset=\u00bbdefault\u00bb custom_button=\u00bbon\u00bb button_text_color=\u00bb#F3F3EA\u00bb button_bg_color=\u00bb#FFB136&#8243; button_bg_use_color_gradient=\u00bbon\u00bb button_bg_color_gradient_stops=\u00bb#3069b3 0%|#1a92d0 45%|#1a92d0 100%\u00bb button_border_width=\u00bb4px\u00bb button_border_color=\u00bb#1E7ABF\u00bb button_border_radius=\u00bb50px\u00bb button_font=\u00bb|600|||||||\u00bb button_icon=\u00bb&#x3d;||divi||400&#8243; button_on_hover=\u00bboff\u00bb custom_padding=\u00bb2px||2px||true|false\u00bb button_text_size_tablet=\u00bb\u00bb button_text_size_phone=\u00bb16px\u00bb button_text_size_last_edited=\u00bbon|phone\u00bb locked=\u00bboff\u00bb global_colors_info=\u00bb{}\u00bb][\/et_pb_button][\/et_pb_column][\/et_pb_row][et_pb_row column_structure=\u00bb1_2,1_2&#8243; disabled_on=\u00bbon|on|off\u00bb _builder_version=\u00bb4.27.4&#8243; _module_preset=\u00bbdefault\u00bb positioning=\u00bbabsolute\u00bb position_origin_a=\u00bbcenter_center\u00bb width_tablet=\u00bb90%\u00bb width_phone=\u00bb\u00bb width_last_edited=\u00bbon|phone\u00bb custom_padding=\u00bb|40px|3vw|40px|false|true\u00bb global_colors_info=\u00bb{}\u00bb width__hover_enabled=\u00bboff|desktop\u00bb][et_pb_column type=\u00bb1_2&#8243; _builder_version=\u00bb4.27.4&#8243; _module_preset=\u00bbdefault\u00bb global_colors_info=\u00bb{}\u00bb][et_pb_image src=\u00bbhttps:\/\/petag.com\/wp-content\/uploads\/2025\/06\/joinUs_dog.png\u00bb title_text=\u00bbjoinUs_dog\u00bb align=\u00bbcenter\u00bb _builder_version=\u00bb4.27.4&#8243; _module_preset=\u00bbdefault\u00bb positioning=\u00bbrelative\u00bb position_origin_a=\u00bbcenter_center\u00bb vertical_offset=\u00bb-40px\u00bb width=\u00bb100%\u00bb max_width=\u00bb500px\u00bb custom_padding=\u00bb||30px||false|false\u00bb global_colors_info=\u00bb{}\u00bb][\/et_pb_image][\/et_pb_column][et_pb_column type=\u00bb1_2&#8243; _builder_version=\u00bb4.27.4&#8243; _module_preset=\u00bbdefault\u00bb global_colors_info=\u00bb{}\u00bb][\/et_pb_column][\/et_pb_row][\/et_pb_section]<\/p>\n","protected":false},"excerpt":{"rendered":"<p><span><span><a href=\"https:\/\/petag.com\/es\/home\/\">Home<\/a><\/span><\/span>El compromiso de calidad de PetAg En PetAg comprendemos el profundo v\u00ednculo que existe entre las mascotas y sus padres. Por eso nos dedicamos a proporcionar productos de la m\u00e1s alta calidad para garantizar la salud y la felicidad de sus mascotas. Nuestro compromiso con la excelencia se extiende a todos los aspectos de nuestro [&hellip;]<\/p>\n","protected":false},"author":2,"featured_media":0,"parent":0,"menu_order":0,"comment_status":"closed","ping_status":"closed","template":"","meta":{"_et_pb_use_builder":"on","_et_pb_old_content":"","_et_gb_content_width":"","footnotes":""},"class_list":["post-2400","page","type-page","status-publish","hentry"],"yoast_head":"<!-- This site is optimized with the Yoast SEO plugin v27.4 - https:\/\/yoast.com\/product\/yoast-seo-wordpress\/ -->\n<title>Garant\u00eda de satisfacci\u00f3n | PetAg<\/title>\n<meta name=\"robots\" content=\"index, follow, max-snippet:-1, max-image-preview:large, max-video-preview:-1\" \/>\n<link rel=\"canonical\" href=\"https:\/\/petag.com\/es\/satisfaction-guarantee\/\" \/>\n<meta property=\"og:locale\" content=\"es_ES\" \/>\n<meta property=\"og:type\" content=\"article\" \/>\n<meta property=\"og:title\" content=\"Garant\u00eda de satisfacci\u00f3n | PetAg\" \/>\n<meta property=\"og:description\" content=\"El compromiso de calidad de PetAg En PetAg comprendemos el profundo v\u00ednculo que existe entre las mascotas y sus padres. Por eso nos dedicamos a proporcionar productos de la m\u00e1s alta calidad para garantizar la salud y la felicidad de sus mascotas. Nuestro compromiso con la excelencia se extiende a todos los aspectos de nuestro [&hellip;]\" \/>\n<meta property=\"og:url\" content=\"https:\/\/petag.com\/es\/satisfaction-guarantee\/\" \/>\n<meta property=\"og:site_name\" content=\"PetAg\" \/>\n<meta property=\"article:publisher\" content=\"https:\/\/www.facebook.com\/petagproducts\/\" \/>\n<meta property=\"article:modified_time\" content=\"2025-07-30T17:24:57+00:00\" \/>\n<meta name=\"twitter:card\" content=\"summary_large_image\" \/>\n<meta name=\"twitter:label1\" content=\"Est. reading time\" \/>\n\t<meta name=\"twitter:data1\" content=\"11 minutos\" \/>\n<script type=\"application\/ld+json\" class=\"yoast-schema-graph\">{\"@context\":\"https:\\\/\\\/schema.org\",\"@graph\":[{\"@type\":\"WebPage\",\"@id\":\"https:\\\/\\\/petag.com\\\/es\\\/satisfaction-guarantee\\\/\",\"url\":\"https:\\\/\\\/petag.com\\\/es\\\/satisfaction-guarantee\\\/\",\"name\":\"Garant\u00eda de satisfacci\u00f3n | PetAg\",\"isPartOf\":{\"@id\":\"https:\\\/\\\/petag.com\\\/es\\\/#website\"},\"datePublished\":\"2025-06-10T17:44:37+00:00\",\"dateModified\":\"2025-07-30T17:24:57+00:00\",\"breadcrumb\":{\"@id\":\"https:\\\/\\\/petag.com\\\/es\\\/satisfaction-guarantee\\\/#breadcrumb\"},\"inLanguage\":\"es\",\"potentialAction\":[{\"@type\":\"ReadAction\",\"target\":[\"https:\\\/\\\/petag.com\\\/es\\\/satisfaction-guarantee\\\/\"]}]},{\"@type\":\"BreadcrumbList\",\"@id\":\"https:\\\/\\\/petag.com\\\/es\\\/satisfaction-guarantee\\\/#breadcrumb\",\"itemListElement\":[{\"@type\":\"ListItem\",\"position\":1,\"name\":\"Home\",\"item\":\"https:\\\/\\\/petag.com\\\/es\\\/home\\\/\"},{\"@type\":\"ListItem\",\"position\":2,\"name\":\"Garant\u00eda de satisfacci\u00f3n\"}]},{\"@type\":\"WebSite\",\"@id\":\"https:\\\/\\\/petag.com\\\/es\\\/#website\",\"url\":\"https:\\\/\\\/petag.com\\\/es\\\/\",\"name\":\"PetAg\",\"description\":\"Care for animals with newborn nutrition, supplements and grooming solutions\",\"publisher\":{\"@id\":\"https:\\\/\\\/petag.com\\\/es\\\/#organization\"},\"potentialAction\":[{\"@type\":\"SearchAction\",\"target\":{\"@type\":\"EntryPoint\",\"urlTemplate\":\"https:\\\/\\\/petag.com\\\/es\\\/?s={search_term_string}\"},\"query-input\":{\"@type\":\"PropertyValueSpecification\",\"valueRequired\":true,\"valueName\":\"search_term_string\"}}],\"inLanguage\":\"es\"},{\"@type\":\"Organization\",\"@id\":\"https:\\\/\\\/petag.com\\\/es\\\/#organization\",\"name\":\"Pet-Ag, Inc.\",\"url\":\"https:\\\/\\\/petag.com\\\/es\\\/\",\"logo\":{\"@type\":\"ImageObject\",\"inLanguage\":\"es\",\"@id\":\"https:\\\/\\\/petag.com\\\/es\\\/#\\\/schema\\\/logo\\\/image\\\/\",\"url\":\"https:\\\/\\\/petag.com\\\/wp-content\\\/uploads\\\/2025\\\/05\\\/PetAg_Logo_mainnav.png\",\"contentUrl\":\"https:\\\/\\\/petag.com\\\/wp-content\\\/uploads\\\/2025\\\/05\\\/PetAg_Logo_mainnav.png\",\"width\":307,\"height\":236,\"caption\":\"Pet-Ag, Inc.\"},\"image\":{\"@id\":\"https:\\\/\\\/petag.com\\\/es\\\/#\\\/schema\\\/logo\\\/image\\\/\"},\"sameAs\":[\"https:\\\/\\\/www.facebook.com\\\/petagproducts\\\/\",\"https:\\\/\\\/www.instagram.com\\\/petagpetproducts\\\/\",\"https:\\\/\\\/www.linkedin.com\\\/company\\\/petag-inc-\\\/\",\"https:\\\/\\\/www.youtube.com\\\/@PetAgEveryAnimalEveryDay\"]}]}<\/script>\n<!-- \/ Yoast SEO plugin. -->","yoast_head_json":{"title":"Garant\u00eda de satisfacci\u00f3n | PetAg","robots":{"index":"index","follow":"follow","max-snippet":"max-snippet:-1","max-image-preview":"max-image-preview:large","max-video-preview":"max-video-preview:-1"},"canonical":"https:\/\/petag.com\/es\/satisfaction-guarantee\/","og_locale":"es_ES","og_type":"article","og_title":"Garant\u00eda de satisfacci\u00f3n | PetAg","og_description":"El compromiso de calidad de PetAg En PetAg comprendemos el profundo v\u00ednculo que existe entre las mascotas y sus padres. Por eso nos dedicamos a proporcionar productos de la m\u00e1s alta calidad para garantizar la salud y la felicidad de sus mascotas. Nuestro compromiso con la excelencia se extiende a todos los aspectos de nuestro [&hellip;]","og_url":"https:\/\/petag.com\/es\/satisfaction-guarantee\/","og_site_name":"PetAg","article_publisher":"https:\/\/www.facebook.com\/petagproducts\/","article_modified_time":"2025-07-30T17:24:57+00:00","twitter_card":"summary_large_image","twitter_misc":{"Est. reading time":"11 minutos"},"schema":{"@context":"https:\/\/schema.org","@graph":[{"@type":"WebPage","@id":"https:\/\/petag.com\/es\/satisfaction-guarantee\/","url":"https:\/\/petag.com\/es\/satisfaction-guarantee\/","name":"Garant\u00eda de satisfacci\u00f3n | PetAg","isPartOf":{"@id":"https:\/\/petag.com\/es\/#website"},"datePublished":"2025-06-10T17:44:37+00:00","dateModified":"2025-07-30T17:24:57+00:00","breadcrumb":{"@id":"https:\/\/petag.com\/es\/satisfaction-guarantee\/#breadcrumb"},"inLanguage":"es","potentialAction":[{"@type":"ReadAction","target":["https:\/\/petag.com\/es\/satisfaction-guarantee\/"]}]},{"@type":"BreadcrumbList","@id":"https:\/\/petag.com\/es\/satisfaction-guarantee\/#breadcrumb","itemListElement":[{"@type":"ListItem","position":1,"name":"Home","item":"https:\/\/petag.com\/es\/home\/"},{"@type":"ListItem","position":2,"name":"Garant\u00eda de satisfacci\u00f3n"}]},{"@type":"WebSite","@id":"https:\/\/petag.com\/es\/#website","url":"https:\/\/petag.com\/es\/","name":"PetAg","description":"Care for animals with newborn nutrition, supplements and grooming solutions","publisher":{"@id":"https:\/\/petag.com\/es\/#organization"},"potentialAction":[{"@type":"SearchAction","target":{"@type":"EntryPoint","urlTemplate":"https:\/\/petag.com\/es\/?s={search_term_string}"},"query-input":{"@type":"PropertyValueSpecification","valueRequired":true,"valueName":"search_term_string"}}],"inLanguage":"es"},{"@type":"Organization","@id":"https:\/\/petag.com\/es\/#organization","name":"Pet-Ag, Inc.","url":"https:\/\/petag.com\/es\/","logo":{"@type":"ImageObject","inLanguage":"es","@id":"https:\/\/petag.com\/es\/#\/schema\/logo\/image\/","url":"https:\/\/petag.com\/wp-content\/uploads\/2025\/05\/PetAg_Logo_mainnav.png","contentUrl":"https:\/\/petag.com\/wp-content\/uploads\/2025\/05\/PetAg_Logo_mainnav.png","width":307,"height":236,"caption":"Pet-Ag, Inc."},"image":{"@id":"https:\/\/petag.com\/es\/#\/schema\/logo\/image\/"},"sameAs":["https:\/\/www.facebook.com\/petagproducts\/","https:\/\/www.instagram.com\/petagpetproducts\/","https:\/\/www.linkedin.com\/company\/petag-inc-\/","https:\/\/www.youtube.com\/@PetAgEveryAnimalEveryDay"]}]}},"_links":{"self":[{"href":"https:\/\/petag.com\/es\/wp-json\/wp\/v2\/pages\/2400","targetHints":{"allow":["GET"]}}],"collection":[{"href":"https:\/\/petag.com\/es\/wp-json\/wp\/v2\/pages"}],"about":[{"href":"https:\/\/petag.com\/es\/wp-json\/wp\/v2\/types\/page"}],"author":[{"embeddable":true,"href":"https:\/\/petag.com\/es\/wp-json\/wp\/v2\/users\/2"}],"replies":[{"embeddable":true,"href":"https:\/\/petag.com\/es\/wp-json\/wp\/v2\/comments?post=2400"}],"version-history":[{"count":0,"href":"https:\/\/petag.com\/es\/wp-json\/wp\/v2\/pages\/2400\/revisions"}],"wp:attachment":[{"href":"https:\/\/petag.com\/es\/wp-json\/wp\/v2\/media?parent=2400"}],"curies":[{"name":"wp","href":"https:\/\/api.w.org\/{rel}","templated":true}]}}